{"id":25612,"date":"2023-10-30T15:42:07","date_gmt":"2023-10-30T15:42:07","guid":{"rendered":"https:\/\/dex.ag\/incelemeleri-nasil-gerceklestiriyoruz\/"},"modified":"2025-01-25T17:04:48","modified_gmt":"2025-01-25T17:04:48","slug":"how-we-conduct-reviews","status":"publish","type":"page","link":"https:\/\/dex.ag\/tr\/how-we-conduct-reviews\/","title":{"rendered":"\u0130ncelemeleri Nas\u0131l Ger\u00e7ekle\u015ftiriyoruz?"},"content":{"rendered":"<?xml encoding=\"UTF-8\"><div class=\"gb-container gb-container-fdbd6300\"><div class=\"gb-inside-container\">\n<div class=\"gb-grid-wrapper gb-grid-wrapper-126af6dc\">\n<div class=\"gb-grid-column gb-grid-column-c1544595\"><div class=\"gb-container gb-container-c1544595\"><div class=\"gb-inside-container\">\n\n<h2 class=\"gb-headline gb-headline-b526b385\"><span class=\"gb-icon\"><svg xmlns=\"http:\/\/www.w3.org\/2000\/svg\" viewbox=\"0 0 80 42\" data-name=\"subtract\"><path d=\"M0 20.06h80v1.87H0z\"><\/path><\/svg><\/span><span class=\"gb-headline-text\">&#304;ncelemeleri Nas&#305;l Ger&ccedil;ekle&#351;tiriyoruz?<\/span><\/h2>\n\n\n\n<h2 class=\"gb-headline gb-headline-a14ed650 gb-headline-text\">&#304;ncelemeleri Nas&#305;l Ger&ccedil;ekle&#351;tiriyoruz?<\/h2>\n\n\n\n<p>Okuyucular&#305;m&#305;za do&#287;ru ve g&uuml;ncel bilgiler sunmay&#305; ama&ccedil;layarak inceleme s&uuml;recimizi ciddiye al&#305;yoruz. G&uuml;venilirli&#287;i sa&#287;lamak i&ccedil;in titiz bir prosed&uuml;r izliyoruz.<\/p>\n\n<\/div><\/div><\/div>\n\n<div class=\"gb-grid-column gb-grid-column-b910f0a6\"><div class=\"gb-container gb-container-b910f0a6\"><div class=\"gb-inside-container\">\n\n<figure class=\"gb-block-image gb-block-image-c1bc7d63\"><img loading=\"lazy\" decoding=\"async\" width=\"514\" height=\"372\" class=\"gb-image gb-image-c1bc7d63\" src=\"https:\/\/dex.ag\/wp-content\/uploads\/2023\/10\/hero-blog-1.png\" alt=\"\" title=\"kahraman blogu (1)\" srcset=\"https:\/\/dex.ag\/wp-content\/uploads\/2023\/10\/hero-blog-1.png 514w, https:\/\/dex.ag\/wp-content\/uploads\/2023\/10\/hero-blog-1-300x217.png 300w\" sizes=\"auto, (max-width: 514px) 100vw, 514px\"><\/figure>\n\n<\/div><\/div><\/div>\n<\/div>\n<\/div><div class=\"gb-shapes\"><div class=\"gb-shape gb-shape-1\"><svg xmlns=\"http:\/\/www.w3.org\/2000\/svg\" viewbox=\"0 0 1200 230.8\" preserveaspectratio=\"none\"><path d=\"M1200 179.5l-22.2-26.7c-22.2-26.7-66.9-80-111.1-75.6-44.4 4.8-89.2 66.4-133.3 102.2-44.4 35.8-89.2 44.2-133.3 8.9-44.4-35.6-89.2-115.6-133.3-155.6-44.4-40-89.2-40-133.3-17.8C488.9 37 444.2 82 400 81.7c-44.4.2-89.2-44.8-133.3-57.8-44.4-13.6-89.2 4.8-133.3 26.7-44.5 22.2-89.2 48.9-110.9 62.2L0 126.1v104.7H1199.7l.3-51.3z\"><\/path><\/svg><\/div><\/div><\/div><div class=\"gb-container gb-container-91b231bf\"><div class=\"gb-inside-container\">\n<div class=\"gb-grid-wrapper gb-grid-wrapper-409ddfb8\">\n<div class=\"gb-grid-column gb-grid-column-a955004c\"><div class=\"gb-container gb-container-a955004c\"><div class=\"gb-inside-container\">\n\n<h2 class=\"gb-headline gb-headline-ce5f21f5 gb-headline-text\">&#304;nceleme S&uuml;reci<\/h2>\n\n\n\n<p>DEX incelemeleri, &uuml;r&uuml;n iddialar&#305;, itibar ve kullan&#305;c&#305; raporlar&#305;n&#305;n analizini i&ccedil;eren kapsaml&#305; bir ara&#351;t&#305;rmayla ba&#351;lar. Bu, platformun &ouml;zelliklerine, i&#351;levlerine ve yararlar&#305;na derinlemesine bir bak&#305;&#351;&#305; i&ccedil;erir; ayr&#305;ca platformun itibar&#305; ve kullan&#305;c&#305; geri bildirimleri de incelenir. Kullan&#305;c&#305;lar&#305;n payla&#351;t&#305;&#287;&#305; deneyim ve g&ouml;r&uuml;&#351;leri analiz ederek detayl&#305; ve kesin bir de&#287;erlendirme sunmay&#305; hedefliyoruz.<\/p>\n\n<\/div><\/div><\/div>\n\n<div class=\"gb-grid-column gb-grid-column-31111a3b\"><div class=\"gb-container gb-container-31111a3b\"><div class=\"gb-inside-container\">\n\n<h2 class=\"gb-headline gb-headline-b5ad5374 gb-headline-text\">Ara&#351;t&#305;rma<\/h2>\n\n\n\n<p>DEX ara&#351;t&#305;rmas&#305;, platformun performans&#305;n&#305; anlamak i&ccedil;in &uuml;r&uuml;n iddialar&#305;n&#305;, itibar&#305;n&#305; ve &ccedil;evrimi&ccedil;i kullan&#305;c&#305; raporlar&#305;n&#305; analiz etmeyi i&ccedil;erir. B&uuml;t&uuml;nsel bir de&#287;erlendirme sa&#287;lamak i&ccedil;in &ccedil;e&#351;itli kaynaklardan veri toplamaya &ouml;nem veriyoruz. Platformun sunduklar&#305;n&#305; anlamak i&ccedil;in &uuml;r&uuml;n iddialar&#305;n&#305; de&#287;erlendiriyoruz; itibar ve kullan&#305;c&#305; raporlar&#305; ise g&uuml;venilirli&#287;in ve kullan&#305;labilirli&#287;in olu&#351;turulmas&#305;na yard&#305;mc&#305; oluyor.<\/p>\n\n<\/div><\/div><\/div>\n<\/div>\n\n\n<h2 class=\"gb-headline gb-headline-a4c83453 gb-headline-text\">Test yapmak<\/h2>\n\n\n<div class=\"gb-grid-wrapper gb-grid-wrapper-e845a2b2\">\n<div class=\"gb-grid-column gb-grid-column-00402c3f\"><div class=\"gb-container gb-container-00402c3f\"><div class=\"gb-inside-container\">\n\n<p>De&#287;erlendirmemize devam ederek platformun i&#351;levselli&#287;ini s&#305;k&#305; bir metodoloji kullanarak aktif olarak test ediyoruz. Bu, kay&#305;t s&uuml;recini, fonlama se&ccedil;eneklerini, mevcut varl&#305;klar&#305;, al&#305;m sat&#305;m &ouml;zelliklerini ve &uuml;cretleri de&#287;erlendirmeyi i&ccedil;erir. DEX amac&#305; platformun performans&#305;na ili&#351;kin kesin ve analitik i&ccedil;g&ouml;r&uuml;ler sa&#287;lamakt&#305;r.<\/p>\n\n<\/div><\/div><\/div>\n\n<div class=\"gb-grid-column gb-grid-column-9db5e0cb\"><div class=\"gb-container gb-container-9db5e0cb\"><div class=\"gb-inside-container\">\n\n<figure class=\"wp-block-image size-full\"><img loading=\"lazy\" decoding=\"async\" width=\"748\" height=\"191\" src=\"https:\/\/dex.ag\/wp-content\/uploads\/2023\/05\/dex_logo.png\" alt=\"\" class=\"wp-image-6262\" title=\"\" srcset=\"https:\/\/dex.ag\/wp-content\/uploads\/2023\/05\/dex_logo.png 748w, https:\/\/dex.ag\/wp-content\/uploads\/2023\/05\/dex_logo-300x77.png 300w\" sizes=\"auto, (max-width: 748px) 100vw, 748px\" \/><\/figure>\n\n<\/div><\/div><\/div>\n<\/div>\n\n\n<h2 class=\"gb-headline gb-headline-fda5482c gb-headline-text\">yaz&#305;<\/h2>\n\n\n<div class=\"gb-grid-wrapper gb-grid-wrapper-6832cbc4\">\n<div class=\"gb-grid-column gb-grid-column-271f76e1\"><div class=\"gb-container gb-container-271f76e1\"><div class=\"gb-inside-container\">\n\n<p>Kapsaml&#305; raporlar&#305;m&#305;z ki&#351;isel deneyimlere ve kapsaml&#305; ara&#351;t&#305;rmalara dayanmaktad&#305;r. De&#287;erlendirmelerimizde do&#287;ruluk ve eksiksizli&#287;in sa&#287;lanmas&#305;nda yazman&#305;n &ouml;nemli bir rol&uuml; vard&#305;r. DEX test s&#305;ras&#305;nda toplanan bilgileri analiz eder ve raporlar&#305;m&#305;zda &ouml;zl&uuml; ve anla&#351;&#305;l&#305;r bir &#351;ekilde sunar.<\/p>\n\n\n\n<h2 class=\"gb-headline gb-headline-5a87a002 gb-headline-text\">D&uuml;zenleme<\/h2>\n\n\n\n<p>D&uuml;zenleme s&uuml;reci s&#305;ras&#305;nda do&#287;rulu&#287;u ve okunabilirli&#287;i art&#305;rmak i&ccedil;in i&#351;birli&#287;i yap&#305;yoruz. Ayr&#305;nt&#305;lar&#305; titizlikle kontrol ediyoruz, bulgular&#305; &ccedil;apraz referansl&#305;yoruz ve a&ccedil;&#305;kl&#305;&#287;a ve k&#305;sal&#305;&#287;a odaklanarak raporlar&#305;m&#305;z&#305;n kolayca anla&#351;&#305;l&#305;r olmas&#305;n&#305; sa&#287;l&#305;yoruz.<\/p>\n\n\n\n<h2 class=\"gb-headline gb-headline-6e83cd28 gb-headline-text\"><strong>G&uuml;ncelleniyor<\/strong><\/h2>\n\n\n\n<p>&#304;lk inceleme yay&#305;nland&#305;ktan sonra, onu d&uuml;zenli olarak yeni bilgilerle g&uuml;ncelleyerek g&uuml;ncel tutmay&#305; taahh&uuml;t ediyoruz. Bu, incelenmekte olan platformdaki herhangi bir de&#287;i&#351;iklik veya g&uuml;ncelleme hakk&#305;nda bilgi sahibi olmay&#305; ve yeni iddialar&#305; veya &ouml;zellikleri do&#287;rulamak i&ccedil;in platformu tekrar test etmeyi i&ccedil;erir.<\/p>\n\n<\/div><\/div><\/div>\n\n<div class=\"gb-grid-column gb-grid-column-03decd79\"><div class=\"gb-container gb-container-03decd79\"><div class=\"gb-inside-container\">\n\n<h2 class=\"gb-headline gb-headline-a23a55fe gb-headline-text\">Neyi Test Ediyoruz<\/h2>\n\n\n\n<p>Platform de&#287;erlendirmemizde kay&#305;t s&uuml;recini, fonlama se&ccedil;eneklerini, mevcut varl&#305;klar&#305;, al&#305;m sat&#305;m se&ccedil;eneklerini ve ilgili &uuml;cretleri kapsaml&#305; bir &#351;ekilde inceliyoruz.<\/p>\n\n\n\n<p>Varl&#305;k &ccedil;e&#351;itlili&#287;iyle ilgili olarak, fiat opsiyonlar&#305;, altcoinler ve NFT&rsquo;leri kapsayan, al&#305;m sat&#305;m i&ccedil;in mevcut varl&#305;klar&#305;n yelpazesini &ouml;l&ccedil;&uuml;yoruz. Bu analiz, platformun &ccedil;e&#351;itli yat&#305;r&#305;m yakla&#351;&#305;mlar&#305;na ve kullan&#305;c&#305; tercihlerine uyarlanabilirli&#287;inin anla&#351;&#305;lmas&#305;na yard&#305;mc&#305; olur.<\/p>\n\n\n\n<p>Ayr&#305;ca, kripto para birimi alan&#305;nda m&uuml;&#351;teri deste&#287;inin &ouml;nemine de b&uuml;y&uuml;k &ouml;nem veriyoruz. De&#287;erlendirmemiz, farkl&#305; destek t&uuml;rlerini ve deste&#287;in acemi yat&#305;r&#305;mc&#305;lara y&ouml;nelik rol&uuml;n&uuml; kapsayan, her bir hizmet taraf&#305;ndan sa&#287;lanan yard&#305;m d&uuml;zeyini kapsar.  <\/p>\n\n\n\n<p>DEX &ouml;zellikle kripto para birimlerinin karma&#351;&#305;k ve s&uuml;rekli geli&#351;en d&uuml;nyas&#305;nda, duyarl&#305; ve g&uuml;venilir m&uuml;&#351;teri deste&#287;inin kullan&#305;c&#305; memnuniyetini ve kullan&#305;m kolayl&#305;&#287;&#305;n&#305; &ouml;nemli &ouml;l&ccedil;&uuml;de etkiledi&#287;ine inanmaktad&#305;r.<\/p>\n\n<\/div><\/div><\/div>\n<\/div>\n\n<div class=\"gb-grid-wrapper gb-grid-wrapper-085849f4\">\n<div class=\"gb-grid-column gb-grid-column-d1e9854e\"><div class=\"gb-container gb-container-d1e9854e\">\n\n<h2 class=\"gb-headline gb-headline-07113e0b gb-headline-text\">Kay&#305;t &#304;&#351;lemi<\/h2>\n\n\n\n<p>Farkl&#305; hesap t&uuml;rleri i&ccedil;in gerekli bilgileri ve do&#287;rulama kolayl&#305;&#287;&#305;n&#305; analiz ediyoruz. Bu, M&uuml;&#351;terinizi Tan&#305;y&#305;n (KYC) gerekliliklerinin g&ouml;zden ge&ccedil;irilmesini ve kullan&#305;c&#305; kimliklerini do&#287;rulamak i&ccedil;in at&#305;lan ad&#305;mlar&#305; i&ccedil;erir; b&ouml;ylece g&uuml;venli ve kullan&#305;c&#305; dostu bir kay&#305;t s&uuml;reci sa&#287;lan&#305;r.<\/p>\n\n<\/div><\/div>\n\n<div class=\"gb-grid-column gb-grid-column-642f7aec\"><div class=\"gb-container gb-container-642f7aec\">\n\n<h2 class=\"gb-headline gb-headline-89654424 gb-headline-text\">Hesab&#305;n&#305;za Para Yat&#305;rma<\/h2>\n\n\n\n<p>Para ekleme kolayl&#305;&#287;&#305;n&#305;, mevcut &ouml;deme y&ouml;ntemlerini ve ilgili para yat&#305;rma &uuml;cretlerini de&#287;erlendiriyoruz. Farkl&#305; para yat&#305;rma y&ouml;ntemlerini ve bunlar&#305;n farkl&#305; yat&#305;r&#305;m hedeflerine sahip kullan&#305;c&#305;lar &uuml;zerindeki etkilerini g&ouml;z &ouml;n&uuml;nde bulundurarak fonlama s&uuml;recine dair i&ccedil;g&ouml;r&uuml;ler sa&#287;l&#305;yoruz.<\/p>\n\n<\/div><\/div>\n<\/div>\n\n<div class=\"gb-grid-wrapper gb-grid-wrapper-3905c06c\">\n<div class=\"gb-grid-column gb-grid-column-274e5fd3\"><div class=\"gb-container gb-container-274e5fd3\">\n\n<h2 class=\"gb-headline gb-headline-e84a280a gb-headline-text\">Mevcut Varl&#305;klar<\/h2>\n\n\n\n<p>DEX kripto para piyasas&#305;na eri&#351;ilebilir bir giri&#351; noktas&#305; olarak itibari para al&#305;mlar&#305;n&#305;n &ouml;nemini vurgulayarak, altcoinler ve NFT&rsquo;ler de dahil olmak &uuml;zere al&#305;m sat&#305;m i&ccedil;in mevcut varl&#305;k &ccedil;e&#351;itlili&#287;ini de&#287;erlendiriyor.<\/p>\n\n<\/div><\/div>\n\n<div class=\"gb-grid-column gb-grid-column-0f289e5b\"><div class=\"gb-container gb-container-0f289e5b\">\n\n<h2 class=\"gb-headline gb-headline-180eae16 gb-headline-text\">Trade Yollar&#305;<\/h2>\n\n\n\n<p>Emir t&uuml;rleri, ticaret ara&ccedil;lar&#305;, aray&uuml;z kullan&#305;labilirli&#287;i ve ticaret y&uuml;r&uuml;tme h&#305;z&#305; dahil olmak &uuml;zere etkili ticaret stratejilerini kolayla&#351;t&#305;ran platform &ouml;zelliklerini inceliyoruz.<\/p>\n\n<\/div><\/div>\n<\/div>\n\n\n<h2 class=\"gb-headline gb-headline-45f415ad gb-headline-text\">&Uuml;cretler<\/h2>\n\n\n\n<p>Ticaret &uuml;cretlerinin, para yat&#305;rma &uuml;cretlerinin, para &ccedil;ekme &uuml;cretlerinin ve a&#287; &uuml;cretlerinin kullan&#305;c&#305;lar&#305;n genel deneyimleri &uuml;zerindeki etkisine odaklan&#305;yoruz. &Uuml;cretlerin platformlar aras&#305;nda kar&#351;&#305;la&#351;t&#305;r&#305;lmas&#305;, kullan&#305;c&#305;lar&#305;n al&#305;m sat&#305;m faaliyetlerini optimize etmek i&ccedil;in bilin&ccedil;li kararlar almas&#305;na olanak tan&#305;r.<\/p>\n\n\n\n<h2 class=\"gb-headline gb-headline-31f0fe60 gb-headline-text\">SSS<\/h2>\n\n<\/div><\/div><div id=\"rank-math-faq\" class=\"rank-math-block\">\n<div class=\"rank-math-list \">\n<div id=\"faq-question-1698680147621\" class=\"rank-math-list-item\">\n<h3 class=\"rank-math-question \">Platformlar&#305; incelemek i&ccedil;in hangi kriterleri kullan&#305;yorsunuz?<\/h3>\n<div class=\"rank-math-answer \">\n\n<p>Kay&#305;t s&uuml;reci, fonlama se&ccedil;enekleri, mevcut varl&#305;klar, al&#305;m sat&#305;m &ouml;zellikleri ve &uuml;cretler dahil olmak &uuml;zere &ccedil;e&#351;itli hususlar&#305; de&#287;erlendiriyoruz. Kriterlerimiz kullan&#305;c&#305; deneyimine, g&uuml;venli&#287;e ve platformun i&#351;levselli&#287;ine odaklan&#305;r.<\/p>\n\n<\/div>\n<\/div>\n<div id=\"faq-question-1698680173076\" class=\"rank-math-list-item\">\n<h3 class=\"rank-math-question \">Yorumlar&#305;n&#305;z&#305; ne s&#305;kl&#305;kla g&uuml;ncelliyorsunuz?<\/h3>\n<div class=\"rank-math-answer \">\n\n<p>&#304;ncelemelerimizi d&uuml;zenli olarak yeni bilgilerle g&uuml;ncelleyerek g&uuml;ncel tutmaya kararl&#305;y&#305;z. Platformlar&#305; herhangi bir de&#287;i&#351;iklik, g&uuml;ncelleme veya yeni &ouml;zellik a&ccedil;&#305;s&#305;ndan izliyoruz ve incelemelerimiz mevcut en do&#287;ru ve alakal&#305; bilgileri yans&#305;t&#305;yor.<\/p>\n\n<\/div>\n<\/div>\n<div id=\"faq-question-1698680201015\" class=\"rank-math-list-item\">\n<h3 class=\"rank-math-question \">Bilgilerinizin do&#287;rulu&#287;unu nas&#305;l sa&#287;l&#305;yorsunuz?<\/h3>\n<div class=\"rank-math-answer \">\n\n<p>Ekibimiz kapsaml&#305; ara&#351;t&#305;rma ve testler y&uuml;r&uuml;t&uuml;r, birden fazla g&uuml;venilir kaynaktan gelen bilgilere &ccedil;apraz referans verir ve d&uuml;zenleme s&uuml;reci boyunca yo&#287;un bir &#351;ekilde i&#351;birli&#287;i yapar. Okuyucular&#305;m&#305;za g&uuml;venilir bilgi sa&#287;lamak i&ccedil;in do&#287;ruluk, do&#287;rulama ve netli&#287;e odaklan&#305;yoruz.<\/p>\n\n<\/div>\n<\/div>\n<div id=\"faq-question-1698680227460\" class=\"rank-math-list-item\">\n<h3 class=\"rank-math-question \">&#304;ncelemelerinizde neye &ouml;ncelik veriyorsunuz?<\/h3>\n<div class=\"rank-math-answer \">\n\n<p>Okuyucular&#305;m&#305;za platformun performans&#305;na ili&#351;kin kesin ve analitik bilgiler sunmaya &ouml;ncelik veriyoruz. &#304;ncelemeleri ger&ccedil;ekle&#351;tirirken kullan&#305;c&#305; deneyimi, g&uuml;venlik, i&#351;levsellik ve &uuml;cretler &ouml;ncelikli endi&#351;elerimiz aras&#305;ndad&#305;r.<\/p>\n\n<\/div>\n<\/div>\n<\/div>\n<\/div>\n","protected":false},"excerpt":{"rendered":"<p>Test yapmak yaz&#305; &Uuml;cretler Ticaret &uuml;cretlerinin, para yat&#305;rma &uuml;cretlerinin, para &ccedil;ekme &uuml;cretlerinin ve a&#287; &uuml;cretlerinin kullan&#305;c&#305;lar&#305;n genel deneyimleri &uuml;zerindeki etkisine odaklan&#305;yoruz. &Uuml;cretlerin platformlar aras&#305;nda kar&#351;&#305;la&#351;t&#305;r&#305;lmas&#305;, kullan&#305;c&#305;lar&#305;n al&#305;m sat&#305;m faaliyetlerini optimize etmek i&ccedil;in bilin&ccedil;li kararlar almas&#305;na olanak tan&#305;r. SSS<\/p>\n","protected":false},"author":2,"featured_media":0,"parent":0,"menu_order":0,"comment_status":"closed","ping_status":"closed","template":"","meta":{"footnotes":""},"class_list":["post-25612","page","type-page","status-publish"],"_links":{"self":[{"href":"https:\/\/dex.ag\/tr\/wp-json\/wp\/v2\/pages\/25612","targetHints":{"allow":["GET"]}}],"collection":[{"href":"https:\/\/dex.ag\/tr\/wp-json\/wp\/v2\/pages"}],"about":[{"href":"https:\/\/dex.ag\/tr\/wp-json\/wp\/v2\/types\/page"}],"author":[{"embeddable":true,"href":"https:\/\/dex.ag\/tr\/wp-json\/wp\/v2\/users\/2"}],"replies":[{"embeddable":true,"href":"https:\/\/dex.ag\/tr\/wp-json\/wp\/v2\/comments?post=25612"}],"version-history":[{"count":0,"href":"https:\/\/dex.ag\/tr\/wp-json\/wp\/v2\/pages\/25612\/revisions"}],"wp:attachment":[{"href":"https:\/\/dex.ag\/tr\/wp-json\/wp\/v2\/media?parent=25612"}],"curies":[{"name":"wp","href":"https:\/\/api.w.org\/{rel}","templated":true}]}}