{"id":25582,"date":"2023-10-30T16:04:56","date_gmt":"2023-10-30T16:04:56","guid":{"rendered":"https:\/\/dex.ag\/varfor-lita-pa-oss\/"},"modified":"2023-10-30T16:13:38","modified_gmt":"2023-10-30T16:13:38","slug":"varfor-lita-pa-oss","status":"publish","type":"page","link":"https:\/\/dex.ag\/sv\/varfor-lita-pa-oss\/","title":{"rendered":"Varf\u00f6r lita p\u00e5 oss"},"content":{"rendered":"<?xml encoding=\"UTF-8\"><div class=\"gb-container gb-container-ff5a9dc1\">\n<div class=\"gb-container gb-container-0afcd6e9\">\n\n<p>V&auml;lkommen till Dex, d&auml;r v&aring;rt engagemang ligger i att f&ouml;rtj&auml;na ditt f&ouml;rtroende.<\/p>\n\n\n\n<p>Vi best&aring;r av ett m&aring;ngsidigt team av mer &auml;n 40 skribenter &ouml;ver hela v&auml;rlden och &auml;r specialiserade p&aring; att leverera p&aring;litlig, exakt information om investeringar och den dynamiska kryptoindustrin.<\/p>\n\n\n\n<p>Transparens utg&ouml;r k&auml;rnan i v&aring;ra redaktionella riktlinjer, vilket garanterar objektivitet och noggrann faktakontroll i v&aring;rt inneh&aring;ll.<\/p>\n\n\n\n<p>Genom att utnyttja v&aring;ra f&ouml;rstahandserfarenheter och erk&auml;nnande i v&auml;lrenommerade media, str&auml;var vi efter att utrusta dig med den kunskap som kr&auml;vs f&ouml;r att fatta v&auml;linformerade beslut.<\/p>\n\n\n\n<p>R&auml;kna med att vi tillhandah&aring;ller opartiskt inneh&aring;ll och ov&auml;rderliga insikter som du kan lita p&aring;.<\/p>\n\n\n\n<h2 class=\"wp-block-heading\">Skickligt och specialiserat skrivteam<\/h2>\n\n\n\n<p>P&aring; Dex best&aring;r v&aring;rt team av skickliga och specialiserade skribenter som &auml;r dedikerade till att uppr&auml;tth&aring;lla inneh&aring;llskvalitet p&aring; toppniv&aring;. Dessa skribenter har en djupg&aring;ende f&ouml;rst&aring;else f&ouml;r investerings- och kryptovalutav&auml;rlden, uppbackad av omfattande expertis och branschinsikter.<\/p>\n\n\n\n<p>V&aring;ra skribenter h&aring;ller sig &agrave; jour med de senaste trenderna, reglerna och branschutvecklingen och tillhandah&aring;ller konsekvent korrekt och insiktsfull information till v&aring;r publik. M&aring;nga inom v&aring;rt team skryter fr&aring;n f&ouml;rsta hand engagemang i investeringar och kryptosf&auml;ren, vilket ger dem ett distinkt perspektiv p&aring; de utmaningar och m&ouml;jligheter som investerare m&ouml;ter.<\/p>\n\n\n\n<p>Denna rikedom av erfarenhet g&ouml;r det m&ouml;jligt f&ouml;r dem att leverera relevant, informativt och v&auml;rdefullt inneh&aring;ll till v&aring;ra l&auml;sare. Vi &auml;r oerh&ouml;rt stolta &ouml;ver v&aring;ra skribenters expertis och branschkunnighet, eftersom de i h&ouml;g grad bidrar till att uppr&auml;tth&aring;lla Dex ber&ouml;mda standard f&ouml;r excellens.<\/p>\n\n\n\n<h2 class=\"wp-block-heading\">Tydliga och &ouml;ppna redaktionella standarder<\/h2>\n\n\n\n<p>I v&aring;r k&auml;rna understryker transparenta redaktionella standarder v&aring;rt engagemang f&ouml;r p&aring;litlighet och tillf&ouml;rlitlighet. Vi erk&auml;nner transparensens centrala roll i journalistik, prioriterar redaktionell integritet och undvikande av intressekonflikter.<\/p>\n\n\n\n<p>V&aring;ra riktlinjer l&auml;gger stor vikt vid omfattande faktakontroll och verifiering av information f&ouml;re publicering. Vi &auml;r dedikerade till att ge v&aring;ra l&auml;sare korrekt och opartiskt inneh&aring;ll, utan yttre p&aring;verkan. Att uppr&auml;tth&aring;lla dessa riktlinjer &auml;r en nyckelf&ouml;rv&auml;ntning f&ouml;r v&aring;ra skribenter, vilket s&auml;kerst&auml;ller de h&ouml;gsta standarderna f&ouml;r journalistisk etik.<\/p>\n\n\n\n<p>Vi str&auml;var efter att uppr&auml;tth&aring;lla transparens genom hela v&aring;ra processer, fr&aring;n att v&auml;lja specialiserade skribenter till noggrann korrekturl&auml;sning och redigering. Genom att f&ouml;lja dessa standarder &auml;r v&aring;rt m&aring;l att skapa f&ouml;rtroende hos v&aring;ra l&auml;sare och konsekvent leverera p&aring;litlig, p&aring;litlig information.<\/p>\n\n\n\n<h2 class=\"wp-block-heading\">Kontinuerlig och l&auml;ttillg&auml;nglig stil<\/h2>\n\n\n\n<p>Konsekvens och tillg&auml;nglighet definierar v&aring;rt tillv&auml;gag&aring;ngss&auml;tt och anv&auml;nder ett tydligt och kortfattat spr&aring;k i alla v&aring;ra artiklar. Detta s&auml;kerst&auml;ller att v&aring;rt inneh&aring;ll f&ouml;rblir l&auml;ttbegripligt och relaterbart, &auml;ven n&auml;r vi f&ouml;rdjupar oss i intrikata &auml;mnen. En konsekvent ton odlar f&ouml;rtroende bland v&aring;ra l&auml;sare och s&auml;kerst&auml;ller en s&ouml;ml&ouml;s l&auml;supplevelse.<\/p>\n\n\n\n<p>F&ouml;r att f&ouml;renkla komplexa &auml;mnen anv&auml;nder vi olika strategier. Vi dekonstruerar intrikata koncept till mer l&auml;ttsm&auml;lta termer, inf&ouml;rlivar exempel och analogier f&ouml;r &ouml;kad f&ouml;rst&aring;else och anv&auml;nder visuella bilder n&auml;r det &auml;r l&auml;mpligt. Dessutom undviker vi jargong och tekniskt spr&aring;k som kan f&ouml;rbrylla v&aring;ra l&auml;sare.<\/p>\n\n\n\n<h2 class=\"wp-block-heading\">Omfattande granskning och redigeringsprocedur<\/h2>\n\n\n\n<p>I v&aring;rt engagemang f&ouml;r tydligt och begripligt inneh&aring;ll f&ouml;ljer vi en noggrann granskning och redigeringsprocess f&ouml;r varje artikel f&ouml;r att s&auml;kerst&auml;lla noggrannhet och professionalism. V&aring;rt skickliga team av korrekturl&auml;sare granskar noggrant varje del av inneh&aring;llet, identifierar och korrigerar eventuella fel eller inkonsekvenser. Denna process inneb&auml;r en grundlig bed&ouml;mning av grammatik, stavning, interpunktion och faktaprecision.<\/p>\n\n\n\n<p>Dessutom har vi etablerat felrapporteringsprotokoll, vilket g&ouml;r det m&ouml;jligt f&ouml;r l&auml;sare att informera oss om eventuella identifierade misstag. Vi v&auml;rdes&auml;tter transparens h&ouml;gt och &aring;tg&auml;rdar och &aring;tg&auml;rdar rapporterade fel omg&aring;ende.<\/p>\n\n\n\n<p>V&aring;rt prim&auml;ra m&aring;l &auml;r att f&ouml;rse v&aring;ra l&auml;sare med p&aring;litlig och trov&auml;rdig information, och v&aring;r rigor&ouml;sa granskningsprocess &auml;r ett avg&ouml;rande steg f&ouml;r att uppn&aring; detta m&aring;l.<\/p>\n\n\n\n<h2 class=\"wp-block-heading\">Uppr&auml;tth&aring;lla redaktionellt oberoende och avst&aring; fr&aring;n betalningar fr&aring;n tredje part<\/h2>\n\n\n\n<p>F&ouml;r att skydda v&aring;rt redaktionella oberoende och mildra potentiella intressekonflikter uppr&auml;tth&aring;ller vi strikt en policy att avb&ouml;ja tredje parts betalningar f&ouml;r specifika &auml;mnen. Denna h&auml;ngivna h&auml;ngivenhet till etiska journalistiska standarder &auml;r avg&ouml;rande f&ouml;r att bevara v&aring;r redaktionella integritet.<\/p>\n\n\n\n<p>Vi &auml;r &ouml;vertygade om att opartisk rapportering &auml;r grundl&auml;ggande f&ouml;r att f&ouml;rse v&aring;ra l&auml;sare med korrekt och p&aring;litlig information. Genom att avvisa tredje parts betalningar prioriterar vi v&aring;ra l&auml;sares intressen framf&ouml;r yttre p&aring;verkan. Denna policy s&auml;kerst&auml;ller v&aring;r objektivitet och uppr&auml;tth&aring;ller integriteten hos v&aring;rt inneh&aring;ll, fri fr&aring;n otillb&ouml;rlig p&aring;verkan.<\/p>\n\n\n\n<p>V&aring;rt orubbliga engagemang f&ouml;r transparent och helt&auml;ckande rapportering underbyggs av v&aring;rt engagemang f&ouml;r redaktionellt oberoende, en h&ouml;rnsten i v&aring;ra journalistiska principer.<\/p>\n\n\n\n<h2 class=\"wp-block-heading\">Tillf&ouml;rlitlig realtidsdataintegration<\/h2>\n\n\n\n<p>Att s&auml;kerst&auml;lla tillf&ouml;rlitligheten hos realtidsinformation &auml;r en h&ouml;rnsten i v&aring;rt engagemang. Vi v&auml;ljer noggrant ut och integrerar API:er som CoinAPI och CoinMarketCap API f&ouml;r att garantera snabb och korrekt data. Dessa API:er &auml;r valda f&ouml;r sin etablerade tillf&ouml;rlitlighet och bepr&ouml;vade meritlista.<\/p>\n\n\n\n<p>Rigor&ouml;sa plattforms- och apptester &auml;r ocks&aring; en integrerad del av v&aring;r process, vilket s&auml;kerst&auml;ller noggrannhet och p&aring;litlighet. V&aring;ra skribenter f&ouml;rdjupar sig i plattformarna de t&auml;cker, bed&ouml;mer registrering, ins&auml;ttningsprocedurer, handelsgr&auml;nssnitt, avgifter, s&auml;kerhet och support. Grundliga testmetoder anv&auml;nds f&ouml;r att validera riktigheten och tillf&ouml;rlitligheten hos den tillhandah&aring;llna informationen.<\/p>\n\n\n\n<h2 class=\"wp-block-heading\">Etablerad API-integration f&ouml;r tillf&ouml;rlitlighet<\/h2>\n\n\n\n<p>Vi f&ouml;rlitar oss p&aring; etablerade API:er som CoinAPI och CoinMarketCap API f&ouml;r att st&auml;rka tillf&ouml;rlitligheten hos v&aring;r information. Dessa integrationer g&ouml;r det m&ouml;jligt f&ouml;r oss att erbjuda l&auml;sare snabb och korrekt data, vilket &ouml;kar v&aring;r trov&auml;rdighet.<\/p>\n\n\n\n<p>Anv&auml;ndningen av etablerade API:er s&auml;kerst&auml;ller tillf&ouml;rlitligheten hos v&aring;ra datak&auml;llor, k&auml;nda f&ouml;r sin noggrannhet och trov&auml;rdighet.<\/p>\n\n\n\n<p>Dessutom ger dessa integrationer oss tillg&aring;ng till ett brett spektrum av datapunkter, vilket underl&auml;ttar en omfattande marknads&ouml;versikt. Detta ger oss m&ouml;jlighet att f&ouml;rse v&aring;ra l&auml;sare med aktuella och v&auml;rdefulla insikter.<\/p>\n\n\n\n<h2 class=\"wp-block-heading\">S&auml;kerst&auml;lla informationsnoggrannhet och tillf&ouml;rlitlighet<\/h2>\n\n\n\n<p>P&aring; Dex involverar v&aring;rt engagemang f&ouml;r noggrannhet och tillf&ouml;rlitlighet en rigor&ouml;s testmetod f&ouml;r att validera de plattformar och appar vi t&auml;cker. V&aring;ra skribenter f&ouml;rdjupar sig i dessa plattformar och utv&auml;rderar olika element som registrering, ins&auml;ttningar, handelsgr&auml;nssnitt, avgifter, s&auml;kerhet och support.<\/p>\n\n\n\n<p>Dessutom f&ouml;rlitar vi oss p&aring; v&auml;lrenommerade API:er som CoinAPI och CoinMarketCap API f&ouml;r realtid och p&aring;litlig data.<\/p>\n\n\n\n<p>V&aring;r aff&auml;rsmodell &auml;r utformad f&ouml;r att bevara redaktionellt oberoende och s&auml;kerst&auml;lla opartiskt inneh&aring;ll. Vi f&aring;r int&auml;kter genom affiliate-marknadsf&ouml;ring och v&auml;ljer affiliates baserat p&aring; produkter och tj&auml;nster som &auml;r anpassade till v&aring;rt teams preferenser.<\/p>\n\n\n\n<p>Var s&auml;ker, v&aring;rt fr&auml;msta engagemang &auml;r att leverera p&aring;litlig och p&aring;litlig information som du kan lita p&aring;.<\/p>\n\n\n\n<h2 class=\"wp-block-heading\">Praktisk utforskning av t&auml;ckta plattformar<\/h2>\n\n\n\n<p>Direkt interaktion med de plattformar vi t&auml;cker &auml;r avg&ouml;rande f&ouml;r att ge korrekt och v&auml;rdefull information till v&aring;ra l&auml;sare. V&aring;rt team tror best&auml;mt p&aring; n&ouml;dv&auml;ndigheten av f&ouml;rstahandsupplevelse f&ouml;r att helt&auml;ckande utv&auml;rdera funktioner, funktionalitet och den &ouml;vergripande anv&auml;ndarupplevelsen.<\/p>\n\n\n\n<p>V&aring;ra detaljerade plattformsrecensioner omfattar grundliga bed&ouml;mningar av registrering, ins&auml;ttningsprocesser, handelsgr&auml;nssnitt, avgifter, s&auml;kerhet och support. Dessutom s&ouml;ker och inf&ouml;rlivar vi aktivt feedback fr&aring;n anv&auml;ndare f&ouml;r att skapa en helt&auml;ckande f&ouml;rst&aring;else f&ouml;r dessa plattformars styrkor och svagheter.<\/p>\n\n\n\n<h2 class=\"wp-block-heading\">Aff&auml;rsmodell &ouml;versikt<\/h2>\n\n\n\n<p>Som ett vinstdrivande f&ouml;retag &auml;r v&aring;rt uppdrag att balansera l&ouml;nsamhet med journalistisk integritet. Vi arbetar med int&auml;kter som genereras genom affiliatemarknadsf&ouml;ring. D&auml;remot vill vi f&ouml;rs&auml;kra v&aring;ra l&auml;sare att v&aring;ra principer f&ouml;rblir ostyrda av affiliates. V&aring;ra affiliateval &auml;r anpassade till produkter och tj&auml;nster som v&aring;rt team personligen skulle anv&auml;nda, vilket s&auml;kerst&auml;ller v&aring;rt engagemang f&ouml;r objektiv information.<\/p>\n\n\n\n<p>Det &auml;r m&ouml;jligt att uppr&auml;tth&aring;lla l&ouml;nsamheten samtidigt som journalistisk integritet uppr&auml;tth&aring;lls. V&aring;rt engagemang f&ouml;r transparens och tillhandah&aring;llande av v&auml;rdefullt, opartiskt inneh&aring;ll f&ouml;rblir orubbligt. Vi &auml;r engagerade i att leverera information utan att kompromissa med v&aring;rt engagemang f&ouml;r opartisk rapportering.<\/p>\n\n\n\n<h2 class=\"wp-block-heading\">Opartisk inneh&aring;llsintegritet bland affiliatemarknadsf&ouml;ring<\/h2>\n\n\n\n<p>Trots att vi arbetar p&aring; en vinstdrivande modell med affiliate-marknadsf&ouml;ring, &auml;r det fortfarande v&aring;r orubbliga prioritet att uppr&auml;tth&aring;lla opartiskt inneh&aring;ll. Balansen mellan affiliate-partnerskap och objektiva produktrekommendationer uppr&auml;tth&aring;lls noggrant.<\/p>\n\n\n\n<p>V&aring;r affiliateurvalsprocess fokuserar p&aring; att anpassa sig till produkter och tj&auml;nster som v&aring;rt team f&ouml;redrar. V&aring;ra principer f&ouml;rblir orubbliga och v&aring;ra skribenter och redakt&ouml;rer f&ouml;ljer str&auml;nga redaktionella riktlinjer som betonar transparens, faktakontroll och undvikande av intressekonflikter.<\/p>\n\n\n\n<p>Rigor&ouml;sa kvalitetskontroll&aring;tg&auml;rder &auml;r p&aring; plats f&ouml;r att skydda integriteten hos v&aring;rt inneh&aring;ll. Dessutom uppmuntrar vi aktivt l&auml;sarnas feedback och felrapportering, och &aring;tg&auml;rdar omedelbart eventuella identifierade misstag.<\/p>\n\n\n\n<p>V&aring;rt yttersta m&aring;l &auml;r att f&ouml;rse v&aring;ra l&auml;sare med opartisk, helt&auml;ckande och transparent information, oberoende av v&aring;ra affiliate partnerskap.<\/p>\n\n\n\n<h2 class=\"wp-block-heading\">V&auml;rdefulla mediefunktioner och n&auml;rvaro p&aring; sociala medier<\/h2>\n\n\n\n<p>Dex har etablerat trov&auml;rdighet och f&ouml;rtroende genom funktioner i framst&aring;ende media och en robust n&auml;rvaro p&aring; sociala medier.<\/p>\n\n\n\n<p>Webbplatsen har f&aring;tt erk&auml;nnande i v&auml;lrenommerade mediak&auml;llor som New York Times, The Guardian, Business Insider, Bloomberg och Huffington Post, och f&aring;tt omn&auml;mnanden fr&aring;n IBM, TechCrunch, Yahoo Finance, Associated Press, Coindesk, International Business Times, The Observer, och Engadget.<\/p>\n\n\n\n<p>Dessa mediebekr&auml;ftelser bekr&auml;ftar Dex trov&auml;rdighet och st&auml;llning inom branschen.<\/p>\n\n\n\n<p>I samband med mediaigenk&auml;nning har Dex en robust n&auml;rvaro p&aring; sociala medier, med en Facebook-sida med 13 000 f&ouml;ljare och ett Twitter-fl&ouml;de med 13,3 000 f&ouml;ljare.<\/p>\n\n\n\n<p>Detta aktiva engagemang p&aring; sociala plattformar underl&auml;ttar direkt interaktion med publiken, vilket ytterligare st&auml;rker f&ouml;rtroendet och trov&auml;rdigheten Dex har odlat.<\/p>\n\n<\/div>\n<\/div>\n","protected":false},"excerpt":{"rendered":"<p>V&auml;lkommen till Dex, d&auml;r v&aring;rt engagemang ligger i att f&ouml;rtj&auml;na ditt f&ouml;rtroende. Vi best&aring;r av ett m&aring;ngsidigt team av mer &auml;n 40 skribenter &ouml;ver hela v&auml;rlden och &auml;r specialiserade p&aring; att leverera p&aring;litlig, exakt information om investeringar och den dynamiska kryptoindustrin. Transparens utg&ouml;r k&auml;rnan i v&aring;ra redaktionella riktlinjer, vilket garanterar objektivitet och noggrann faktakontroll i &#8230; <\/p>\n<p class=\"read-more-container\"><a title=\"Varf\u00f6r lita p\u00e5 oss\" class=\"read-more button\" href=\"https:\/\/dex.ag\/sv\/varfor-lita-pa-oss\/#more-25582\" aria-label=\"L\u00e4s mer om Varf\u00f6r lita p\u00e5 oss\">L\u00e4s mer<\/a><\/p>\n","protected":false},"author":2,"featured_media":0,"parent":0,"menu_order":0,"comment_status":"closed","ping_status":"closed","template":"","meta":{"footnotes":""},"class_list":["post-25582","page","type-page","status-publish"],"_links":{"self":[{"href":"https:\/\/dex.ag\/sv\/wp-json\/wp\/v2\/pages\/25582","targetHints":{"allow":["GET"]}}],"collection":[{"href":"https:\/\/dex.ag\/sv\/wp-json\/wp\/v2\/pages"}],"about":[{"href":"https:\/\/dex.ag\/sv\/wp-json\/wp\/v2\/types\/page"}],"author":[{"embeddable":true,"href":"https:\/\/dex.ag\/sv\/wp-json\/wp\/v2\/users\/2"}],"replies":[{"embeddable":true,"href":"https:\/\/dex.ag\/sv\/wp-json\/wp\/v2\/comments?post=25582"}],"version-history":[{"count":0,"href":"https:\/\/dex.ag\/sv\/wp-json\/wp\/v2\/pages\/25582\/revisions"}],"wp:attachment":[{"href":"https:\/\/dex.ag\/sv\/wp-json\/wp\/v2\/media?parent=25582"}],"curies":[{"name":"wp","href":"https:\/\/api.w.org\/{rel}","templated":true}]}}