{"id":25546,"date":"2023-10-30T16:04:56","date_gmt":"2023-10-30T16:04:56","guid":{"rendered":"https:\/\/dex.ag\/preco-nam-doverovat\/"},"modified":"2023-10-30T16:13:37","modified_gmt":"2023-10-30T16:13:37","slug":"preco-nam-doverovat","status":"publish","type":"page","link":"https:\/\/dex.ag\/sk\/preco-nam-doverovat\/","title":{"rendered":"Pre\u010do n\u00e1m d\u00f4verova\u0165"},"content":{"rendered":"<?xml encoding=\"UTF-8\"><div class=\"gb-container gb-container-ff5a9dc1\">\n<div class=\"gb-container gb-container-0afcd6e9\">\n\n<p>Vitajte v Dex, kde na&scaron;e odhodlanie spo&#269;&iacute;va v z&iacute;skavan&iacute; va&scaron;ej d&ocirc;very.<\/p>\n\n\n\n<p>Zah&#341;&#328;aj&uacute;ci r&ocirc;znorod&yacute; t&iacute;m viac ako 40 autorov na celom svete sa &scaron;pecializujeme na poskytovanie spo&#318;ahliv&yacute;ch a presn&yacute;ch inform&aacute;ci&iacute; t&yacute;kaj&uacute;cich sa invest&iacute;ci&iacute; a dynamick&eacute;ho krypto priemyslu.<\/p>\n\n\n\n<p>Transparentnos&#357; tvor&iacute; jadro na&scaron;ich redak&#269;n&yacute;ch pokynov, ktor&eacute; zaru&#269;uj&uacute; objektivitu a starostliv&eacute; overovanie faktov v na&scaron;om obsahu.<\/p>\n\n\n\n<p>Vyu&#382;it&iacute;m na&scaron;ich sk&uacute;senost&iacute; z prvej ruky a uznania v renomovan&yacute;ch m&eacute;di&aacute;ch sa sna&#382;&iacute;me vybavi&#357; v&aacute;s vedomos&#357;ami potrebn&yacute;mi na prij&iacute;manie informovan&yacute;ch rozhodnut&iacute;.<\/p>\n\n\n\n<p>Spo&#318;ahnite sa na to, &#382;e v&aacute;m poskytneme nestrann&yacute; obsah a neocenite&#318;n&eacute; inform&aacute;cie, ktor&yacute;m m&ocirc;&#382;ete d&ocirc;verova&#357;.<\/p>\n\n\n\n<h2 class=\"wp-block-heading\">Zru&#269;n&yacute; a&nbsp;&scaron;pecializovan&yacute; spisovate&#318;sk&yacute; t&iacute;m<\/h2>\n\n\n\n<p>N&aacute;&scaron; t&iacute;m v spolo&#269;nosti Dex pozost&aacute;va z sk&uacute;sen&yacute;ch a &scaron;pecializovan&yacute;ch autorov, ktor&iacute; sa venuj&uacute; udr&#382;iavaniu najvy&scaron;&scaron;ej kvality obsahu. T&iacute;to autori maj&uacute; h&#314;bkov&eacute; pochopenie oblasti invest&iacute;ci&iacute; a kryptomien, ktor&eacute; je podporen&eacute; rozsiahlymi odborn&yacute;mi znalos&#357;ami a preh&#318;adom odvetvia.<\/p>\n\n\n\n<p>Na&scaron;i autori dr&#382;ia krok s najnov&scaron;&iacute;mi trendmi, predpismi a v&yacute;vojom v odvetv&iacute; a neust&aacute;le poskytuj&uacute; presn&eacute; a d&ocirc;sledn&eacute; inform&aacute;cie n&aacute;&scaron;mu publiku. Mnoh&iacute; v na&scaron;om t&iacute;me sa m&ocirc;&#382;u pochv&aacute;li&#357; priamym zapojen&iacute;m do investovania a kryptosf&eacute;ry, &#269;o im poskytuje osobit&yacute; poh&#318;ad na v&yacute;zvy a pr&iacute;le&#382;itosti, s ktor&yacute;mi sa investori stret&aacute;vaj&uacute;.<\/p>\n\n\n\n<p>Tieto bohat&eacute; sk&uacute;senosti im umo&#382;&#328;uj&uacute; poskytova&#357; na&scaron;im &#269;itate&#318;om relevantn&yacute;, informat&iacute;vny a hodnotn&yacute; obsah. Sme nesmierne hrd&iacute; na odbornos&#357; a priemyseln&uacute; prezieravos&#357; na&scaron;ich spisovate&#318;ov, preto&#382;e v&yacute;znamne prispievaj&uacute; k udr&#382;aniu renomovan&eacute;ho &scaron;tandardu excelentnosti spolo&#269;nosti Dex.<\/p>\n\n\n\n<h2 class=\"wp-block-heading\">Jasn&eacute; a otvoren&eacute; redak&#269;n&eacute; &scaron;tandardy<\/h2>\n\n\n\n<p>V na&scaron;om jadre s&uacute; transparentn&eacute; redak&#269;n&eacute; &scaron;tandardy, ktor&eacute; pod&#269;iarkuj&uacute; n&aacute;&scaron; z&aacute;v&auml;zok k d&ocirc;veryhodnosti a spo&#318;ahlivosti. Uzn&aacute;vame k&#318;&uacute;&#269;ov&uacute; &uacute;lohu transparentnosti v &#382;urnalistike, pri&#269;om uprednost&#328;ujeme redak&#269;n&uacute; integritu a vyh&yacute;banie sa konfliktom z&aacute;ujmov.<\/p>\n\n\n\n<p>Na&scaron;e pokyny klad&uacute; ve&#318;k&yacute; d&ocirc;raz na komplexn&uacute; kontrolu faktov a overovanie inform&aacute;ci&iacute; pred ich zverejnen&iacute;m. Na&scaron;&iacute;m cie&#318;om je prezentova&#357; na&scaron;im &#269;itate&#318;om presn&yacute; a nestrann&yacute; obsah bez vonkaj&scaron;&iacute;ch vplyvov. Dodr&#382;iavanie t&yacute;chto smern&iacute;c je k&#318;&uacute;&#269;ov&yacute;m o&#269;ak&aacute;van&iacute;m na&scaron;ich autorov, ktor&iacute; zabezpe&#269;uj&uacute; najvy&scaron;&scaron;ie &scaron;tandardy novin&aacute;rskej etiky.<\/p>\n\n\n\n<p>Sna&#382;&iacute;me sa zachova&#357; transparentnos&#357; po&#269;as na&scaron;ich procesov, od v&yacute;beru &scaron;pecializovan&yacute;ch autorov a&#382; po starostliv&eacute; korekt&uacute;ry a &uacute;pravy. Dodr&#382;iavan&iacute;m t&yacute;chto &scaron;tandardov je na&scaron;&iacute;m cie&#318;om posilni&#357; d&ocirc;veru u na&scaron;ich &#269;itate&#318;ov a neust&aacute;le poskytova&#357; spo&#318;ahliv&eacute; a d&ocirc;veryhodn&eacute; inform&aacute;cie.<\/p>\n\n\n\n<h2 class=\"wp-block-heading\">Kontinu&aacute;lny a pr&iacute;stupn&yacute; &scaron;t&yacute;l<\/h2>\n\n\n\n<p>Konzistentnos&#357; a dostupnos&#357; definuj&uacute; n&aacute;&scaron; pr&iacute;stup, pri&#269;om vo v&scaron;etk&yacute;ch na&scaron;ich &#269;l&aacute;nkoch pou&#382;&iacute;vame jasn&yacute; a stru&#269;n&yacute; jazyk. To zais&#357;uje, &#382;e n&aacute;&scaron; obsah zostane &#318;ahko pochopite&#318;n&yacute; a pou&#382;ite&#318;n&yacute;, aj ke&#271; sa ponor&iacute;te do zlo&#382;it&yacute;ch t&eacute;m. Konzistentn&yacute; t&oacute;n rozv&iacute;ja d&ocirc;veru medzi na&scaron;imi &#269;itate&#318;mi a zabezpe&#269;uje bezprobl&eacute;mov&yacute; z&aacute;&#382;itok z &#269;&iacute;tania.<\/p>\n\n\n\n<p>Na zjednodu&scaron;enie zlo&#382;it&yacute;ch predmetov vyu&#382;&iacute;vame r&ocirc;zne strat&eacute;gie. Dekon&scaron;truujeme zlo&#382;it&eacute; koncepty na str&aacute;vite&#318;nej&scaron;ie pojmy, za&#269;le&#328;ujeme pr&iacute;klady a anal&oacute;gie pre lep&scaron;ie porozumenie a ak je to vhodn&eacute;, pou&#382;&iacute;vame vizu&aacute;lne prvky. Okrem toho sa vyh&yacute;bame &#382;arg&oacute;nu a technick&eacute;mu jazyku, ktor&yacute; by mohol zmias&#357; na&scaron;ich &#269;itate&#318;ov.<\/p>\n\n\n\n<h2 class=\"wp-block-heading\">Komplexn&yacute; postup rev&iacute;zie a &uacute;prav<\/h2>\n\n\n\n<p>V na&scaron;om z&aacute;v&auml;zku k jasn&eacute;mu a zrozumite&#318;n&eacute;mu obsahu dodr&#382;iavame d&ocirc;kladn&yacute; proces kontroly a &uacute;pravy ka&#382;d&eacute;ho &#269;l&aacute;nku, aby sme zaistili presnos&#357; a profesionalitu. N&aacute;&scaron; sk&uacute;sen&yacute; t&iacute;m korektorov starostlivo sk&uacute;ma ka&#382;d&yacute; kus obsahu, identifikuje a opravuje v&scaron;etky chyby alebo nezrovnalosti. Tento proces zah&#341;&#328;a d&ocirc;kladn&eacute; pos&uacute;denie gramatiky, pravopisu, interpunkcie a faktickej presnosti.<\/p>\n\n\n\n<p>Okrem toho sme zaviedli protokoly hl&aacute;senia ch&yacute;b, ktor&eacute; umo&#382;&#328;uj&uacute; &#269;itate&#318;om informova&#357; n&aacute;s o ak&yacute;chko&#318;vek zisten&yacute;ch chyb&aacute;ch. Vysoko si cen&iacute;me transparentnos&#357; a seri&oacute;zne rie&scaron;ime a opravujeme nahl&aacute;sen&eacute; chyby.<\/p>\n\n\n\n<p>Na&scaron;&iacute;m prvorad&yacute;m cie&#318;om je poskytn&uacute;&#357; na&scaron;im &#269;itate&#318;om spo&#318;ahliv&eacute; a d&ocirc;veryhodn&eacute; inform&aacute;cie a n&aacute;&scaron; pr&iacute;sny proces kontroly je k&#318;&uacute;&#269;ov&yacute;m krokom pri dosahovan&iacute; tohto cie&#318;a.<\/p>\n\n\n\n<h2 class=\"wp-block-heading\">Presadzovanie redak&#269;nej nez&aacute;vislosti a zdr&#382;anie sa platieb tret&iacute;ch str&aacute;n<\/h2>\n\n\n\n<p>Aby sme zabezpe&#269;ili na&scaron;u redak&#269;n&uacute; nez&aacute;vislos&#357; a zmiernili potenci&aacute;lne konflikty z&aacute;ujmov, pr&iacute;sne dodr&#382;iavame politiku odmietnutia ak&yacute;chko&#318;vek platieb tret&iacute;ch str&aacute;n za konkr&eacute;tne t&eacute;my. T&aacute;to neochvejn&aacute; oddanos&#357; etick&yacute;m novin&aacute;rskym &scaron;tandardom je &#382;ivotne d&ocirc;le&#382;it&aacute; pre zachovanie na&scaron;ej redak&#269;nej integrity.<\/p>\n\n\n\n<p>Pevne ver&iacute;me, &#382;e nezaujat&eacute; pod&aacute;vanie spr&aacute;v je z&aacute;kladom poskytovania presn&yacute;ch a d&ocirc;veryhodn&yacute;ch inform&aacute;ci&iacute; na&scaron;im &#269;itate&#318;om. Odmietan&iacute;m platieb tret&iacute;ch str&aacute;n uprednost&#328;ujeme z&aacute;ujmy na&scaron;ich &#269;itate&#318;ov pred vonkaj&scaron;&iacute;mi vplyvmi. T&aacute;to politika zais&#357;uje na&scaron;u objektivitu a zachov&aacute;va integritu n&aacute;&scaron;ho obsahu bez nen&aacute;le&#382;it&eacute;ho vplyvu.<\/p>\n\n\n\n<p>N&aacute;&scaron; neochvejn&yacute; z&aacute;v&auml;zok k transparentn&eacute;mu a komplexn&eacute;mu spravodajstvu je podporen&yacute; na&scaron;ou oddanos&#357;ou redak&#269;nej nez&aacute;vislosti, ktor&aacute; je z&aacute;kladn&yacute;m kame&#328;om na&scaron;ich novin&aacute;rskych princ&iacute;pov.<\/p>\n\n\n\n<h2 class=\"wp-block-heading\">Spo&#318;ahliv&aacute; integr&aacute;cia &uacute;dajov v re&aacute;lnom &#269;ase<\/h2>\n\n\n\n<p>Zabezpe&#269;enie spo&#318;ahlivosti inform&aacute;ci&iacute; v re&aacute;lnom &#269;ase je z&aacute;kladn&yacute;m kame&#328;om n&aacute;&scaron;ho z&aacute;v&auml;zku. Starostlivo vyber&aacute;me a integrujeme API ako CoinAPI a CoinMarketCap API, aby sme zaru&#269;ili r&yacute;chle a presn&eacute; &uacute;daje. Tieto API s&uacute; vybran&eacute; pre ich overen&uacute; spo&#318;ahlivos&#357; a osved&#269;en&eacute; v&yacute;sledky.<\/p>\n\n\n\n<p>Neoddelite&#318;nou s&uacute;&#269;as&#357;ou n&aacute;&scaron;ho procesu je aj pr&iacute;sne testovanie platforiem a aplik&aacute;ci&iacute;, ktor&eacute; zabezpe&#269;uje presnos&#357; a spo&#318;ahlivos&#357;. Na&scaron;i autori sa ponoria do platforiem, ktor&eacute; pokr&yacute;vaj&uacute;, posudzuj&uacute; registr&aacute;ciu, postupy vkladov, obchodn&eacute; rozhrania, poplatky, bezpe&#269;nos&#357; a podporu. Na overenie presnosti a d&ocirc;veryhodnosti poskytnut&yacute;ch inform&aacute;ci&iacute; sa pou&#382;&iacute;vaj&uacute; d&ocirc;kladn&eacute; testovacie met&oacute;dy.<\/p>\n\n\n\n<h2 class=\"wp-block-heading\">Zaveden&aacute; integr&aacute;cia API pre spo&#318;ahlivos&#357;<\/h2>\n\n\n\n<p>Spoliehame sa na zaveden&eacute; rozhrania API, ako s&uacute; CoinAPI a CoinMarketCap API, aby sme posilnili spo&#318;ahlivos&#357; na&scaron;ich inform&aacute;ci&iacute;. Tieto integr&aacute;cie n&aacute;m umo&#382;&#328;uj&uacute; pon&uacute;knu&#357; &#269;itate&#318;om r&yacute;chle a presn&eacute; &uacute;daje, &#269;&iacute;m sa zvy&scaron;uje na&scaron;a d&ocirc;veryhodnos&#357;.<\/p>\n\n\n\n<p>Pou&#382;&iacute;vanie zaveden&yacute;ch rozhran&iacute; API zais&#357;uje spo&#318;ahlivos&#357; na&scaron;ich zdrojov &uacute;dajov, ktor&eacute; s&uacute; zn&aacute;me svojou presnos&#357;ou a d&ocirc;veryhodnos&#357;ou.<\/p>\n\n\n\n<p>Okrem toho n&aacute;m tieto integr&aacute;cie poskytuj&uacute; pr&iacute;stup k &scaron;irok&eacute;mu spektru &uacute;dajov&yacute;ch bodov, &#269;o u&#318;ah&#269;uje komplexn&yacute; preh&#318;ad o trhu. To n&aacute;m umo&#382;&#328;uje poskytova&#357; na&scaron;im &#269;itate&#318;om aktu&aacute;lne a cenn&eacute; poznatky.<\/p>\n\n\n\n<h2 class=\"wp-block-heading\">Zabezpe&#269;enie presnosti a spo&#318;ahlivosti inform&aacute;ci&iacute;<\/h2>\n\n\n\n<p>V spolo&#269;nosti Dex n&aacute;&scaron; z&aacute;v&auml;zok k presnosti a spo&#318;ahlivosti zah&#341;&#328;a pr&iacute;sny testovac&iacute; pr&iacute;stup na overenie platforiem a aplik&aacute;ci&iacute;, ktor&eacute; pokr&yacute;vame. Na&scaron;i autori sa ponoria do t&yacute;chto platforiem a z prvej ruky posudzuj&uacute; r&ocirc;zne prvky, ako je registr&aacute;cia, vklady, obchodn&eacute; rozhrania, poplatky, bezpe&#269;nos&#357; a podpora.<\/p>\n\n\n\n<p>Okrem toho sa spoliehame na renomovan&eacute; rozhrania API, ako s&uacute; CoinAPI a CoinMarketCap API, ktor&eacute; poskytuj&uacute; spo&#318;ahliv&eacute; &uacute;daje v re&aacute;lnom &#269;ase.<\/p>\n\n\n\n<p>N&aacute;&scaron; obchodn&yacute; model je vytvoren&yacute; tak, aby zachoval redak&#269;n&uacute; nez&aacute;vislos&#357; a zabezpe&#269;il nezaujat&yacute; obsah. Pr&iacute;jmy z&iacute;skavame prostredn&iacute;ctvom affiliate marketingu, pri&#269;om partnerov vyber&aacute;me na z&aacute;klade produktov a slu&#382;ieb v s&uacute;lade s preferenciami n&aacute;&scaron;ho t&iacute;mu.<\/p>\n\n\n\n<p>Bu&#271;te si ist&iacute;, &#382;e na&scaron;&iacute;m hlavn&yacute;m cie&#318;om je poskytova&#357; d&ocirc;veryhodn&eacute; a spo&#318;ahliv&eacute; inform&aacute;cie, na ktor&eacute; sa m&ocirc;&#382;ete spo&#318;ahn&uacute;&#357;.<\/p>\n\n\n\n<h2 class=\"wp-block-heading\">Praktick&eacute; sk&uacute;manie kryt&yacute;ch platforiem<\/h2>\n\n\n\n<p>Priama interakcia s platformami, ktor&eacute; pokr&yacute;vame, je prvorad&aacute; pre poskytovanie presn&yacute;ch a cenn&yacute;ch inform&aacute;ci&iacute; na&scaron;im &#269;itate&#318;om. N&aacute;&scaron; t&iacute;m pevne ver&iacute; v nevyhnutnos&#357; sk&uacute;senost&iacute; z prvej ruky, aby bolo mo&#382;n&eacute; komplexne zhodnoti&#357; funkcie, funk&#269;nos&#357; a celkov&uacute; pou&#382;&iacute;vate&#318;sk&uacute; sk&uacute;senos&#357;.<\/p>\n\n\n\n<p>Na&scaron;e podrobn&eacute; hodnotenia platformy zah&#341;&#328;aj&uacute; d&ocirc;kladn&eacute; hodnotenie registr&aacute;cie, procesov vkladov, obchodn&yacute;ch rozhran&iacute;, poplatkov, bezpe&#269;nosti a podpory. Okrem toho akt&iacute;vne vyh&#318;ad&aacute;vame a za&#269;le&#328;ujeme sp&auml;tn&uacute; v&auml;zbu od pou&#382;&iacute;vate&#318;ov, aby sme komplexne pochopili siln&eacute; a slab&eacute; str&aacute;nky t&yacute;chto platforiem.<\/p>\n\n\n\n<h2 class=\"wp-block-heading\">Preh&#318;ad obchodn&eacute;ho modelu<\/h2>\n\n\n\n<p>Ako ziskov&yacute; podnik je na&scaron;&iacute;m poslan&iacute;m vyv&aacute;&#382;i&#357; ziskovos&#357; a novin&aacute;rsku integritu. Pracujeme s pr&iacute;jmami generovan&yacute;mi prostredn&iacute;ctvom affiliate marketingu. Chceme v&scaron;ak na&scaron;ich &#269;itate&#318;ov uisti&#357;, &#382;e na&scaron;e princ&iacute;py zost&aacute;vaj&uacute; nedotknut&eacute; pridru&#382;en&yacute;mi spolo&#269;nos&#357;ami. Na&scaron;e vo&#318;by pridru&#382;en&yacute;ch spolo&#269;nost&iacute; s&uacute; v s&uacute;lade s produktmi a slu&#382;bami, ktor&eacute; by n&aacute;&scaron; t&iacute;m osobne pou&#382;&iacute;val, &#269;&iacute;m sa zabezpe&#269;uje n&aacute;&scaron; z&aacute;v&auml;zok k objekt&iacute;vnym inform&aacute;ci&aacute;m.<\/p>\n\n\n\n<p>Udr&#382;anie ziskovosti pri zachovan&iacute; novin&aacute;rskej integrity je dosiahnute&#318;n&eacute;. Na&scaron;a oddanos&#357; transparentnosti a poskytovaniu hodnotn&eacute;ho a nezaujat&eacute;ho obsahu zost&aacute;va neochvejn&aacute;. Zaviazali sme sa poskytova&#357; inform&aacute;cie bez kompromisov v na&scaron;ej oddanosti nezaujat&eacute;mu spravodajstvu.<\/p>\n\n\n\n<h2 class=\"wp-block-heading\">Nezaujat&aacute; integrita obsahu uprostred affiliate marketingu<\/h2>\n\n\n\n<p>Napriek tomu, &#382;e fungujeme na ziskovom modeli s affiliate marketingom, zachovanie nezaujat&eacute;ho obsahu zost&aacute;va na&scaron;ou neochvejnou prioritou. Rovnov&aacute;ha medzi affiliate partnerstvami a objekt&iacute;vnymi odpor&uacute;&#269;aniami produktov je starostlivo udr&#382;iavan&aacute;.<\/p>\n\n\n\n<p>N&aacute;&scaron; proces v&yacute;beru pridru&#382;en&yacute;ch spolo&#269;nost&iacute; sa zameriava na zos&uacute;ladenie s produktmi a slu&#382;bami, ktor&eacute; preferuje n&aacute;&scaron; t&iacute;m. Na&scaron;e z&aacute;sady zost&aacute;vaj&uacute; pevn&eacute; a na&scaron;i autori a redaktori dodr&#382;iavaj&uacute; pr&iacute;sne redak&#269;n&eacute; pokyny, ktor&eacute; zd&ocirc;raz&#328;uj&uacute; transparentnos&#357;, overovanie faktov a vyh&yacute;banie sa konfliktom z&aacute;ujmov.<\/p>\n\n\n\n<p>Na ochranu integrity n&aacute;&scaron;ho obsahu s&uacute; zaveden&eacute; pr&iacute;sne opatrenia na kontrolu kvality. Okrem toho akt&iacute;vne podporujeme sp&auml;tn&uacute; v&auml;zbu od &#269;itate&#318;ov a hl&aacute;senie ch&yacute;b, pri&#269;om okam&#382;ite opravujeme v&scaron;etky zisten&eacute; chyby.<\/p>\n\n\n\n<p>Na&scaron;&iacute;m kone&#269;n&yacute;m cie&#318;om je poskytn&uacute;&#357; na&scaron;im &#269;itate&#318;om nestrann&eacute;, komplexn&eacute; a transparentn&eacute; inform&aacute;cie bez oh&#318;adu na na&scaron;e pridru&#382;en&eacute; partnerstv&aacute;.<\/p>\n\n\n\n<h2 class=\"wp-block-heading\">V&aacute;&#382;en&eacute; funkcie m&eacute;di&iacute; a pr&iacute;tomnos&#357; soci&aacute;lnych m&eacute;di&iacute;<\/h2>\n\n\n\n<p>Spolo&#269;nos&#357; Dex si vybudovala d&ocirc;veryhodnos&#357; a d&ocirc;veru prostredn&iacute;ctvom funkci&iacute; v popredn&yacute;ch m&eacute;di&aacute;ch a robustnej pr&iacute;tomnosti na soci&aacute;lnych sie&#357;ach.<\/p>\n\n\n\n<p>Webov&aacute; str&aacute;nka si z&iacute;skala uznanie v renomovan&yacute;ch medi&aacute;lnych zdrojoch, ako s&uacute; New York Times, The Guardian, Business Insider, Bloomberg a Huffington Post, a z&iacute;skala zmienky od IBM, TechCrunch, Yahoo Finance, Associated Press, Coindesk, International Business Times, The Observer, a Engadget.<\/p>\n\n\n\n<p>Tieto medi&aacute;lne uznania potvrdzuj&uacute; d&ocirc;veryhodnos&#357; a postavenie spolo&#269;nosti Dex v tomto odvetv&iacute;.<\/p>\n\n\n\n<p>V spojen&iacute; s rozpozn&aacute;van&iacute;m m&eacute;di&iacute; sa Dex m&ocirc;&#382;e pochv&aacute;li&#357; robustnou pr&iacute;tomnos&#357;ou v soci&aacute;lnych m&eacute;di&aacute;ch, pri&#269;om str&aacute;nka na Facebooku m&aacute; 13 000 sledovate&#318;ov a informa&#269;n&yacute; kan&aacute;l Twitter s 13, 3 000 sledovate&#318;ov.<\/p>\n\n\n\n<p>Toto akt&iacute;vne zapojenie sa do soci&aacute;lnych platforiem u&#318;ah&#269;uje priamu interakciu s publikom a &#271;alej posil&#328;uje d&ocirc;veru a d&ocirc;veryhodnos&#357;, ktor&uacute; si Dex vypestoval.<\/p>\n\n<\/div>\n<\/div>\n","protected":false},"excerpt":{"rendered":"<p>Vitajte v Dex, kde na&scaron;e odhodlanie spo&#269;&iacute;va v z&iacute;skavan&iacute; va&scaron;ej d&ocirc;very. Zah&#341;&#328;aj&uacute;ci r&ocirc;znorod&yacute; t&iacute;m viac ako 40 autorov na celom svete sa &scaron;pecializujeme na poskytovanie spo&#318;ahliv&yacute;ch a presn&yacute;ch inform&aacute;ci&iacute; t&yacute;kaj&uacute;cich sa invest&iacute;ci&iacute; a dynamick&eacute;ho krypto priemyslu. Transparentnos&#357; tvor&iacute; jadro na&scaron;ich redak&#269;n&yacute;ch pokynov, ktor&eacute; zaru&#269;uj&uacute; objektivitu a starostliv&eacute; overovanie faktov v na&scaron;om obsahu. Vyu&#382;it&iacute;m na&scaron;ich sk&uacute;senost&iacute; &#8230; <\/p>\n<p class=\"read-more-container\"><a title=\"Pre\u010do n\u00e1m d\u00f4verova\u0165\" class=\"read-more button\" href=\"https:\/\/dex.ag\/sk\/preco-nam-doverovat\/#more-25546\" aria-label=\"Pre\u010d\u00edtajte si viac o Pre\u010do n\u00e1m d\u00f4verova\u0165\">Read more<\/a><\/p>\n","protected":false},"author":2,"featured_media":0,"parent":0,"menu_order":0,"comment_status":"closed","ping_status":"closed","template":"","meta":{"footnotes":""},"class_list":["post-25546","page","type-page","status-publish"],"_links":{"self":[{"href":"https:\/\/dex.ag\/sk\/wp-json\/wp\/v2\/pages\/25546","targetHints":{"allow":["GET"]}}],"collection":[{"href":"https:\/\/dex.ag\/sk\/wp-json\/wp\/v2\/pages"}],"about":[{"href":"https:\/\/dex.ag\/sk\/wp-json\/wp\/v2\/types\/page"}],"author":[{"embeddable":true,"href":"https:\/\/dex.ag\/sk\/wp-json\/wp\/v2\/users\/2"}],"replies":[{"embeddable":true,"href":"https:\/\/dex.ag\/sk\/wp-json\/wp\/v2\/comments?post=25546"}],"version-history":[{"count":0,"href":"https:\/\/dex.ag\/sk\/wp-json\/wp\/v2\/pages\/25546\/revisions"}],"wp:attachment":[{"href":"https:\/\/dex.ag\/sk\/wp-json\/wp\/v2\/media?parent=25546"}],"curies":[{"name":"wp","href":"https:\/\/api.w.org\/{rel}","templated":true}]}}