{"id":11873,"date":"2021-05-30T18:26:45","date_gmt":"2021-05-30T18:26:45","guid":{"rendered":"https:\/\/dex.ag\/o-stranke\/"},"modified":"2024-10-20T09:21:48","modified_gmt":"2024-10-20T09:21:48","slug":"about","status":"publish","type":"page","link":"https:\/\/dex.ag\/sk\/about\/","title":{"rendered":"O str\u00e1nke"},"content":{"rendered":"<?xml encoding=\"UTF-8\"><div class=\"gb-container gb-container-fdbd6300\"><div class=\"gb-inside-container\">\n<div class=\"gb-grid-wrapper gb-grid-wrapper-126af6dc\">\n<div class=\"gb-grid-column gb-grid-column-c1544595\"><div class=\"gb-container gb-container-c1544595\"><div class=\"gb-inside-container\">\n\n<h2 class=\"gb-headline gb-headline-b526b385\"><span class=\"gb-icon\"><svg xmlns=\"http:\/\/www.w3.org\/2000\/svg\" viewbox=\"0 0 80 42\" data-name=\"subtract\"><path d=\"M0 20.06h80v1.87H0z\"><\/path><\/svg><\/span><span class=\"gb-headline-text\">O spolo&#269;nosti DEX.AG<\/span><\/h2>\n\n\n\n<h2 class=\"gb-headline gb-headline-a14ed650 gb-headline-text\">&#268;o je <mark class=\"gb-highlight\">DEX<\/mark>.AG?<\/h2>\n\n\n\n<p>Vitajte na na&scaron;ej str&aacute;nke O n&aacute;s, kde sa dozviete viac o na&scaron;ej spolo&#269;nosti, na&scaron;om poslan&iacute; a hodnot&aacute;ch, ktor&eacute; n&aacute;s ved&uacute; k tomu, aby sme na&scaron;im klientom poskytovali &scaron;pi&#269;kov&eacute; technol&oacute;gie algoritmick&eacute;ho obchodovania a vykon&aacute;vania obchodov.<\/p>\n\n<\/div><\/div><\/div>\n\n<div class=\"gb-grid-column gb-grid-column-b910f0a6\"><div class=\"gb-container gb-container-b910f0a6\"><div class=\"gb-inside-container\">\n\n<figure class=\"wp-block-image size-full is-resized\"><img decoding=\"async\" src=\"https:\/\/dex.ag\/wp-content\/uploads\/2021\/06\/about_vector.svg\" alt=\"O vektore\" class=\"wp-image-373\" style=\"width:526px;height:361px\" title=\"\"><\/figure>\n\n<\/div><\/div><\/div>\n<\/div>\n<\/div><div class=\"gb-shapes\"><div class=\"gb-shape gb-shape-1\"><svg xmlns=\"http:\/\/www.w3.org\/2000\/svg\" viewbox=\"0 0 1200 230.8\" preserveaspectratio=\"none\"><path d=\"M1200 179.5l-22.2-26.7c-22.2-26.7-66.9-80-111.1-75.6-44.4 4.8-89.2 66.4-133.3 102.2-44.4 35.8-89.2 44.2-133.3 8.9-44.4-35.6-89.2-115.6-133.3-155.6-44.4-40-89.2-40-133.3-17.8C488.9 37 444.2 82 400 81.7c-44.4.2-89.2-44.8-133.3-57.8-44.4-13.6-89.2 4.8-133.3 26.7-44.5 22.2-89.2 48.9-110.9 62.2L0 126.1v104.7H1199.7l.3-51.3z\"><\/path><\/svg><\/div><\/div><\/div><div class=\"gb-container gb-container-91b231bf\"><div class=\"gb-inside-container\">\n\n<h3 class=\"gb-headline gb-headline-a163fdff gb-headline-text\">N&aacute;&scaron; pr&iacute;beh<\/h3>\n\n\n<div class=\"gb-grid-wrapper gb-grid-wrapper-409ddfb8\">\n<div class=\"gb-grid-column gb-grid-column-a955004c\"><div class=\"gb-container gb-container-a955004c\"><div class=\"gb-inside-container\">\n\n<p>Na&scaron;a cesta sa za&#269;ala spolo&#269;nou v&aacute;&scaron;&#328;ou pre finan&#269;n&eacute; trhy a v&iacute;ziou posilni&#357; postavenie obchodn&iacute;kov pomocou &scaron;pi&#269;kov&yacute;ch n&aacute;strojov a technol&oacute;gi&iacute;. Videli sme rast&uacute;ci dopyt po pokro&#269;il&yacute;ch rie&scaron;eniach algoritmick&eacute;ho obchodovania a v&#271;aka hlbok&yacute;m odborn&yacute;m znalostiam n&aacute;&scaron;ho t&iacute;mu v oblasti financi&iacute; a technol&oacute;gi&iacute; sme sa rozhodli vytvori&#357; spolo&#269;nos&#357;, ktor&aacute; by tieto po&#382;iadavky dok&aacute;zala splni&#357; a prekona&#357;.<\/p>\n\n<\/div><\/div><\/div>\n\n<div class=\"gb-grid-column gb-grid-column-31111a3b\"><div class=\"gb-container gb-container-31111a3b\"><div class=\"gb-inside-container\">\n\n<p>Od svojho vzniku sa venujeme poskytovaniu inovat&iacute;vnych rie&scaron;en&iacute; pre obchodn&iacute;kov s cie&#318;om zv&yacute;&scaron;i&#357; ich obchodn&yacute; v&yacute;kon a zefekt&iacute;vni&#357; ich oper&aacute;cie. Na&scaron;e slu&#382;by zah&#341;&#328;aj&uacute; v&yacute;voj algoritmov obchodovania na mieru, technol&oacute;giu vysokor&yacute;chlostn&eacute;ho vykon&aacute;vania obchodov, automatizovan&uacute; spr&aacute;vu portf&oacute;lia a komplexn&eacute; vzdel&aacute;vacie zdroje.<\/p>\n\n<\/div><\/div><\/div>\n<\/div>\n\n\n<h3 class=\"gb-headline gb-headline-a4c83453 gb-headline-text\">Na&scaron;e poslanie<\/h3>\n\n\n<div class=\"gb-grid-wrapper gb-grid-wrapper-e845a2b2\">\n<div class=\"gb-grid-column gb-grid-column-00402c3f\"><div class=\"gb-container gb-container-00402c3f\"><div class=\"gb-inside-container\">\n\n<p>Na&scaron;&iacute;m poslan&iacute;m je umo&#382;ni&#357; obchodn&iacute;kom naplno vyu&#382;i&#357; svoj potenci&aacute;l na finan&#269;n&yacute;ch trhoch t&yacute;m, &#382;e im poskytneme najmodernej&scaron;ie technol&oacute;gie algoritmick&eacute;ho obchodovania a realiz&aacute;cie obchodov. Zaviazali sme sa poskytova&#357; personalizovan&eacute; rie&scaron;enia, neust&aacute;le inov&aacute;cie a v&yacute;nimo&#269;n&uacute; z&aacute;kazn&iacute;cku podporu, aby sme na&scaron;im klientom pomohli prosperova&#357; v ich obchodn&yacute;ch aktivit&aacute;ch.<\/p>\n\n<\/div><\/div><\/div>\n\n<div class=\"gb-grid-column gb-grid-column-9db5e0cb\"><div class=\"gb-container gb-container-9db5e0cb\"><div class=\"gb-inside-container\">\n\n<figure class=\"wp-block-image size-full\"><img loading=\"lazy\" decoding=\"async\" width=\"748\" height=\"191\" src=\"https:\/\/dex.ag\/wp-content\/uploads\/2023\/05\/dex_logo.png\" alt=\"\" class=\"wp-image-6262\" title=\"\" srcset=\"https:\/\/dex.ag\/wp-content\/uploads\/2023\/05\/dex_logo.png 748w, https:\/\/dex.ag\/wp-content\/uploads\/2023\/05\/dex_logo-300x77.png 300w\" sizes=\"auto, (max-width: 748px) 100vw, 748px\" \/><\/figure>\n\n<\/div><\/div><\/div>\n<\/div>\n\n\n<h3 class=\"gb-headline gb-headline-fda5482c gb-headline-text\">Na&scaron;e hodnoty<\/h3>\n\n\n<div class=\"gb-grid-wrapper gb-grid-wrapper-6832cbc4\">\n<div class=\"gb-grid-column gb-grid-column-271f76e1\"><div class=\"gb-container gb-container-271f76e1\"><div class=\"gb-inside-container\">\n\n<h4 class=\"gb-headline gb-headline-4bd206bb gb-headline-text\">Inov&aacute;cie<\/h4>\n\n\n\n<p>Ver&iacute;me, &#382;e k&#318;&uacute;&#269;om k udr&#382;aniu si n&aacute;skoku v r&yacute;chlom svete algoritmick&eacute;ho obchodovania s&uacute; neust&aacute;le inov&aacute;cie. N&aacute;&scaron; t&iacute;m neust&aacute;le sk&uacute;ma nov&eacute; technol&oacute;gie, techniky a strat&eacute;gie, aby sme na&scaron;im klientom zabezpe&#269;ili pr&iacute;stup k najmodernej&scaron;&iacute;m n&aacute;strojom a rie&scaron;eniam.<\/p>\n\n\n\n<h4 class=\"gb-headline gb-headline-5a87a002 gb-headline-text\">Excellence<\/h4>\n\n\n\n<p>Usilujeme sa o dokonalos&#357; vo v&scaron;etkom, &#269;o rob&iacute;me, od v&yacute;voja na&scaron;ich obchodn&yacute;ch algoritmov a&#382; po podporu, ktor&uacute; poskytujeme na&scaron;im klientom. N&aacute;&scaron; t&iacute;m odborn&iacute;kov s nad&scaron;en&iacute;m pom&aacute;ha na&scaron;im klientom dosahova&#357; ich ciele a neust&aacute;le dosahuje vynikaj&uacute;ce v&yacute;sledky.<\/p>\n\n\n\n<h4 class=\"gb-headline gb-headline-1f345d32 gb-headline-text\">Vzdel&aacute;vanie<\/h4>\n\n\n\n<p>Na&scaron;im klientom sa sna&#382;&iacute;me poskytova&#357; znalosti a zdroje, ktor&eacute; potrebuj&uacute; na to, aby uspeli vo svete algoritmick&eacute;ho obchodovania. Na&scaron;e komplexn&eacute; vzdel&aacute;vacie materi&aacute;ly, &scaron;koliace programy a odborn&eacute; poradenstvo umo&#382;&#328;uj&uacute; obchodn&iacute;kom prij&iacute;ma&#357; informovan&eacute; rozhodnutia a neust&aacute;le zlep&scaron;ova&#357; svoje zru&#269;nosti.<\/p>\n\n<\/div><\/div><\/div>\n\n<div class=\"gb-grid-column gb-grid-column-03decd79\"><div class=\"gb-container gb-container-03decd79\"><div class=\"gb-inside-container\">\n\n<h4 class=\"gb-headline gb-headline-ee13a7cf gb-headline-text\">Integrita<\/h4>\n\n\n\n<p>Vo v&scaron;etk&yacute;ch aspektoch n&aacute;&scaron;ho podnikania sa sna&#382;&iacute;me zachov&aacute;va&#357; najvy&scaron;&scaron;iu &uacute;rove&#328; integrity. Na&scaron;e vz&#357;ahy s klientmi s&uacute; zalo&#382;en&eacute; na d&ocirc;vere, transparentnosti a skuto&#269;nom z&aacute;ujme o ich &uacute;spech.<\/p>\n\n\n\n<h4 class=\"gb-headline gb-headline-a23a55fe gb-headline-text\">Spolupr&aacute;ca<\/h4>\n\n\n\n<p>Uvedomujeme si silu spolupr&aacute;ce a t&iacute;movej pr&aacute;ce. N&aacute;&scaron; t&iacute;m odborn&iacute;kov &uacute;zko spolupracuje s klientmi, aby pochopil ich jedine&#269;n&eacute; potreby a vytvoril rie&scaron;enia na mieru, ktor&eacute; s&uacute; v s&uacute;lade s ich cie&#318;mi a z&aacute;mermi.<\/p>\n\n<\/div><\/div><\/div>\n<\/div>\n\n\n<p>Sme hrd&iacute; na vplyv na&scaron;ich slu&#382;ieb na obchodn&uacute; komunitu a te&scaron;&iacute;me sa, &#382;e m&ocirc;&#382;eme pokra&#269;ova&#357; v inov&aacute;ci&aacute;ch a &uacute;spechoch vo svete algoritmick&eacute;ho obchodovania a technol&oacute;gi&iacute; na vykon&aacute;vanie obchodov. Ak sa chcete dozvedie&#357; viac o na&scaron;ich slu&#382;b&aacute;ch alebo zisti&#357;, ako v&aacute;m m&ocirc;&#382;eme pom&ocirc;c&#357; dosiahnu&#357; va&scaron;e obchodn&eacute; ciele, nev&aacute;hajte kontaktova&#357; n&aacute;&scaron; t&iacute;m.<\/p>\n\n<\/div><\/div><div class=\"gb-container gb-container-00032283\"><div class=\"gb-inside-container\">\n<div class=\"gb-grid-wrapper gb-grid-wrapper-294048d8\">\n<div class=\"gb-grid-column gb-grid-column-a2f60060\"><div class=\"gb-container gb-container-a2f60060\"><div class=\"gb-inside-container\">\n\n<p class=\"gb-headline gb-headline-96afd785 gb-headline-text\">14360+<\/p>\n\n\n\n<p class=\"gb-headline gb-headline-2e4c579e gb-headline-text\">&Scaron;&#357;astn&iacute; pou&#382;&iacute;vatelia<\/p>\n\n<\/div><\/div><\/div>\n\n<div class=\"gb-grid-column gb-grid-column-43b4aee2\"><div class=\"gb-container gb-container-43b4aee2\"><div class=\"gb-inside-container\">\n\n<p class=\"gb-headline gb-headline-3aca3518 gb-headline-text\">9325+<\/p>\n\n\n\n<p class=\"gb-headline gb-headline-9ce698c0 gb-headline-text\">Investori<\/p>\n\n<\/div><\/div><\/div>\n\n<div class=\"gb-grid-column gb-grid-column-8c949490\"><div class=\"gb-container gb-container-8c949490\"><div class=\"gb-inside-container\">\n\n<p class=\"gb-headline gb-headline-bf175163 gb-headline-text\">448<\/p>\n\n\n\n<p class=\"gb-headline gb-headline-52d2fe77 gb-headline-text\">Akt&iacute;vne servery<\/p>\n\n<\/div><\/div><\/div>\n<\/div>\n<\/div><\/div><div class=\"gb-container gb-container-b15b1f9c\"><div class=\"gb-inside-container\">\n\n<h2 class=\"gb-headline gb-headline-f659e5fc gb-headline-text\">Na&scaron;i spokojn&iacute; klienti<\/h2>\n\n\n<div class=\"gb-grid-wrapper gb-grid-wrapper-74da678c\">\n<div class=\"gb-grid-column gb-grid-column-f7a20b44\"><div class=\"gb-container gb-container-f7a20b44\"><div class=\"gb-inside-container\">\n<div class=\"gb-grid-wrapper gb-grid-wrapper-a3685fee\">\n<div class=\"gb-grid-column gb-grid-column-218da830\"><div class=\"gb-container gb-container-218da830\"><div class=\"gb-inside-container\">\n<div class=\"wp-block-image is-style-rounded\">\n<figure class=\"aligncenter size-large is-resized\"><img decoding=\"async\" src=\"https:\/\/library.generateblocks.com\/wp-content\/uploads\/2020\/07\/test-6.jpg\" alt=\"\" class=\"wp-image-1671\" style=\"width:100px;height:100px\" title=\"\"><\/figure>\n<\/div>\n<\/div><\/div><\/div>\n\n<div class=\"gb-grid-column gb-grid-column-aa2a8f08\"><div class=\"gb-container gb-container-aa2a8f08\"><div class=\"gb-inside-container\">\n\n<p class=\"gb-headline gb-headline-23f0b2e6 gb-headline-text\">Gina<\/p>\n\n\n\n<p class=\"gb-headline gb-headline-7c2e1eff gb-headline-text\">S&uacute;kromn&yacute; investor<\/p>\n\n<\/div><\/div><\/div>\n<\/div>\n\n\n<p class=\"gb-headline gb-headline-1a1644be gb-headline-text\"><\/p>\n\n<\/div><\/div><\/div>\n\n<div class=\"gb-grid-column gb-grid-column-ceafa2f3\"><div class=\"gb-container gb-container-ceafa2f3\"><div class=\"gb-inside-container\">\n<div class=\"gb-grid-wrapper gb-grid-wrapper-3cb0d1ed\">\n<div class=\"gb-grid-column gb-grid-column-4fccec97\"><div class=\"gb-container gb-container-4fccec97\"><div class=\"gb-inside-container\">\n<div class=\"wp-block-image is-style-rounded\">\n<figure class=\"aligncenter size-large is-resized\"><img decoding=\"async\" src=\"https:\/\/library.generateblocks.com\/wp-content\/uploads\/2020\/07\/test-7.jpg\" alt=\"\" class=\"wp-image-1672\" style=\"width:100px;height:100px\" title=\"\"><\/figure>\n<\/div>\n<\/div><\/div><\/div>\n\n<div class=\"gb-grid-column gb-grid-column-e852e6f9\"><div class=\"gb-container gb-container-e852e6f9\"><div class=\"gb-inside-container\">\n\n<p class=\"gb-headline gb-headline-cbf25a50 gb-headline-text\">Hiko<\/p>\n\n\n\n<p class=\"gb-headline gb-headline-493a5559 gb-headline-text\">BTC Investor<\/p>\n\n<\/div><\/div><\/div>\n<\/div>\n\n\n<p class=\"gb-headline gb-headline-e451054a gb-headline-text\"><\/p>\n\n<\/div><\/div><\/div>\n\n<div class=\"gb-grid-column gb-grid-column-870a84df\"><div class=\"gb-container gb-container-870a84df\"><div class=\"gb-inside-container\">\n<div class=\"gb-grid-wrapper gb-grid-wrapper-49a36406\">\n<div class=\"gb-grid-column gb-grid-column-f812496a\"><div class=\"gb-container gb-container-f812496a\"><div class=\"gb-inside-container\">\n<div class=\"wp-block-image is-style-rounded\">\n<figure class=\"aligncenter size-large is-resized\"><img decoding=\"async\" src=\"https:\/\/library.generateblocks.com\/wp-content\/uploads\/2020\/07\/test-5.jpg\" alt=\"\" class=\"wp-image-1670\" style=\"width:100px;height:100px\" title=\"\"><\/figure>\n<\/div>\n<\/div><\/div><\/div>\n\n<div class=\"gb-grid-column gb-grid-column-534e68e0\"><div class=\"gb-container gb-container-534e68e0\"><div class=\"gb-inside-container\">\n\n<p class=\"gb-headline gb-headline-4501a066 gb-headline-text\">Brad<\/p>\n\n\n\n<p class=\"gb-headline gb-headline-00f539d2 gb-headline-text\">BTC Investor<\/p>\n\n<\/div><\/div><\/div>\n<\/div>\n\n\n<p class=\"gb-headline gb-headline-3e114dd4 gb-headline-text\"><\/p>\n\n<\/div><\/div><\/div>\n<\/div>\n<\/div><\/div><div class=\"gb-container gb-container-858e6d89\"><div class=\"gb-inside-container\">\n<div class=\"gb-grid-wrapper gb-grid-wrapper-5a031acf\">\n<div class=\"gb-grid-column gb-grid-column-ccaa1743\"><div class=\"gb-container gb-container-ccaa1743\"><div class=\"gb-inside-container\">\n\n<h3 class=\"gb-headline gb-headline-bfc3f0c3 gb-headline-text\"><strong>PRIDAJTE SA K N&Aacute;&Scaron;MU T&Iacute;MU<\/strong><\/h3>\n\n<\/div><\/div><\/div>\n\n<div class=\"gb-grid-column gb-grid-column-9062e2b2\"><div class=\"gb-container gb-container-9062e2b2\"><div class=\"gb-inside-container\">\n<div class=\"gb-button-wrapper gb-button-wrapper-3e961ede\">\n\n<a class=\"gb-button gb-button-b7132b20 gb-button-text\" href=\"https:\/\/dex.ag\/sk\/kontakt\/\">Kontaktujte n&aacute;s<\/a>\n\n<\/div>\n<\/div><\/div><\/div>\n<\/div>\n<\/div><\/div>\n","protected":false},"excerpt":{"rendered":"<p>N&aacute;&scaron; pr&iacute;beh Na&scaron;e poslanie Na&scaron;e hodnoty Sme hrd&iacute; na vplyv na&scaron;ich slu&#382;ieb na obchodn&uacute; komunitu a te&scaron;&iacute;me sa, &#382;e m&ocirc;&#382;eme pokra&#269;ova&#357; v inov&aacute;ci&aacute;ch a &uacute;spechoch vo svete algoritmick&eacute;ho obchodovania a technol&oacute;gi&iacute; na vykon&aacute;vanie obchodov. Ak sa chcete dozvedie&#357; viac o na&scaron;ich slu&#382;b&aacute;ch alebo zisti&#357;, ako v&aacute;m m&ocirc;&#382;eme pom&ocirc;c&#357; dosiahnu&#357; va&scaron;e obchodn&eacute; ciele, nev&aacute;hajte kontaktova&#357; n&aacute;&scaron; &#8230; <\/p>\n<p class=\"read-more-container\"><a title=\"O str\u00e1nke\" class=\"read-more button\" href=\"https:\/\/dex.ag\/sk\/about\/#more-11873\" aria-label=\"Pre\u010d\u00edtajte si viac o O str\u00e1nke\">Read more<\/a><\/p>\n","protected":false},"author":2,"featured_media":0,"parent":0,"menu_order":0,"comment_status":"closed","ping_status":"closed","template":"","meta":{"footnotes":""},"class_list":["post-11873","page","type-page","status-publish"],"_links":{"self":[{"href":"https:\/\/dex.ag\/sk\/wp-json\/wp\/v2\/pages\/11873","targetHints":{"allow":["GET"]}}],"collection":[{"href":"https:\/\/dex.ag\/sk\/wp-json\/wp\/v2\/pages"}],"about":[{"href":"https:\/\/dex.ag\/sk\/wp-json\/wp\/v2\/types\/page"}],"author":[{"embeddable":true,"href":"https:\/\/dex.ag\/sk\/wp-json\/wp\/v2\/users\/2"}],"replies":[{"embeddable":true,"href":"https:\/\/dex.ag\/sk\/wp-json\/wp\/v2\/comments?post=11873"}],"version-history":[{"count":0,"href":"https:\/\/dex.ag\/sk\/wp-json\/wp\/v2\/pages\/11873\/revisions"}],"wp:attachment":[{"href":"https:\/\/dex.ag\/sk\/wp-json\/wp\/v2\/media?parent=11873"}],"curies":[{"name":"wp","href":"https:\/\/api.w.org\/{rel}","templated":true}]}}