{"id":118549,"date":"2025-08-07T07:04:47","date_gmt":"2025-08-07T07:04:47","guid":{"rendered":"https:\/\/dex.ag\/kasina-sweetstakes\/"},"modified":"2025-08-21T11:40:00","modified_gmt":"2025-08-21T11:40:00","slug":"sweepstakes-casinos","status":"publish","type":"page","link":"https:\/\/dex.ag\/sk\/sweepstakes-casinos\/","title":{"rendered":"Kas\u00edna s lot\u00e9riami"},"content":{"rendered":"<?xml encoding=\"UTF-8\"><div class=\"gb-container gb-container-bbc00baa\"><div class=\"gb-inside-container\">\n\n<h1 class=\"gb-headline gb-headline-24130f3f gb-headline-text\">Presk&uacute;majte kas&iacute;na so s&uacute;&#357;a&#382;ami: Technol&oacute;gia, recenzie a syst&eacute;my odmien<\/h1>\n\n<\/div><\/div><div class=\"gb-container gb-container-88e8e58a\">\n<div class=\"gb-container gb-container-f84b60d2\">\n\n<p>&#268;i u&#382; chcete porovna&#357; najlep&scaron;ie hodnoten&eacute; kas&iacute;na s lot&eacute;riami, presk&uacute;ma&#357; fungovanie ich propaga&#269;n&yacute;ch odme&#328;ovac&iacute;ch syst&eacute;mov alebo lep&scaron;ie pochopi&#357; ich produktov&uacute; mechaniku &ndash; toto centrum sp&aacute;ja v&scaron;etko na jednom mieste.<\/p>\n\n\n\n<p>Kas&iacute;nov&eacute; automaty Sweepstakes funguj&uacute; trochu inak ako tradi&#269;n&eacute; online kas&iacute;nov&eacute; automaty, ale z&aacute;&#382;itok z nich m&ocirc;&#382;e by&#357; prekvapivo povedom&yacute;. Pou&#382;&iacute;vaj&uacute; kreat&iacute;vne hern&eacute; &scaron;trukt&uacute;ry, propaga&#269;n&eacute; odmeny a inteligentn&eacute; dizajnov&eacute; rie&scaron;enia, aby boli hry p&uacute;tav&eacute;. V z&aacute;kulis&iacute; sa skr&yacute;va ve&#318;a premyslen&eacute;ho syst&eacute;mov&eacute;ho dizajnu, od sp&ocirc;sobu, ak&yacute;m hr&aacute;&#269;i z&iacute;skavaj&uacute; bonusy, a&#382; po &scaron;trukt&uacute;ru ka&#382;dej interakcie.<\/p>\n\n\n\n<p>T&aacute;to sekcia je ur&#269;en&aacute; pre &#318;ud&iacute;, ktor&yacute;m z&aacute;le&#382;&iacute; na tom, ako tieto syst&eacute;my v skuto&#269;nosti funguj&uacute;. N&aacute;jdete tu recenzie oper&aacute;torov, rozbory hern&yacute;ch slu&#269;iek, pr&aacute;vne vysvetlenia a technick&eacute; poznatky o tom, &#269;o riadi modely lot&eacute;ri&iacute; &ndash; od spr&aacute;vania sa frontendu a&#382; po logiku backendu.<\/p>\n\n\n\n<p>Ak sa venujete dizajnu produktov, hern&yacute;m syst&eacute;mom alebo chcete len z&iacute;ska&#357; jasnej&scaron;&iacute; poh&#318;ad na t&uacute;to oblas&#357; z poh&#318;adu tvorcu, tu by ste mali za&#269;a&#357;.<\/p>\n\n\n\n<div class=\"gb-grid-wrapper gb-grid-wrapper-0d54d437 gb-query-loop-wrapper\"><\/div>\n\n<div class=\"gb-container gb-container-cbaedd74 gb-query-loop-pagination\">\n\n\n\n\n\n<\/div>\n\n<\/div>\n<\/div>\n","protected":false},"excerpt":{"rendered":"<p>Presk&uacute;majte kas&iacute;na so s&uacute;&#357;a&#382;ami: Technol&oacute;gia, recenzie a syst&eacute;my odmien &#268;i u&#382; chcete porovna&#357; najlep&scaron;ie hodnoten&eacute; kas&iacute;na s lot&eacute;riami, presk&uacute;ma&#357; fungovanie ich propaga&#269;n&yacute;ch odme&#328;ovac&iacute;ch syst&eacute;mov alebo lep&scaron;ie pochopi&#357; ich produktov&uacute; mechaniku &ndash; toto centrum sp&aacute;ja v&scaron;etko na jednom mieste. Kas&iacute;nov&eacute; automaty Sweepstakes funguj&uacute; trochu inak ako tradi&#269;n&eacute; online kas&iacute;nov&eacute; automaty, ale z&aacute;&#382;itok z nich m&ocirc;&#382;e by&#357; &#8230; <\/p>\n<p class=\"read-more-container\"><a title=\"Kas\u00edna s lot\u00e9riami\" class=\"read-more button\" href=\"https:\/\/dex.ag\/sk\/sweepstakes-casinos\/#more-118549\" aria-label=\"Pre\u010d\u00edtajte si viac o Kas\u00edna s lot\u00e9riami\">Read more<\/a><\/p>\n","protected":false},"author":2,"featured_media":0,"parent":0,"menu_order":0,"comment_status":"closed","ping_status":"closed","template":"","meta":{"footnotes":""},"class_list":["post-118549","page","type-page","status-publish"],"_links":{"self":[{"href":"https:\/\/dex.ag\/sk\/wp-json\/wp\/v2\/pages\/118549","targetHints":{"allow":["GET"]}}],"collection":[{"href":"https:\/\/dex.ag\/sk\/wp-json\/wp\/v2\/pages"}],"about":[{"href":"https:\/\/dex.ag\/sk\/wp-json\/wp\/v2\/types\/page"}],"author":[{"embeddable":true,"href":"https:\/\/dex.ag\/sk\/wp-json\/wp\/v2\/users\/2"}],"replies":[{"embeddable":true,"href":"https:\/\/dex.ag\/sk\/wp-json\/wp\/v2\/comments?post=118549"}],"version-history":[{"count":3,"href":"https:\/\/dex.ag\/sk\/wp-json\/wp\/v2\/pages\/118549\/revisions"}],"predecessor-version":[{"id":119345,"href":"https:\/\/dex.ag\/sk\/wp-json\/wp\/v2\/pages\/118549\/revisions\/119345"}],"wp:attachment":[{"href":"https:\/\/dex.ag\/sk\/wp-json\/wp\/v2\/media?parent=118549"}],"curies":[{"name":"wp","href":"https:\/\/api.w.org\/{rel}","templated":true}]}}