{"id":25611,"date":"2023-10-30T15:42:07","date_gmt":"2023-10-30T15:42:07","guid":{"rendered":"https:\/\/dex.ag\/ka-mes-veicam-parskatus\/"},"modified":"2025-01-25T17:02:52","modified_gmt":"2025-01-25T17:02:52","slug":"how-we-conduct-reviews","status":"publish","type":"page","link":"https:\/\/dex.ag\/lv\/how-we-conduct-reviews\/","title":{"rendered":"K\u0101 m\u0113s veicam p\u0101rskatus"},"content":{"rendered":"<?xml encoding=\"UTF-8\"><div class=\"gb-container gb-container-fdbd6300\"><div class=\"gb-inside-container\">\n<div class=\"gb-grid-wrapper gb-grid-wrapper-126af6dc\">\n<div class=\"gb-grid-column gb-grid-column-c1544595\"><div class=\"gb-container gb-container-c1544595\"><div class=\"gb-inside-container\">\n\n<h2 class=\"gb-headline gb-headline-b526b385\"><span class=\"gb-icon\"><svg xmlns=\"http:\/\/www.w3.org\/2000\/svg\" viewbox=\"0 0 80 42\" data-name=\"subtract\"><path d=\"M0 20.06h80v1.87H0z\"><\/path><\/svg><\/span><span class=\"gb-headline-text\">K&#257; m&#275;s veicam p&#257;rskatus<\/span><\/h2>\n\n\n\n<h2 class=\"gb-headline gb-headline-a14ed650 gb-headline-text\">K&#257; m&#275;s veicam p&#257;rskatus<\/h2>\n\n\n\n<p>M&#275;s savu p&#257;rskat&#299;&scaron;anas procesu uztveram nopietni, lai las&#299;t&#257;jiem sniegtu prec&#299;zu un atjaunin&#257;tu inform&#257;ciju. Lai nodro&scaron;in&#257;tu uzticam&#299;bu, m&#275;s iev&#275;rojam r&#363;p&#299;gu proced&#363;ru.<\/p>\n\n<\/div><\/div><\/div>\n\n<div class=\"gb-grid-column gb-grid-column-b910f0a6\"><div class=\"gb-container gb-container-b910f0a6\"><div class=\"gb-inside-container\">\n\n<figure class=\"gb-block-image gb-block-image-c1bc7d63\"><img loading=\"lazy\" decoding=\"async\" width=\"514\" height=\"372\" class=\"gb-image gb-image-c1bc7d63\" src=\"https:\/\/dex.ag\/wp-content\/uploads\/2023\/10\/hero-blog-1.png\" alt=\"\" title=\"varo&#326;u emu&#257;rs (1)\" srcset=\"https:\/\/dex.ag\/wp-content\/uploads\/2023\/10\/hero-blog-1.png 514w, https:\/\/dex.ag\/wp-content\/uploads\/2023\/10\/hero-blog-1-300x217.png 300w\" sizes=\"auto, (max-width: 514px) 100vw, 514px\"><\/figure>\n\n<\/div><\/div><\/div>\n<\/div>\n<\/div><div class=\"gb-shapes\"><div class=\"gb-shape gb-shape-1\"><svg xmlns=\"http:\/\/www.w3.org\/2000\/svg\" viewbox=\"0 0 1200 230.8\" preserveaspectratio=\"none\"><path d=\"M1200 179.5l-22.2-26.7c-22.2-26.7-66.9-80-111.1-75.6-44.4 4.8-89.2 66.4-133.3 102.2-44.4 35.8-89.2 44.2-133.3 8.9-44.4-35.6-89.2-115.6-133.3-155.6-44.4-40-89.2-40-133.3-17.8C488.9 37 444.2 82 400 81.7c-44.4.2-89.2-44.8-133.3-57.8-44.4-13.6-89.2 4.8-133.3 26.7-44.5 22.2-89.2 48.9-110.9 62.2L0 126.1v104.7H1199.7l.3-51.3z\"><\/path><\/svg><\/div><\/div><\/div><div class=\"gb-container gb-container-91b231bf\"><div class=\"gb-inside-container\">\n<div class=\"gb-grid-wrapper gb-grid-wrapper-409ddfb8\">\n<div class=\"gb-grid-column gb-grid-column-a955004c\"><div class=\"gb-container gb-container-a955004c\"><div class=\"gb-inside-container\">\n\n<h2 class=\"gb-headline gb-headline-ce5f21f5 gb-headline-text\">P&#257;rskat&#299;&scaron;anas process<\/h2>\n\n\n\n<p>DEX p&#257;rskati s&#257;kas ar visaptvero&scaron;u izp&#275;ti, kas ietver produktu apgalvojumu, reput&#257;cijas un lietot&#257;ju zi&#326;ojumu anal&#299;zi. Tas ietver dzi&#316;u iedzi&#316;in&#257;&scaron;anos platformas funkcij&#257;s, funkcionalit&#257;t&#275; un priek&scaron;roc&#299;b&#257;s, ko papildina t&#257;s reput&#257;cijas un lietot&#257;ju atsauksmes. Analiz&#275;jot pieredzi un lietot&#257;ju viedok&#316;us, m&#275;s cen&scaron;amies sniegt detaliz&#275;tu un prec&#299;zu nov&#275;rt&#275;jumu.<\/p>\n\n<\/div><\/div><\/div>\n\n<div class=\"gb-grid-column gb-grid-column-31111a3b\"><div class=\"gb-container gb-container-31111a3b\"><div class=\"gb-inside-container\">\n\n<h2 class=\"gb-headline gb-headline-b5ad5374 gb-headline-text\">P&#275;t&#299;jumi<\/h2>\n\n\n\n<p>DEX p&#275;t&#299;jumi ietver produktu apgalvojumu, reput&#257;cijas un lietot&#257;ju p&#257;rskatu anal&#299;zi tie&scaron;saist&#275;, lai izprastu platformas veiktsp&#275;ju. M&#275;s uzsveram datu v&#257;k&scaron;anu no da&#382;&#257;diem avotiem, lai nodro&scaron;in&#257;tu visaptvero&scaron;u nov&#275;rt&#275;jumu. M&#275;s nov&#275;rt&#275;jam produktu apgalvojumus, lai izprastu platformas pied&#257;v&#257;jumu, savuk&#257;rt reput&#257;cija un lietot&#257;ju zi&#326;ojumi pal&#299;dz noteikt uzticam&#299;bu un lietojam&#299;bu.<\/p>\n\n<\/div><\/div><\/div>\n<\/div>\n\n\n<h2 class=\"gb-headline gb-headline-a4c83453 gb-headline-text\">Test&#275;&scaron;ana<\/h2>\n\n\n<div class=\"gb-grid-wrapper gb-grid-wrapper-e845a2b2\">\n<div class=\"gb-grid-column gb-grid-column-00402c3f\"><div class=\"gb-container gb-container-00402c3f\"><div class=\"gb-inside-container\">\n\n<p>Turpinot savu nov&#275;rt&#275;jumu, m&#275;s akt&#299;vi p&#257;rbaud&#257;m platformas funkcionalit&#257;ti, izmantojot stingru metodolo&#291;iju. Tas ietver re&#291;istr&#275;&scaron;an&#257;s procesa, finans&#275;&scaron;anas iesp&#275;ju, pieejamo l&#299;dzek&#316;u, tirdzniec&#299;bas funkciju un maksu nov&#275;rt&#275;&scaron;anu. DEX m&#275;r&#311;is ir sniegt prec&#299;zu un anal&#299;tisku ieskatu platformas darb&#299;b&#257;.<\/p>\n\n<\/div><\/div><\/div>\n\n<div class=\"gb-grid-column gb-grid-column-9db5e0cb\"><div class=\"gb-container gb-container-9db5e0cb\"><div class=\"gb-inside-container\">\n\n<figure class=\"wp-block-image size-full\"><img loading=\"lazy\" decoding=\"async\" width=\"748\" height=\"191\" src=\"https:\/\/dex.ag\/wp-content\/uploads\/2023\/05\/dex_logo.png\" alt=\"\" class=\"wp-image-6262\" title=\"\" srcset=\"https:\/\/dex.ag\/wp-content\/uploads\/2023\/05\/dex_logo.png 748w, https:\/\/dex.ag\/wp-content\/uploads\/2023\/05\/dex_logo-300x77.png 300w\" sizes=\"auto, (max-width: 748px) 100vw, 748px\" \/><\/figure>\n\n<\/div><\/div><\/div>\n<\/div>\n\n\n<h2 class=\"gb-headline gb-headline-fda5482c gb-headline-text\">Rakst&#299;&scaron;ana<\/h2>\n\n\n<div class=\"gb-grid-wrapper gb-grid-wrapper-6832cbc4\">\n<div class=\"gb-grid-column gb-grid-column-271f76e1\"><div class=\"gb-container gb-container-271f76e1\"><div class=\"gb-inside-container\">\n\n<p>M&#363;su visaptvero&scaron;ie zi&#326;ojumi ir balst&#299;ti uz person&#299;go pieredzi un pla&scaron;iem p&#275;t&#299;jumiem. Rakst&#299;&scaron;anai ir iz&scaron;&#311;iro&scaron;a noz&#299;me, lai nodro&scaron;in&#257;tu m&#363;su v&#275;rt&#275;jumu precizit&#257;ti un pamat&#299;gumu. DEX analiz&#275; test&#275;&scaron;anas laik&#257; sav&#257;kto inform&#257;ciju un sniedz to kodol&#299;gi un skaidri savos p&#257;rskatos.<\/p>\n\n\n\n<h2 class=\"gb-headline gb-headline-5a87a002 gb-headline-text\">Redi&#291;&#275;&scaron;ana<\/h2>\n\n\n\n<p>Redi&#291;&#275;&scaron;anas procesa laik&#257; m&#275;s sadarbojamies, lai uzlabotu precizit&#257;ti un las&#257;m&#299;bu. M&#275;s r&#363;p&#299;gi p&#257;rbaud&#257;m faktus, veicam savstarp&#275;jas atsauces uz konstat&#275;jumiem un nodro&scaron;in&#257;m, ka m&#363;su p&#257;rskati ir viegli saprotami, koncentr&#275;joties uz skaidr&#299;bu un kodol&#299;gumu.<\/p>\n\n\n\n<h2 class=\"gb-headline gb-headline-6e83cd28 gb-headline-text\"><strong>Notiek atjaunin&#257;&scaron;ana<\/strong><\/h2>\n\n\n\n<p>P&#275;c s&#257;kotn&#275;j&#257; p&#257;rskata public&#275;&scaron;anas m&#275;s ap&#326;emamies to atjaunin&#257;t, regul&#257;ri atjauninot to ar jaunu inform&#257;ciju. Tas noz&#299;m&#275;, ka esat inform&#275;ts par jebk&#257;d&#257;m izmai&#326;&#257;m vai atjaunin&#257;jumiem platform&#257;, kas tiek p&#257;rskat&#299;ta, un v&#275;lreiz p&#257;rbaudiet to, lai p&#257;rbaud&#299;tu visas jaun&#257;s pretenzijas vai funkcijas.<\/p>\n\n<\/div><\/div><\/div>\n\n<div class=\"gb-grid-column gb-grid-column-03decd79\"><div class=\"gb-container gb-container-03decd79\"><div class=\"gb-inside-container\">\n\n<h2 class=\"gb-headline gb-headline-a23a55fe gb-headline-text\">Ko m&#275;s p&#257;rbaud&#257;m<\/h2>\n\n\n\n<p>Platformas nov&#275;rt&#275;jum&#257; m&#275;s r&#363;p&#299;gi p&#257;rbaud&#257;m re&#291;istr&#275;&scaron;an&#257;s procesu, finans&#275;juma izv&#275;li, pieejamos l&#299;dzek&#316;us, tirdzniec&#299;bas iesp&#275;jas un saist&#299;t&#257;s maksas.<\/p>\n\n\n\n<p>Attiec&#299;b&#257; uz akt&#299;vu daudzveid&#299;bu m&#275;s nov&#275;rt&#275;jam tirdzniec&#299;bai pieejamo akt&#299;vu spektru, kas ietver fiat opcijas, altcoins un NFT. &Scaron;&#299; anal&#299;ze pal&#299;dz izprast platformas sp&#275;ju piel&#257;goties da&#382;&#257;d&#257;m ieguld&#299;jumu pieej&#257;m un lietot&#257;ju v&#275;lm&#275;m.<\/p>\n\n\n\n<p>Turkl&#257;t m&#275;s iev&#275;rojamu uzsvaru liekam uz klientu atbalsta noz&#299;mi kriptoval&#363;tu jom&#257;. M&#363;su nov&#275;rt&#275;jums aptver katra pakalpojuma sniegt&#257;s pal&#299;dz&#299;bas l&#299;meni, aptverot da&#382;&#257;dus atbalsta veidus un atbalsta lomu ies&#257;c&#275;jiem investoriem.  <\/p>\n\n\n\n<p>DEX ir stingri p&#257;rliecin&#257;ts, ka atsauc&#299;gs un uzticams klientu atbalsts b&#363;tiski ietekm&#275; lietot&#257;ju apmierin&#257;t&#299;bu un vieglumu, jo &#299;pa&scaron;i sare&#382;&#291;&#299;taj&#257; un past&#257;v&#299;gi main&#299;gaj&#257; kriptoval&#363;tu vid&#275;.<\/p>\n\n<\/div><\/div><\/div>\n<\/div>\n\n<div class=\"gb-grid-wrapper gb-grid-wrapper-085849f4\">\n<div class=\"gb-grid-column gb-grid-column-d1e9854e\"><div class=\"gb-container gb-container-d1e9854e\">\n\n<h2 class=\"gb-headline gb-headline-07113e0b gb-headline-text\">Re&#291;istr&#257;cijas process<\/h2>\n\n\n\n<p>M&#275;s analiz&#275;jam nepiecie&scaron;amo inform&#257;ciju un verifik&#257;cijas vienk&#257;r&scaron;&#299;bu da&#382;&#257;diem kontu veidiem. Tas ietver KYC pras&#299;bu p&#257;rskat&#299;&scaron;anu un veikt&#257;s darb&#299;bas, lai p&#257;rbaud&#299;tu lietot&#257;ju identit&#257;ti, nodro&scaron;inot dro&scaron;u un lietot&#257;jam draudz&#299;gu re&#291;istr&#275;&scaron;an&#257;s procesu.<\/p>\n\n<\/div><\/div>\n\n<div class=\"gb-grid-column gb-grid-column-642f7aec\"><div class=\"gb-container gb-container-642f7aec\">\n\n<h2 class=\"gb-headline gb-headline-89654424 gb-headline-text\">Konta finans&#275;&scaron;ana<\/h2>\n\n\n\n<p>M&#275;s nov&#275;rt&#275;jam l&#299;dzek&#316;u pievieno&scaron;anas vienk&#257;r&scaron;&#299;bu, pieejamos maks&#257;jumu veidus un saist&#299;t&#257;s depoz&#299;ta maksas. &#325;emot v&#275;r&#257; da&#382;&#257;das noguld&#299;jumu metodes un to ietekmi uz lietot&#257;jiem ar da&#382;&#257;diem ieguld&#299;jumu m&#275;r&#311;iem, sniedzam ieskatu finans&#275;&scaron;anas proces&#257;.<\/p>\n\n<\/div><\/div>\n<\/div>\n\n<div class=\"gb-grid-wrapper gb-grid-wrapper-3905c06c\">\n<div class=\"gb-grid-column gb-grid-column-274e5fd3\"><div class=\"gb-container gb-container-274e5fd3\">\n\n<h2 class=\"gb-headline gb-headline-e84a280a gb-headline-text\">Pieejamie l&#299;dzek&#316;i<\/h2>\n\n\n\n<p>DEX nov&#275;rt&#275; da&#382;&#257;dus tirdzniec&#299;bai pieejamos akt&#299;vus, tostarp altko&#299;nus un NFT, uzsverot fiat pirkumu noz&#299;mi k&#257; pieejamu ieejas punktu kriptoval&#363;tu tirg&#363;.<\/p>\n\n<\/div><\/div>\n\n<div class=\"gb-grid-column gb-grid-column-0f289e5b\"><div class=\"gb-container gb-container-0f289e5b\">\n\n<h2 class=\"gb-headline gb-headline-180eae16 gb-headline-text\">Trade veidi<\/h2>\n\n\n\n<p>M&#275;s p&#257;rbaud&#257;m platformas funkcijas, kas veicina efekt&#299;vas tirdzniec&#299;bas strat&#275;&#291;ijas, tostarp pas&#363;t&#299;jumu veidus, tirdzniec&#299;bas r&#299;kus, saskarnes lietojam&#299;bu un tirdzniec&#299;bas izpildes &#257;trumu.<\/p>\n\n<\/div><\/div>\n<\/div>\n\n\n<h2 class=\"gb-headline gb-headline-45f415ad gb-headline-text\">Nodevas<\/h2>\n\n\n\n<p>M&#275;s koncentr&#275;jamies uz tirdzniec&#299;bas maksu, depoz&#299;ta maksu, iz&#326;em&scaron;anas maksu un t&#299;kla maksu ietekmi uz lietot&#257;ju visp&#257;r&#275;jo pieredzi. Sal&#299;dzinot maksas da&#382;&#257;d&#257;s platform&#257;s, lietot&#257;ji var pie&#326;emt p&#257;rdom&#257;tus l&#275;mumus, lai optimiz&#275;tu savas tirdzniec&#299;bas darb&#299;bas.<\/p>\n\n\n\n<h2 class=\"gb-headline gb-headline-31f0fe60 gb-headline-text\">BIE&#381;&#256;K UZDOTIE JAUT&#256;JUMI<\/h2>\n\n<\/div><\/div><div id=\"rank-math-faq\" class=\"rank-math-block\">\n<div class=\"rank-math-list \">\n<div id=\"faq-question-1698680147621\" class=\"rank-math-list-item\">\n<h3 class=\"rank-math-question \">K&#257;dus krit&#275;rijus izmantojat platformu p&#257;rskat&#299;&scaron;anai?<\/h3>\n<div class=\"rank-math-answer \">\n\n<p>M&#275;s nov&#275;rt&#275;jam da&#382;&#257;dus aspektus, tostarp re&#291;istr&#275;&scaron;an&#257;s procesu, finans&#275;&scaron;anas iesp&#275;jas, pieejamos l&#299;dzek&#316;us, tirdzniec&#299;bas funkcijas un maksas. M&#363;su krit&#275;riji ir v&#275;rsti uz lietot&#257;ju pieredzi, dro&scaron;&#299;bu un platformas funkcionalit&#257;ti.<\/p>\n\n<\/div>\n<\/div>\n<div id=\"faq-question-1698680173076\" class=\"rank-math-list-item\">\n<h3 class=\"rank-math-question \">Cik bie&#382;i j&#363;s atjaunin&#257;t savas atsauksmes?<\/h3>\n<div class=\"rank-math-answer \">\n\n<p>M&#275;s esam ap&#326;&#275;mu&scaron;ies atjaunin&#257;t savus p&#257;rskatus, regul&#257;ri atjauninot tos ar jaunu inform&#257;ciju. M&#275;s uzraug&#257;m platformas, lai atkl&#257;tu jebk&#257;das izmai&#326;as, atjaunin&#257;jumus vai jaunas funkcijas, un m&#363;su p&#257;rskati atspogu&#316;o visprec&#299;z&#257;ko un atbilsto&scaron;&#257;ko pieejamo inform&#257;ciju.<\/p>\n\n<\/div>\n<\/div>\n<div id=\"faq-question-1698680201015\" class=\"rank-math-list-item\">\n<h3 class=\"rank-math-question \">K&#257; j&#363;s nodro&scaron;in&#257;t savas inform&#257;cijas precizit&#257;ti?<\/h3>\n<div class=\"rank-math-answer \">\n\n<p>M&#363;su komanda veic r&#363;p&#299;gu izp&#275;ti un test&#275;&scaron;anu, sniedz savstarp&#275;jas atsauces uz inform&#257;ciju no vair&#257;kiem uzticamiem avotiem un pla&scaron;i sadarbojas redi&#291;&#275;&scaron;anas procesa laik&#257;. M&#275;s koncentr&#275;jamies uz precizit&#257;ti, faktu p&#257;rbaudi un skaidr&#299;bu, lai sniegtu m&#363;su las&#299;t&#257;jiem uzticamu inform&#257;ciju.<\/p>\n\n<\/div>\n<\/div>\n<div id=\"faq-question-1698680227460\" class=\"rank-math-list-item\">\n<h3 class=\"rank-math-question \">Kam j&#363;s sav&#257;s atsauksm&#275;s pie&scaron;&#311;irat priorit&#257;ti?<\/h3>\n<div class=\"rank-math-answer \">\n\n<p>M&#275;s izvirz&#257;m priorit&#257;ti, lai sniegtu saviem las&#299;t&#257;jiem prec&#299;zu un anal&#299;tisku ieskatu platformas darb&#299;b&#257;. Lietot&#257;ju pieredze, dro&scaron;&#299;ba, funkcionalit&#257;te un maksas ir viena no galvenaj&#257;m m&#363;su probl&#275;m&#257;m, veicot p&#257;rskat&#299;&scaron;anu.<\/p>\n\n<\/div>\n<\/div>\n<\/div>\n<\/div>\n","protected":false},"excerpt":{"rendered":"<p>Test&#275;&scaron;ana Rakst&#299;&scaron;ana Nodevas M&#275;s koncentr&#275;jamies uz tirdzniec&#299;bas maksu, depoz&#299;ta maksu, iz&#326;em&scaron;anas maksu un t&#299;kla maksu ietekmi uz lietot&#257;ju visp&#257;r&#275;jo pieredzi. Sal&#299;dzinot maksas da&#382;&#257;d&#257;s platform&#257;s, lietot&#257;ji var pie&#326;emt p&#257;rdom&#257;tus l&#275;mumus, lai optimiz&#275;tu savas tirdzniec&#299;bas darb&#299;bas. BIE&#381;&#256;K UZDOTIE JAUT&#256;JUMI<\/p>\n","protected":false},"author":2,"featured_media":0,"parent":0,"menu_order":0,"comment_status":"closed","ping_status":"closed","template":"","meta":{"footnotes":""},"class_list":["post-25611","page","type-page","status-publish"],"_links":{"self":[{"href":"https:\/\/dex.ag\/lv\/wp-json\/wp\/v2\/pages\/25611","targetHints":{"allow":["GET"]}}],"collection":[{"href":"https:\/\/dex.ag\/lv\/wp-json\/wp\/v2\/pages"}],"about":[{"href":"https:\/\/dex.ag\/lv\/wp-json\/wp\/v2\/types\/page"}],"author":[{"embeddable":true,"href":"https:\/\/dex.ag\/lv\/wp-json\/wp\/v2\/users\/2"}],"replies":[{"embeddable":true,"href":"https:\/\/dex.ag\/lv\/wp-json\/wp\/v2\/comments?post=25611"}],"version-history":[{"count":0,"href":"https:\/\/dex.ag\/lv\/wp-json\/wp\/v2\/pages\/25611\/revisions"}],"wp:attachment":[{"href":"https:\/\/dex.ag\/lv\/wp-json\/wp\/v2\/media?parent=25611"}],"curies":[{"name":"wp","href":"https:\/\/api.w.org\/{rel}","templated":true}]}}