{"id":25530,"date":"2023-10-30T16:04:56","date_gmt":"2023-10-30T16:04:56","guid":{"rendered":"https:\/\/dex.ag\/kapec-mums-uzticeties\/"},"modified":"2023-10-30T16:13:47","modified_gmt":"2023-10-30T16:13:47","slug":"kapec-mums-uzticeties","status":"publish","type":"page","link":"https:\/\/dex.ag\/lv\/kapec-mums-uzticeties\/","title":{"rendered":"K\u0101p\u0113c mums uztic\u0113ties"},"content":{"rendered":"<?xml encoding=\"UTF-8\"><div class=\"gb-container gb-container-ff5a9dc1\">\n<div class=\"gb-container gb-container-0afcd6e9\">\n\n<p>Laipni l&#363;dzam Dex, kur m&#363;su cent&#299;ba ir izpeln&#299;ties j&#363;su uztic&#299;bu.<\/p>\n\n\n\n<p>M&#275;s veidojam daudzveid&#299;gu komandu, kur&#257; ir vair&#257;k nek&#257; 40 rakstnieku vis&#257; pasaul&#275;, un m&#275;s specializ&#275;jamies uzticamas, prec&#299;zas inform&#257;cijas snieg&scaron;an&#257; par invest&#299;cij&#257;m un dinamisko kriptoval&#363;tu nozari.<\/p>\n\n\n\n<p>P&#257;rredzam&#299;ba ir m&#363;su redakcion&#257;lo vadl&#299;niju pamat&#257;, kas garant&#275; objektivit&#257;ti un r&#363;p&#299;gu faktu p&#257;rbaudi m&#363;su satur&#257;.<\/p>\n\n\n\n<p>Izmantojot m&#363;su tie&scaron;u pieredzi un atzin&#299;bu cien&#299;jamos pla&scaron;sazi&#326;as l&#299;dzek&#316;os, m&#275;s cen&scaron;amies sniegt jums zin&#257;&scaron;anas, kas nepiecie&scaron;amas, lai pie&#326;emtu p&#257;rdom&#257;tus l&#275;mumus.<\/p>\n\n\n\n<p>Pa&#316;aujieties uz to, ka m&#275;s nodro&scaron;in&#257;sim objekt&#299;vu saturu un nenov&#275;rt&#275;jamu ieskatu, kuram varat uztic&#275;ties.<\/p>\n\n\n\n<h2 class=\"wp-block-heading\">Prasm&#299;ga un specializ&#275;ta rakst&#299;&scaron;anas komanda<\/h2>\n\n\n\n<p>Dex m&#363;su komand&#257; ir pieredz&#275;ju&scaron;i un specializ&#275;ti rakstnieki, kas nodarbojas ar augst&#257;k&#257; l&#299;me&#326;a satura kvalit&#257;tes uztur&#275;&scaron;anu. &Scaron;iem rakstniekiem ir padzi&#316;in&#257;ta izpratne par invest&#299;ciju un kriptoval&#363;tu jom&#257;m, ko atbalsta pla&scaron;as zin&#257;&scaron;anas un nozares ieskats.<\/p>\n\n\n\n<p>Atpaliekot no jaun&#257;kaj&#257;m tendenc&#275;m, noteikumiem un nozares att&#299;st&#299;bas tendenc&#275;m, m&#363;su rakstnieki past&#257;v&#299;gi sniedz auditorijai prec&#299;zu un saprotamu inform&#257;ciju. Daudzi m&#363;su komandas darbinieki lepojas ar tie&scaron;u iesaist&#299;&scaron;anos invest&#299;cij&#257;s un kriptoval&#363;tu sf&#275;r&#257;, sniedzot vi&#326;iem &#299;pa&scaron;u skat&#299;jumu uz izaicin&#257;jumiem un iesp&#275;j&#257;m, ar kur&#257;m saskaras investori.<\/p>\n\n\n\n<p>&Scaron;&#299; bag&#257;t&#299;g&#257; pieredze &#316;auj vi&#326;iem sniegt atbilsto&scaron;u, informat&#299;vu un v&#275;rt&#299;gu saturu m&#363;su las&#299;t&#257;jiem. M&#275;s &#316;oti lepojamies ar m&#363;su rakstnieku zin&#257;&scaron;an&#257;m un nozares izpratni, jo vi&#326;i iev&#275;rojami veicina Dex slaveno izcil&#299;bas standartu uztur&#275;&scaron;anu.<\/p>\n\n\n\n<h2 class=\"wp-block-heading\">Skaidri un atv&#275;rti redakcion&#257;lie standarti<\/h2>\n\n\n\n<p>M&#363;su pamat&#257; ir p&#257;rredzami redakcion&#257;lie standarti, kas uzsver m&#363;su ap&#326;em&scaron;anos nodro&scaron;in&#257;t uzticam&#299;bu. M&#275;s atz&#299;stam caurskat&#257;m&#299;bas galveno lomu &#382;urn&#257;listik&#257;, par priorit&#257;ti izvirzot redakcion&#257;lo god&#299;gumu un izvair&#299;&scaron;anos no intere&scaron;u konfliktiem.<\/p>\n\n\n\n<p>M&#363;su vadl&#299;nij&#257;s ir likts liels uzsvars uz visaptvero&scaron;u faktu p&#257;rbaudi un inform&#257;cijas p&#257;rbaudi pirms public&#275;&scaron;anas. M&#275;s cen&scaron;amies iepaz&#299;stin&#257;t m&#363;su las&#299;t&#257;jus ar prec&#299;zu un objekt&#299;vu saturu, bez &#257;r&#275;jas ietekmes. &Scaron;o vadl&#299;niju iev&#275;ro&scaron;ana ir m&#363;su rakstnieku galven&#257; cer&#299;ba, nodro&scaron;inot visaugst&#257;kos &#382;urn&#257;listikas &#275;tikas standartus.<\/p>\n\n\n\n<p>M&#275;s cen&scaron;amies saglab&#257;t caursp&#299;d&#299;gumu visos procesos, s&#257;kot no specializ&#275;tu rakstnieku atlases l&#299;dz r&#363;p&#299;gai korekt&#363;rai un redi&#291;&#275;&scaron;anai. Iev&#275;rojot &scaron;os standartus, m&#363;su m&#275;r&#311;is ir veicin&#257;t m&#363;su las&#299;t&#257;ju uztic&#275;&scaron;anos un konsekventi sniegt uzticamu, uzticamu inform&#257;ciju.<\/p>\n\n\n\n<h2 class=\"wp-block-heading\">Nep&#257;rtraukts un pieejams stils<\/h2>\n\n\n\n<p>Konsekvence un pieejam&#299;ba nosaka m&#363;su pieeju, izmantojot skaidru un kodol&#299;gu valodu visos m&#363;su rakstos. Tas nodro&scaron;ina, ka m&#363;su saturs joproj&#257;m ir viegli saprotams un sal&#299;dzin&#257;ms pat tad, ja iedzi&#316;in&#257;ties sare&#382;&#291;&#299;t&#257;s t&#275;m&#257;s. Konsekvents tonis vairo m&#363;su las&#299;t&#257;ju uztic&#299;bu un nodro&scaron;ina nevainojamu las&#299;&scaron;anas pieredzi.<\/p>\n\n\n\n<p>Lai vienk&#257;r&scaron;otu sare&#382;&#291;&#299;tus priek&scaron;metus, m&#275;s izmantojam da&#382;&#257;das strat&#275;&#291;ijas. M&#275;s dekonstru&#275;jam sare&#382;&#291;&#299;tus j&#275;dzienus viegl&#257;k sagremojamos terminos, iek&#316;aujam piem&#275;rus un analo&#291;ijas, lai uzlabotu izpratni, un, ja nepiecie&scaron;ams, izmantojam vizu&#257;los materi&#257;lus. Turkl&#257;t m&#275;s izvair&#257;mies no &#382;argona un tehnisk&#257;s valodas, kas var&#275;tu mulsin&#257;t m&#363;su las&#299;t&#257;jus.<\/p>\n\n\n\n<h2 class=\"wp-block-heading\">Visaptvero&scaron;a p&#257;rskat&#299;&scaron;anas un redi&#291;&#275;&scaron;anas proced&#363;ra<\/h2>\n\n\n\n<p>Ap&#326;emoties nodro&scaron;in&#257;t skaidru un saprotamu saturu, m&#275;s r&#363;p&#299;gi izskat&#257;m un redi&#291;&#275;jam katru rakstu, lai nodro&scaron;in&#257;tu precizit&#257;ti un profesionalit&#257;ti. M&#363;su prasm&#299;g&#257; korektoru komanda r&#363;p&#299;gi p&#257;rbauda katru satura da&#316;u, identific&#275;jot un izlabojot visas k&#316;&#363;das vai neatbilst&#299;bas. &Scaron;is process ietver r&#363;p&#299;gu gramatikas, pareizrakst&#299;bas, pieturz&#299;mju un faktu precizit&#257;tes nov&#275;rt&#275;&scaron;anu.<\/p>\n\n\n\n<p>Turkl&#257;t m&#275;s esam izveidoju&scaron;i k&#316;&#363;du zi&#326;o&scaron;anas protokolus, kas &#316;auj las&#299;t&#257;jiem inform&#275;t m&#363;s par vis&#257;m konstat&#275;taj&#257;m k&#316;&#363;d&#257;m. M&#275;s augstu v&#275;rt&#275;jam p&#257;rredzam&#299;bu un nopietni risin&#257;m un nekav&#275;joties izlabojam zi&#326;ot&#257;s k&#316;&#363;das.<\/p>\n\n\n\n<p>M&#363;su galvenais m&#275;r&#311;is ir sniegt m&#363;su las&#299;t&#257;jiem uzticamu un uzticamu inform&#257;ciju, un m&#363;su stingrais p&#257;rskat&#299;&scaron;anas process ir galvenais solis &scaron;&#299; m&#275;r&#311;a sasnieg&scaron;an&#257;.<\/p>\n\n\n\n<h2 class=\"wp-block-heading\">Redakcijas neatkar&#299;bas saglab&#257;&scaron;ana un attur&#275;&scaron;an&#257;s no tre&scaron;o pu&scaron;u maks&#257;jumiem<\/h2>\n\n\n\n<p>Lai aizsarg&#257;tu m&#363;su redakcion&#257;lo neatkar&#299;bu un mazin&#257;tu iesp&#275;jamos intere&scaron;u konfliktus, m&#275;s stingri iev&#275;rojam politiku, kas attiecas uz tre&scaron;o pu&scaron;u maks&#257;jumu noraid&#299;&scaron;anu par konkr&#275;t&#257;m t&#275;m&#257;m. &Scaron;&#299; stingr&#257; cent&#299;ba iev&#275;rot &#382;urn&#257;listikas &#275;tiskos standartus ir &#316;oti svar&#299;ga, lai saglab&#257;tu m&#363;su redakcijas integrit&#257;ti.<\/p>\n\n\n\n<p>M&#275;s esam p&#257;rliecin&#257;ti, ka objekt&#299;va zi&#326;o&scaron;ana ir b&#363;tiska, lai sniegtu m&#363;su las&#299;t&#257;jiem prec&#299;zu un uzticamu inform&#257;ciju. Noraidot tre&scaron;o pu&scaron;u maks&#257;jumus, m&#275;s savu las&#299;t&#257;ju intereses izvirz&#257;m par priorit&#257;ti virs &#257;r&#275;j&#257;m ietekm&#275;m. &Scaron;&#299; politika nodro&scaron;ina m&#363;su objektivit&#257;ti un saglab&#257; m&#363;su satura integrit&#257;ti, kas ir br&#299;va no nepamatotas ietekmes.<\/p>\n\n\n\n<p>M&#363;su nelok&#257;m&#257; ap&#326;em&scaron;an&#257;s nodro&scaron;in&#257;t p&#257;rredzamu un visaptvero&scaron;u zi&#326;o&scaron;anu ir balst&#299;ta uz m&#363;su cent&#299;bu nodro&scaron;in&#257;t redakcion&#257;lo neatkar&#299;bu, kas ir m&#363;su &#382;urn&#257;listikas principu st&#363;rakmens.<\/p>\n\n\n\n<h2 class=\"wp-block-heading\">Uzticama re&#257;llaika datu integr&#257;cija<\/h2>\n\n\n\n<p>Re&#257;llaika inform&#257;cijas uzticam&#299;bas nodro&scaron;in&#257;&scaron;ana ir m&#363;su ap&#326;em&scaron;an&#257;s st&#363;rakmens. M&#275;s r&#363;p&#299;gi atlas&#257;m un integr&#275;jam API, piem&#275;ram, CoinAPI un CoinMarketCap API, lai garant&#275;tu &#257;trus un prec&#299;zus datus. &Scaron;&#299;s API ir izv&#275;l&#275;tas, &#326;emot v&#275;r&#257; to noteikto uzticam&#299;bu un p&#257;rbaud&#299;tos rezult&#257;tus.<\/p>\n\n\n\n<p>Stingra platformu un lietot&#326;u test&#275;&scaron;ana ir ar&#299; m&#363;su procesa sast&#257;vda&#316;a, nodro&scaron;inot precizit&#257;ti un uzticam&#299;bu. M&#363;su rakstnieki iedzi&#316;in&#257;s vi&#326;u aptvertaj&#257;s platform&#257;s, nov&#275;rt&#275;jot re&#291;istr&#257;ciju, depoz&#299;ta proced&#363;ras, tirdzniec&#299;bas saskarnes, maksas, dro&scaron;&#299;bu un atbalstu. Lai apstiprin&#257;tu sniegt&#257;s inform&#257;cijas precizit&#257;ti un uzticam&#299;bu, tiek izmantotas r&#363;p&#299;gas test&#275;&scaron;anas metodes.<\/p>\n\n\n\n<h2 class=\"wp-block-heading\">Izveidota API integr&#257;cija uzticam&#299;bai<\/h2>\n\n\n\n<p>M&#275;s pa&#316;aujamies uz izveidotaj&#257;m API, piem&#275;ram, CoinAPI un CoinMarketCap API, lai stiprin&#257;tu m&#363;su inform&#257;cijas uzticam&#299;bu. &Scaron;&#299;s integr&#257;cijas &#316;auj mums pied&#257;v&#257;t las&#299;t&#257;jiem &#257;trus un prec&#299;zus datus, uzlabojot m&#363;su uzticam&#299;bu.<\/p>\n\n\n\n<p>Izveidoto API izmanto&scaron;ana nodro&scaron;ina m&#363;su datu avotu uzticam&#299;bu, kas ir paz&#299;stami ar savu precizit&#257;ti un uzticam&#299;bu.<\/p>\n\n\n\n<p>Turkl&#257;t &scaron;&#299;s integr&#257;cijas sniedz mums piek&#316;uvi pla&scaron;am datu punktu kl&#257;stam, atvieglojot visaptvero&scaron;u tirgus p&#257;rskatu. Tas dod mums iesp&#275;ju sniegt m&#363;su las&#299;t&#257;jiem jaun&#257;k&#257;s un v&#275;rt&#299;g&#257;s atzi&#326;as.<\/p>\n\n\n\n<h2 class=\"wp-block-heading\">Inform&#257;cijas precizit&#257;tes un uzticam&#299;bas nodro&scaron;in&#257;&scaron;ana<\/h2>\n\n\n\n<p>Dex m&#363;su ap&#326;em&scaron;an&#257;s nodro&scaron;in&#257;t precizit&#257;ti un uzticam&#299;bu ietver stingru test&#275;&scaron;anas pieeju, lai apstiprin&#257;tu m&#363;su aptvert&#257;s platformas un lietotnes. M&#363;su rakstnieki iedzi&#316;in&#257;s &scaron;aj&#257;s platform&#257;s, nov&#275;rt&#275;jot da&#382;&#257;dus elementus, piem&#275;ram, re&#291;istr&#257;ciju, noguld&#299;jumus, tirdzniec&#299;bas saskarnes, maksas, dro&scaron;&#299;bu un atbalstu.<\/p>\n\n\n\n<p>Turkl&#257;t m&#275;s pa&#316;aujamies uz cien&#299;jamiem API, piem&#275;ram, CoinAPI un CoinMarketCap API, lai ieg&#363;tu re&#257;llaika un uzticamus datus.<\/p>\n\n\n\n<p>M&#363;su biznesa modelis ir izstr&#257;d&#257;ts, lai saglab&#257;tu redakcion&#257;lo neatkar&#299;bu un nodro&scaron;in&#257;tu objekt&#299;vu saturu. M&#275;s g&#363;stam ie&#326;&#275;mumus, izmantojot fili&#257;&#316;u m&#257;rketingu, atlasot saist&#299;tos uz&#326;&#275;mumus, pamatojoties uz produktiem un pakalpojumiem, kas ir saska&#326;oti ar m&#363;su komandas v&#275;lm&#275;m.<\/p>\n\n\n\n<p>Esiet dro&scaron;s, m&#363;su galvenais uzdevums ir sniegt uzticamu un uzticamu inform&#257;ciju, uz kuru varat pa&#316;auties.<\/p>\n\n\n\n<h2 class=\"wp-block-heading\">Praktiska aptverto platformu izp&#275;te<\/h2>\n\n\n\n<p>Tie&scaron;a mijiedarb&#299;ba ar m&#363;su aptvertaj&#257;m platform&#257;m ir &#316;oti svar&#299;ga, lai sniegtu m&#363;su las&#299;t&#257;jiem prec&#299;zu un v&#275;rt&#299;gu inform&#257;ciju. M&#363;su komanda ir stingri p&#257;rliecin&#257;ta, ka ir nepiecie&scaron;ama tie&scaron;a pieredze, lai vispus&#299;gi nov&#275;rt&#275;tu funkcijas, funkcionalit&#257;ti un visp&#257;r&#275;jo lietot&#257;ja pieredzi.<\/p>\n\n\n\n<p>M&#363;su detaliz&#275;tie platformu p&#257;rskati ietver r&#363;p&#299;gu re&#291;istr&#257;cijas, depoz&#299;ta procesu, tirdzniec&#299;bas saskar&#326;u, maksu, dro&scaron;&#299;bas un atbalsta nov&#275;rt&#275;jumu. Turkl&#257;t m&#275;s akt&#299;vi mekl&#275;jam un iek&#316;aujam lietot&#257;ju atsauksmes, lai rad&#299;tu visaptvero&scaron;u izpratni par &scaron;o platformu stipraj&#257;m un v&#257;jaj&#257;m pus&#275;m.<\/p>\n\n\n\n<h2 class=\"wp-block-heading\">Biznesa mode&#316;a p&#257;rskats<\/h2>\n\n\n\n<p>K&#257; pe&#316;&#326;as uz&#326;&#275;mumam m&#363;su misija ir l&#299;dzsvarot rentabilit&#257;ti ar &#382;urn&#257;listikas god&#299;gumu. M&#275;s str&#257;d&#257;jam ar ie&#326;&#275;mumiem, kas g&#363;ti no fili&#257;&#316;u m&#257;rketinga. Tom&#275;r m&#275;s v&#275;lamies p&#257;rliecin&#257;t savus las&#299;t&#257;jus, ka saist&#299;tie uz&#326;&#275;mumi joproj&#257;m neskar m&#363;su principus. M&#363;su saist&#299;to uz&#326;&#275;mumu izv&#275;le atbilst produktiem un pakalpojumiem, ko m&#363;su komanda izmantotu person&#299;gi, nodro&scaron;inot m&#363;su ap&#326;em&scaron;anos sniegt objekt&#299;vu inform&#257;ciju.<\/p>\n\n\n\n<p>Ir iesp&#275;jams saglab&#257;t rentabilit&#257;ti, vienlaikus saglab&#257;jot &#382;urn&#257;listikas god&#299;gumu. M&#363;su cent&#299;ba nodro&scaron;in&#257;t p&#257;rredzam&#299;bu un nodro&scaron;in&#257;t v&#275;rt&#299;gu, objekt&#299;vu saturu joproj&#257;m ir nemain&#299;ga. M&#275;s esam ap&#326;&#275;mu&scaron;ies sniegt inform&#257;ciju, neapdraudot m&#363;su uztic&#299;bu objekt&#299;vai zi&#326;o&scaron;anai.<\/p>\n\n\n\n<h2 class=\"wp-block-heading\">Neobjekt&#299;va satura integrit&#257;te saist&#299;taj&#257; m&#257;rketing&#257;<\/h2>\n\n\n\n<p>Neskatoties uz to, ka str&#257;d&#257;jam p&#275;c pe&#316;&#326;as g&#363;&scaron;anas mode&#316;a ar fili&#257;&#316;u m&#257;rketingu, objekt&#299;va satura saglab&#257;&scaron;ana joproj&#257;m ir m&#363;su nelok&#257;ma priorit&#257;te. L&#299;dzsvars starp saist&#299;taj&#257;m partner&#299;b&#257;m un objekt&#299;viem produktu ieteikumiem tiek r&#363;p&#299;gi uztur&#275;ts.<\/p>\n\n\n\n<p>M&#363;su fili&#257;&#316;u atlases process ir v&#275;rsts uz saska&#326;o&scaron;anu ar produktiem un pakalpojumiem, ko dod m&#363;su komanda. M&#363;su principi joproj&#257;m ir nelok&#257;mi, un m&#363;su rakstnieki un redaktori iev&#275;ro stingras redakcion&#257;l&#257;s vadl&#299;nijas, uzsverot p&#257;rredzam&#299;bu, faktu p&#257;rbaudi un izvair&#299;&scaron;anos no intere&scaron;u konfliktiem.<\/p>\n\n\n\n<p>Ir ieviesti stingri kvalit&#257;tes kontroles pas&#257;kumi, lai nodro&scaron;in&#257;tu m&#363;su satura integrit&#257;ti. Turkl&#257;t m&#275;s akt&#299;vi mudin&#257;m las&#299;t&#257;ju atsauksmes un zi&#326;ot par k&#316;&#363;d&#257;m, nekav&#275;joties izlabojot visas konstat&#275;t&#257;s k&#316;&#363;das.<\/p>\n\n\n\n<p>M&#363;su galvenais m&#275;r&#311;is ir sniegt m&#363;su las&#299;t&#257;jiem objekt&#299;vu, visaptvero&scaron;u un p&#257;rredzamu inform&#257;ciju neatkar&#299;gi no m&#363;su partnerattiec&#299;b&#257;m.<\/p>\n\n\n\n<h2 class=\"wp-block-heading\">Cien&#299;jam&#257;s multivides funkcijas un soci&#257;lo mediju kl&#257;tb&#363;tne<\/h2>\n\n\n\n<p>Dex ir izveidojis uzticam&#299;bu un uztic&#275;&scaron;anos, izmantojot funkcijas iev&#275;rojamos pla&scaron;sazi&#326;as l&#299;dzek&#316;os un sp&#275;c&#299;gu soci&#257;lo mediju kl&#257;tb&#363;tni.<\/p>\n\n\n\n<p>Vietne ir guvusi atzin&#299;bu cien&#299;jamos pla&scaron;sazi&#326;as l&#299;dzek&#316;os, piem&#275;ram, New York Times, The Guardian, Business Insider, Bloomberg un Huffington Post, un sa&#326;&#275;musi piemin&#275;jumus no IBM, TechCrunch, Yahoo Finance, Associated Press, Coindesk, International Business Times, The Observer, un Engadget.<\/p>\n\n\n\n<p>&Scaron;ie pla&scaron;sazi&#326;as l&#299;dzek&#316;u apliecin&#257;jumi apliecina Deksa uzticam&#299;bu un noz&#299;mi &scaron;aj&#257; nozar&#275;.<\/p>\n\n\n\n<p>Saist&#299;b&#257; ar pla&scaron;sazi&#326;as l&#299;dzek&#316;u atpaz&#299;&scaron;anu Dex lepojas ar sp&#275;c&#299;gu soci&#257;lo mediju kl&#257;tb&#363;tni ar Facebook lapu ar 13&nbsp;000 sekot&#257;ju un Twitter pl&#363;smu ar 13,3&nbsp;000 sekot&#257;ju.<\/p>\n\n\n\n<p>&Scaron;&#299; akt&#299;v&#257; iesaist&#299;&scaron;an&#257;s soci&#257;laj&#257;s platform&#257;s atvieglo tie&scaron;u mijiedarb&#299;bu ar auditoriju, v&#275;l vair&#257;k vairojot Deksa izkopto uztic&#299;bu un uzticam&#299;bu.<\/p>\n\n<\/div>\n<\/div>\n","protected":false},"excerpt":{"rendered":"<p>Laipni l&#363;dzam Dex, kur m&#363;su cent&#299;ba ir izpeln&#299;ties j&#363;su uztic&#299;bu. M&#275;s veidojam daudzveid&#299;gu komandu, kur&#257; ir vair&#257;k nek&#257; 40 rakstnieku vis&#257; pasaul&#275;, un m&#275;s specializ&#275;jamies uzticamas, prec&#299;zas inform&#257;cijas snieg&scaron;an&#257; par invest&#299;cij&#257;m un dinamisko kriptoval&#363;tu nozari. P&#257;rredzam&#299;ba ir m&#363;su redakcion&#257;lo vadl&#299;niju pamat&#257;, kas garant&#275; objektivit&#257;ti un r&#363;p&#299;gu faktu p&#257;rbaudi m&#363;su satur&#257;. Izmantojot m&#363;su tie&scaron;u pieredzi un &#8230; <\/p>\n<p class=\"read-more-container\"><a title=\"K\u0101p\u0113c mums uztic\u0113ties\" class=\"read-more button\" href=\"https:\/\/dex.ag\/lv\/kapec-mums-uzticeties\/#more-25530\" aria-label=\"Read more about K\u0101p\u0113c mums uztic\u0113ties\">Read more<\/a><\/p>\n","protected":false},"author":2,"featured_media":0,"parent":0,"menu_order":0,"comment_status":"closed","ping_status":"closed","template":"","meta":{"footnotes":""},"class_list":["post-25530","page","type-page","status-publish"],"_links":{"self":[{"href":"https:\/\/dex.ag\/lv\/wp-json\/wp\/v2\/pages\/25530","targetHints":{"allow":["GET"]}}],"collection":[{"href":"https:\/\/dex.ag\/lv\/wp-json\/wp\/v2\/pages"}],"about":[{"href":"https:\/\/dex.ag\/lv\/wp-json\/wp\/v2\/types\/page"}],"author":[{"embeddable":true,"href":"https:\/\/dex.ag\/lv\/wp-json\/wp\/v2\/users\/2"}],"replies":[{"embeddable":true,"href":"https:\/\/dex.ag\/lv\/wp-json\/wp\/v2\/comments?post=25530"}],"version-history":[{"count":0,"href":"https:\/\/dex.ag\/lv\/wp-json\/wp\/v2\/pages\/25530\/revisions"}],"wp:attachment":[{"href":"https:\/\/dex.ag\/lv\/wp-json\/wp\/v2\/media?parent=25530"}],"curies":[{"name":"wp","href":"https:\/\/api.w.org\/{rel}","templated":true}]}}