{"id":25616,"date":"2023-10-30T15:42:07","date_gmt":"2023-10-30T15:42:07","guid":{"rendered":"https:\/\/dex.ag\/hogyan-vegezzuk-a-felulvizsgalatokat\/"},"modified":"2025-01-25T17:02:11","modified_gmt":"2025-01-25T17:02:11","slug":"how-we-conduct-reviews","status":"publish","type":"page","link":"https:\/\/dex.ag\/hu\/how-we-conduct-reviews\/","title":{"rendered":"Hogyan v\u00e9gezz\u00fck a fel\u00fclvizsg\u00e1latokat"},"content":{"rendered":"<?xml encoding=\"UTF-8\"><div class=\"gb-container gb-container-fdbd6300\"><div class=\"gb-inside-container\">\n<div class=\"gb-grid-wrapper gb-grid-wrapper-126af6dc\">\n<div class=\"gb-grid-column gb-grid-column-c1544595\"><div class=\"gb-container gb-container-c1544595\"><div class=\"gb-inside-container\">\n\n<h2 class=\"gb-headline gb-headline-b526b385\"><span class=\"gb-icon\"><svg xmlns=\"http:\/\/www.w3.org\/2000\/svg\" viewbox=\"0 0 80 42\" data-name=\"subtract\"><path d=\"M0 20.06h80v1.87H0z\"><\/path><\/svg><\/span><span class=\"gb-headline-text\">Hogyan v&eacute;gezz&uuml;k a fel&uuml;lvizsg&aacute;latokat<\/span><\/h2>\n\n\n\n<h2 class=\"gb-headline gb-headline-a14ed650 gb-headline-text\">Hogyan v&eacute;gezz&uuml;k a fel&uuml;lvizsg&aacute;latokat<\/h2>\n\n\n\n<p>Komolyan vessz&uuml;k fel&uuml;lvizsg&aacute;lati folyamatunkat, hogy pontos &eacute;s naprak&eacute;sz inform&aacute;ci&oacute;kat ny&uacute;jtsunk olvas&oacute;inknak. A megb&iacute;zhat&oacute;s&aacute;g &eacute;rdek&eacute;ben apr&oacute;l&eacute;kos elj&aacute;r&aacute;st k&ouml;vet&uuml;nk.<\/p>\n\n<\/div><\/div><\/div>\n\n<div class=\"gb-grid-column gb-grid-column-b910f0a6\"><div class=\"gb-container gb-container-b910f0a6\"><div class=\"gb-inside-container\">\n\n<figure class=\"gb-block-image gb-block-image-c1bc7d63\"><img loading=\"lazy\" decoding=\"async\" width=\"514\" height=\"372\" class=\"gb-image gb-image-c1bc7d63\" src=\"https:\/\/dex.ag\/wp-content\/uploads\/2023\/10\/hero-blog-1.png\" alt=\"\" title=\"h&#337;s-blog (1)\" srcset=\"https:\/\/dex.ag\/wp-content\/uploads\/2023\/10\/hero-blog-1.png 514w, https:\/\/dex.ag\/wp-content\/uploads\/2023\/10\/hero-blog-1-300x217.png 300w\" sizes=\"auto, (max-width: 514px) 100vw, 514px\"><\/figure>\n\n<\/div><\/div><\/div>\n<\/div>\n<\/div><div class=\"gb-shapes\"><div class=\"gb-shape gb-shape-1\"><svg xmlns=\"http:\/\/www.w3.org\/2000\/svg\" viewbox=\"0 0 1200 230.8\" preserveaspectratio=\"none\"><path d=\"M1200 179.5l-22.2-26.7c-22.2-26.7-66.9-80-111.1-75.6-44.4 4.8-89.2 66.4-133.3 102.2-44.4 35.8-89.2 44.2-133.3 8.9-44.4-35.6-89.2-115.6-133.3-155.6-44.4-40-89.2-40-133.3-17.8C488.9 37 444.2 82 400 81.7c-44.4.2-89.2-44.8-133.3-57.8-44.4-13.6-89.2 4.8-133.3 26.7-44.5 22.2-89.2 48.9-110.9 62.2L0 126.1v104.7H1199.7l.3-51.3z\"><\/path><\/svg><\/div><\/div><\/div><div class=\"gb-container gb-container-91b231bf\"><div class=\"gb-inside-container\">\n<div class=\"gb-grid-wrapper gb-grid-wrapper-409ddfb8\">\n<div class=\"gb-grid-column gb-grid-column-a955004c\"><div class=\"gb-container gb-container-a955004c\"><div class=\"gb-inside-container\">\n\n<h2 class=\"gb-headline gb-headline-ce5f21f5 gb-headline-text\">Fel&uuml;lvizsg&aacute;lati folyamat<\/h2>\n\n\n\n<p>DEX &eacute;rt&eacute;kel&eacute;sei &aacute;tfog&oacute; kutat&aacute;ssal kezd&#337;dnek, amely mag&aacute;ban foglalja a term&eacute;kre vonatkoz&oacute; &aacute;ll&iacute;t&aacute;sok, a h&iacute;rn&eacute;v &eacute;s a felhaszn&aacute;l&oacute;i jelent&eacute;sek elemz&eacute;s&eacute;t. Ez mag&aacute;ban foglalja a platform funkci&oacute;inak, funkci&oacute;inak &eacute;s el&#337;nyeinek m&eacute;lyrehat&oacute; elm&eacute;ly&uuml;l&eacute;s&eacute;t, kieg&eacute;sz&iacute;tve a h&iacute;rn&eacute;v &eacute;s a felhaszn&aacute;l&oacute;i visszajelz&eacute;sek vizsg&aacute;lat&aacute;val. A felhaszn&aacute;l&oacute;k &aacute;ltal megosztott tapasztalatok &eacute;s v&eacute;lem&eacute;nyek elemz&eacute;s&eacute;vel r&eacute;szletes &eacute;s pontos &eacute;rt&eacute;kel&eacute;st k&iacute;v&aacute;nunk bemutatni.<\/p>\n\n<\/div><\/div><\/div>\n\n<div class=\"gb-grid-column gb-grid-column-31111a3b\"><div class=\"gb-container gb-container-31111a3b\"><div class=\"gb-inside-container\">\n\n<h2 class=\"gb-headline gb-headline-b5ad5374 gb-headline-text\">Kutat&aacute;s<\/h2>\n\n\n\n<p>DEX kutat&aacute;sai a term&eacute;kre vonatkoz&oacute; &aacute;ll&iacute;t&aacute;sok, a h&iacute;rn&eacute;v &eacute;s a felhaszn&aacute;l&oacute;i jelent&eacute;sek online elemz&eacute;s&eacute;t foglalj&aacute;k magukban, hogy meg&eacute;rts&eacute;k a platform teljes&iacute;tm&eacute;ny&eacute;t. Hangs&uacute;lyozzuk a k&uuml;l&ouml;nb&ouml;z&#337; forr&aacute;sokb&oacute;l sz&aacute;rmaz&oacute; adatok gy&#369;jt&eacute;s&eacute;t a holisztikus &eacute;rt&eacute;kel&eacute;s &eacute;rdek&eacute;ben. A term&eacute;kre vonatkoz&oacute; &aacute;ll&iacute;t&aacute;sokat &eacute;rt&eacute;kelj&uuml;k, hogy meg&eacute;rts&uuml;k a platform k&iacute;n&aacute;lat&aacute;t, m&iacute;g a h&iacute;rn&eacute;v &eacute;s a felhaszn&aacute;l&oacute;i jelent&eacute;sek seg&iacute;tenek a megb&iacute;zhat&oacute;s&aacute;g &eacute;s a haszn&aacute;lhat&oacute;s&aacute;g megalapoz&aacute;s&aacute;ban.<\/p>\n\n<\/div><\/div><\/div>\n<\/div>\n\n\n<h2 class=\"gb-headline gb-headline-a4c83453 gb-headline-text\">Tesztel&eacute;s<\/h2>\n\n\n<div class=\"gb-grid-wrapper gb-grid-wrapper-e845a2b2\">\n<div class=\"gb-grid-column gb-grid-column-00402c3f\"><div class=\"gb-container gb-container-00402c3f\"><div class=\"gb-inside-container\">\n\n<p>Folytatva &eacute;rt&eacute;kel&eacute;s&uuml;nket, szigor&uacute; m&oacute;dszertan seg&iacute;ts&eacute;g&eacute;vel akt&iacute;van tesztelj&uuml;k a platform funkcionalit&aacute;s&aacute;t. Ez mag&aacute;ban foglalja a regisztr&aacute;ci&oacute;s folyamat, a finansz&iacute;roz&aacute;si lehet&#337;s&eacute;gek, a rendelkez&eacute;sre &aacute;ll&oacute; eszk&ouml;z&ouml;k, a keresked&eacute;si funkci&oacute;k &eacute;s a d&iacute;jak &eacute;rt&eacute;kel&eacute;s&eacute;t. DEX c&eacute;lja, hogy pontos &eacute;s elemz&#337; betekint&eacute;st ny&uacute;jtson a platform teljes&iacute;tm&eacute;ny&eacute;be.<\/p>\n\n<\/div><\/div><\/div>\n\n<div class=\"gb-grid-column gb-grid-column-9db5e0cb\"><div class=\"gb-container gb-container-9db5e0cb\"><div class=\"gb-inside-container\">\n\n<figure class=\"wp-block-image size-full\"><img loading=\"lazy\" decoding=\"async\" width=\"748\" height=\"191\" src=\"https:\/\/dex.ag\/wp-content\/uploads\/2023\/05\/dex_logo.png\" alt=\"\" class=\"wp-image-6262\" title=\"\" srcset=\"https:\/\/dex.ag\/wp-content\/uploads\/2023\/05\/dex_logo.png 748w, https:\/\/dex.ag\/wp-content\/uploads\/2023\/05\/dex_logo-300x77.png 300w\" sizes=\"auto, (max-width: 748px) 100vw, 748px\" \/><\/figure>\n\n<\/div><\/div><\/div>\n<\/div>\n\n\n<h2 class=\"gb-headline gb-headline-fda5482c gb-headline-text\">&Iacute;r&aacute;s<\/h2>\n\n\n<div class=\"gb-grid-wrapper gb-grid-wrapper-6832cbc4\">\n<div class=\"gb-grid-column gb-grid-column-271f76e1\"><div class=\"gb-container gb-container-271f76e1\"><div class=\"gb-inside-container\">\n\n<p>&Aacute;tfog&oacute; jelent&eacute;seink szem&eacute;lyes tapasztalatokon &eacute;s kiterjedt kutat&aacute;sokon alapulnak. Az &iacute;r&aacute;s d&ouml;nt&#337; szerepet j&aacute;tszik &eacute;rt&eacute;kel&eacute;seink pontoss&aacute;g&aacute;nak &eacute;s alaposs&aacute;g&aacute;nak biztos&iacute;t&aacute;s&aacute;ban. DEX elemzi a tesztel&eacute;s sor&aacute;n &ouml;sszegy&#369;jt&ouml;tt inform&aacute;ci&oacute;kat, &eacute;s jelent&eacute;seinkben t&ouml;m&ouml;ren &eacute;s egy&eacute;rtelm&#369;en bemutatja.<\/p>\n\n\n\n<h2 class=\"gb-headline gb-headline-5a87a002 gb-headline-text\">Szerkeszt&eacute;s<\/h2>\n\n\n\n<p>A szerkeszt&eacute;si folyamat sor&aacute;n egy&uuml;ttm&#369;k&ouml;d&uuml;nk a pontoss&aacute;g &eacute;s az olvashat&oacute;s&aacute;g jav&iacute;t&aacute;sa &eacute;rdek&eacute;ben. Gondosan ellen&#337;rizz&uuml;k a t&eacute;nyeket, a meg&aacute;llap&iacute;t&aacute;sokat, &eacute;s biztos&iacute;tjuk, hogy jelent&eacute;seink k&ouml;nnyen &eacute;rthet&#337;ek legyenek, a vil&aacute;goss&aacute;gra &eacute;s a t&ouml;m&ouml;rs&eacute;gre &ouml;sszpontos&iacute;tva.<\/p>\n\n\n\n<h2 class=\"gb-headline gb-headline-6e83cd28 gb-headline-text\"><strong>Friss&iacute;t&eacute;s<\/strong><\/h2>\n\n\n\n<p>A kezdeti &aacute;ttekint&eacute;s k&ouml;zz&eacute;t&eacute;tele ut&aacute;n v&aacute;llaljuk, hogy azt naprak&eacute;szen tartjuk az&aacute;ltal, hogy rendszeresen friss&iacute;tj&uuml;k &uacute;j inform&aacute;ci&oacute;kkal. Ez azt jelenti, hogy t&aacute;j&eacute;koz&oacute;dni kell a fel&uuml;lvizsg&aacute;lt platform v&aacute;ltoz&aacute;sair&oacute;l vagy friss&iacute;t&eacute;seir&#337;l, &eacute;s &uacute;jb&oacute;l tesztelni kell az &uacute;j &aacute;ll&iacute;t&aacute;sok vagy funkci&oacute;k ellen&#337;rz&eacute;se &eacute;rdek&eacute;ben.<\/p>\n\n<\/div><\/div><\/div>\n\n<div class=\"gb-grid-column gb-grid-column-03decd79\"><div class=\"gb-container gb-container-03decd79\"><div class=\"gb-inside-container\">\n\n<h2 class=\"gb-headline gb-headline-a23a55fe gb-headline-text\">Mit tesztel&uuml;nk<\/h2>\n\n\n\n<p>Platform&eacute;rt&eacute;kel&eacute;s&uuml;nk sor&aacute;n alaposan megvizsg&aacute;ljuk a regisztr&aacute;ci&oacute;s folyamatot, a finansz&iacute;roz&aacute;si lehet&#337;s&eacute;geket, a rendelkez&eacute;sre &aacute;ll&oacute; eszk&ouml;z&ouml;ket, a keresked&eacute;si lehet&#337;s&eacute;geket &eacute;s a kapcsol&oacute;d&oacute; d&iacute;jakat.<\/p>\n\n\n\n<p>Az eszk&ouml;z&ouml;k sokf&eacute;les&eacute;g&eacute;t illet&#337;en felm&eacute;rj&uuml;k a keresked&eacute;sre rendelkez&eacute;sre &aacute;ll&oacute; eszk&ouml;z&ouml;k spektrum&aacute;t, bele&eacute;rtve a fiat opci&oacute;kat, az altcoinokat &eacute;s az NFT-ket. Ez az elemz&eacute;s seg&iacute;t meg&eacute;rteni a platform alkalmazkod&oacute;k&eacute;pess&eacute;g&eacute;t a k&uuml;l&ouml;nb&ouml;z&#337; befektet&eacute;si megk&ouml;zel&iacute;t&eacute;sekhez &eacute;s a felhaszn&aacute;l&oacute;i preferenci&aacute;khoz.<\/p>\n\n\n\n<p>Ezen t&uacute;lmen&#337;en nagy hangs&uacute;lyt fektet&uuml;nk az &uuml;gyf&eacute;lszolg&aacute;lat jelent&#337;s&eacute;g&eacute;re a kriptovaluta ter&uuml;let&eacute;n. &Eacute;rt&eacute;kel&eacute;s&uuml;nk kiterjed az egyes szolg&aacute;ltat&aacute;sok &aacute;ltal ny&uacute;jtott seg&iacute;ts&eacute;g m&eacute;rt&eacute;k&eacute;re, k&uuml;l&ouml;nb&ouml;z&#337; t&aacute;mogat&aacute;si t&iacute;pusokra &eacute;s a t&aacute;mogat&aacute;s kezd&#337; befektet&#337;k sz&aacute;m&aacute;ra ny&uacute;jtott szerep&eacute;re.  <\/p>\n\n\n\n<p>DEX szil&aacute;rdan hisz abban, hogy az &eacute;rz&eacute;keny &eacute;s megb&iacute;zhat&oacute; &uuml;gyf&eacute;lszolg&aacute;lat jelent&#337;sen befoly&aacute;solja a felhaszn&aacute;l&oacute;k el&eacute;gedetts&eacute;g&eacute;t &eacute;s k&ouml;nnyeds&eacute;g&eacute;t, k&uuml;l&ouml;n&ouml;sen a kriptovalut&aacute;k bonyolult &eacute;s folyamatosan fejl&#337;d&#337; k&ouml;rnyezet&eacute;ben.<\/p>\n\n<\/div><\/div><\/div>\n<\/div>\n\n<div class=\"gb-grid-wrapper gb-grid-wrapper-085849f4\">\n<div class=\"gb-grid-column gb-grid-column-d1e9854e\"><div class=\"gb-container gb-container-d1e9854e\">\n\n<h2 class=\"gb-headline gb-headline-07113e0b gb-headline-text\">Regisztr&aacute;ci&oacute;s folyamat<\/h2>\n\n\n\n<p>Elemezz&uuml;k a sz&uuml;ks&eacute;ges inform&aacute;ci&oacute;kat &eacute;s a k&uuml;l&ouml;nb&ouml;z&#337; fi&oacute;kt&iacute;pusok ellen&#337;rz&eacute;s&eacute;nek egyszer&#369;s&eacute;g&eacute;t. Ez mag&aacute;ban foglalja a Know Your Customer (KYC) k&ouml;vetelm&eacute;nyeinek &eacute;s a felhaszn&aacute;l&oacute;i azonoss&aacute;g ellen&#337;rz&eacute;s&eacute;re tett l&eacute;p&eacute;sek &aacute;ttekint&eacute;s&eacute;t, biztos&iacute;tva a biztons&aacute;gos &eacute;s felhaszn&aacute;l&oacute;bar&aacute;t regisztr&aacute;ci&oacute;s folyamatot.<\/p>\n\n<\/div><\/div>\n\n<div class=\"gb-grid-column gb-grid-column-642f7aec\"><div class=\"gb-container gb-container-642f7aec\">\n\n<h2 class=\"gb-headline gb-headline-89654424 gb-headline-text\">A sz&aacute;mla felt&ouml;lt&eacute;se<\/h2>\n\n\n\n<p>&Eacute;rt&eacute;kelj&uuml;k az alapok hozz&aacute;ad&aacute;s&aacute;nak egyszer&#369;s&eacute;g&eacute;t, a rendelkez&eacute;sre &aacute;ll&oacute; fizet&eacute;si m&oacute;dokat &eacute;s a kapcsol&oacute;d&oacute; bet&eacute;ti d&iacute;jakat. Figyelembe v&eacute;ve a k&uuml;l&ouml;nb&ouml;z&#337; befizet&eacute;si m&oacute;dokat &eacute;s azok hat&aacute;s&aacute;t a k&uuml;l&ouml;nb&ouml;z&#337; befektet&eacute;si c&eacute;lokkal rendelkez&#337; felhaszn&aacute;l&oacute;kra, betekint&eacute;st ny&uacute;jtunk a finansz&iacute;roz&aacute;si folyamatba.<\/p>\n\n<\/div><\/div>\n<\/div>\n\n<div class=\"gb-grid-wrapper gb-grid-wrapper-3905c06c\">\n<div class=\"gb-grid-column gb-grid-column-274e5fd3\"><div class=\"gb-container gb-container-274e5fd3\">\n\n<h2 class=\"gb-headline gb-headline-e84a280a gb-headline-text\">Rendelkez&eacute;sre &aacute;ll&oacute; eszk&ouml;z&ouml;k<\/h2>\n\n\n\n<p>DEX felm&eacute;ri a keresked&eacute;sre rendelkez&eacute;sre &aacute;ll&oacute; eszk&ouml;z&ouml;k sokf&eacute;les&eacute;g&eacute;t, bele&eacute;rtve az altcoinokat &eacute;s az NFT-ket, hangs&uacute;lyozva a fiat v&aacute;s&aacute;rl&aacute;sok fontoss&aacute;g&aacute;t, mint a kriptovaluta piac el&eacute;rhet&#337; bel&eacute;p&eacute;si pontj&aacute;t.<\/p>\n\n<\/div><\/div>\n\n<div class=\"gb-grid-column gb-grid-column-0f289e5b\"><div class=\"gb-container gb-container-0f289e5b\">\n\n<h2 class=\"gb-headline gb-headline-180eae16 gb-headline-text\">Trade m&oacute;djai<\/h2>\n\n\n\n<p>Megvizsg&aacute;ljuk azokat a platformfunkci&oacute;kat, amelyek el&#337;seg&iacute;tik a hat&eacute;kony keresked&eacute;si strat&eacute;gi&aacute;kat, bele&eacute;rtve a megb&iacute;z&aacute;st&iacute;pusokat, a keresked&eacute;si eszk&ouml;z&ouml;ket, a fel&uuml;let haszn&aacute;lhat&oacute;s&aacute;g&aacute;t &eacute;s a keresked&eacute;s v&eacute;grehajt&aacute;si sebess&eacute;g&eacute;t.<\/p>\n\n<\/div><\/div>\n<\/div>\n\n\n<h2 class=\"gb-headline gb-headline-45f415ad gb-headline-text\">D&iacute;jak<\/h2>\n\n\n\n<p>Arra &ouml;sszpontos&iacute;tunk, hogy a keresked&eacute;si d&iacute;jak, a bet&eacute;ti d&iacute;jak, a kifizet&eacute;si d&iacute;jak &eacute;s a h&aacute;l&oacute;zati d&iacute;jak milyen hat&aacute;ssal vannak a felhaszn&aacute;l&oacute;k &aacute;ltal&aacute;nos tapasztalataira. A d&iacute;jak platformok k&ouml;z&ouml;tti &ouml;sszehasonl&iacute;t&aacute;sa lehet&#337;v&eacute; teszi a felhaszn&aacute;l&oacute;k sz&aacute;m&aacute;ra, hogy t&aacute;j&eacute;kozott d&ouml;nt&eacute;seket hozzanak keresked&eacute;si tev&eacute;kenys&eacute;geik optimaliz&aacute;l&aacute;sa &eacute;rdek&eacute;ben.<\/p>\n\n\n\n<h2 class=\"gb-headline gb-headline-31f0fe60 gb-headline-text\">GYIK<\/h2>\n\n<\/div><\/div><div id=\"rank-math-faq\" class=\"rank-math-block\">\n<div class=\"rank-math-list \">\n<div id=\"faq-question-1698680147621\" class=\"rank-math-list-item\">\n<h3 class=\"rank-math-question \">Milyen krit&eacute;riumok alapj&aacute;n &eacute;rt&eacute;keli a platformokat?<\/h3>\n<div class=\"rank-math-answer \">\n\n<p>K&uuml;l&ouml;nf&eacute;le szempontokat &eacute;rt&eacute;kel&uuml;nk, bele&eacute;rtve a regisztr&aacute;ci&oacute;s folyamatot, a finansz&iacute;roz&aacute;si lehet&#337;s&eacute;geket, a rendelkez&eacute;sre &aacute;ll&oacute; eszk&ouml;z&ouml;ket, a keresked&eacute;si funkci&oacute;kat &eacute;s a d&iacute;jakat. Krit&eacute;riumaink a felhaszn&aacute;l&oacute;i &eacute;lm&eacute;nyre, a biztons&aacute;gra &eacute;s a platform funkcionalit&aacute;s&aacute;ra &ouml;sszpontos&iacute;tanak.<\/p>\n\n<\/div>\n<\/div>\n<div id=\"faq-question-1698680173076\" class=\"rank-math-list-item\">\n<h3 class=\"rank-math-question \">Milyen gyakran friss&iacute;ti az &eacute;rt&eacute;kel&eacute;seit?<\/h3>\n<div class=\"rank-math-answer \">\n\n<p>Elk&ouml;telezettek vagyunk amellett, hogy &eacute;rt&eacute;kel&eacute;seinket naprak&eacute;szen tartjuk az&aacute;ltal, hogy rendszeresen friss&iacute;tj&uuml;k &#337;ket &uacute;j inform&aacute;ci&oacute;kkal. Figyelemmel k&iacute;s&eacute;rj&uuml;k a platformokon a v&aacute;ltoz&aacute;sokat, friss&iacute;t&eacute;seket vagy &uacute;j funkci&oacute;kat, &eacute;s &aacute;ttekint&eacute;seink a rendelkez&eacute;sre &aacute;ll&oacute; legpontosabb &eacute;s legrelev&aacute;nsabb inform&aacute;ci&oacute;kat t&uuml;kr&ouml;zik.<\/p>\n\n<\/div>\n<\/div>\n<div id=\"faq-question-1698680201015\" class=\"rank-math-list-item\">\n<h3 class=\"rank-math-question \">Hogyan biztos&iacute;tod adataid pontoss&aacute;g&aacute;t?<\/h3>\n<div class=\"rank-math-answer \">\n\n<p>Csapatunk alapos kutat&aacute;st &eacute;s tesztel&eacute;st v&eacute;gez, t&ouml;bb megb&iacute;zhat&oacute; forr&aacute;sb&oacute;l sz&aacute;rmaz&oacute; inform&aacute;ci&oacute;kra hivatkozik, &eacute;s sz&eacute;les k&ouml;rben egy&uuml;ttm&#369;k&ouml;dik a szerkeszt&eacute;si folyamat sor&aacute;n. A pontoss&aacute;gra, a t&eacute;nyek ellen&#337;rz&eacute;s&eacute;re &eacute;s az egy&eacute;rtelm&#369;s&eacute;gre &ouml;sszpontos&iacute;tunk, hogy megb&iacute;zhat&oacute; inform&aacute;ci&oacute;kat ny&uacute;jthassunk olvas&oacute;inknak.<\/p>\n\n<\/div>\n<\/div>\n<div id=\"faq-question-1698680227460\" class=\"rank-math-list-item\">\n<h3 class=\"rank-math-question \">Mit tartasz fontosnak az &eacute;rt&eacute;kel&eacute;sekben?<\/h3>\n<div class=\"rank-math-answer \">\n\n<p>El&#337;nyben r&eacute;szes&iacute;tj&uuml;k, hogy olvas&oacute;inknak pontos &eacute;s elemz&#337; betekint&eacute;st ny&uacute;jtsunk a platform teljes&iacute;tm&eacute;ny&eacute;be. A felhaszn&aacute;l&oacute;i &eacute;lm&eacute;ny, a biztons&aacute;g, a funkcionalit&aacute;s &eacute;s a d&iacute;jak az els&#337;dleges szempontok k&ouml;z&eacute; tartoznak a fel&uuml;lvizsg&aacute;latok sor&aacute;n.<\/p>\n\n<\/div>\n<\/div>\n<\/div>\n<\/div>\n","protected":false},"excerpt":{"rendered":"<p>Tesztel&eacute;s &Iacute;r&aacute;s D&iacute;jak Arra &ouml;sszpontos&iacute;tunk, hogy a keresked&eacute;si d&iacute;jak, a bet&eacute;ti d&iacute;jak, a kifizet&eacute;si d&iacute;jak &eacute;s a h&aacute;l&oacute;zati d&iacute;jak milyen hat&aacute;ssal vannak a felhaszn&aacute;l&oacute;k &aacute;ltal&aacute;nos tapasztalataira. A d&iacute;jak platformok k&ouml;z&ouml;tti &ouml;sszehasonl&iacute;t&aacute;sa lehet&#337;v&eacute; teszi a felhaszn&aacute;l&oacute;k sz&aacute;m&aacute;ra, hogy t&aacute;j&eacute;kozott d&ouml;nt&eacute;seket hozzanak keresked&eacute;si tev&eacute;kenys&eacute;geik optimaliz&aacute;l&aacute;sa &eacute;rdek&eacute;ben. GYIK<\/p>\n","protected":false},"author":2,"featured_media":0,"parent":0,"menu_order":0,"comment_status":"closed","ping_status":"closed","template":"","meta":{"footnotes":""},"class_list":["post-25616","page","type-page","status-publish"],"_links":{"self":[{"href":"https:\/\/dex.ag\/hu\/wp-json\/wp\/v2\/pages\/25616","targetHints":{"allow":["GET"]}}],"collection":[{"href":"https:\/\/dex.ag\/hu\/wp-json\/wp\/v2\/pages"}],"about":[{"href":"https:\/\/dex.ag\/hu\/wp-json\/wp\/v2\/types\/page"}],"author":[{"embeddable":true,"href":"https:\/\/dex.ag\/hu\/wp-json\/wp\/v2\/users\/2"}],"replies":[{"embeddable":true,"href":"https:\/\/dex.ag\/hu\/wp-json\/wp\/v2\/comments?post=25616"}],"version-history":[{"count":0,"href":"https:\/\/dex.ag\/hu\/wp-json\/wp\/v2\/pages\/25616\/revisions"}],"wp:attachment":[{"href":"https:\/\/dex.ag\/hu\/wp-json\/wp\/v2\/media?parent=25616"}],"curies":[{"name":"wp","href":"https:\/\/api.w.org\/{rel}","templated":true}]}}