{"id":25534,"date":"2023-10-30T16:04:56","date_gmt":"2023-10-30T16:04:56","guid":{"rendered":"https:\/\/dex.ag\/miert-bizzon-bennunk\/"},"modified":"2023-10-30T16:13:47","modified_gmt":"2023-10-30T16:13:47","slug":"miert-bizzon-bennunk","status":"publish","type":"page","link":"https:\/\/dex.ag\/hu\/miert-bizzon-bennunk\/","title":{"rendered":"Mi\u00e9rt b\u00edzzon benn\u00fcnk"},"content":{"rendered":"<?xml encoding=\"UTF-8\"><div class=\"gb-container gb-container-ff5a9dc1\">\n<div class=\"gb-container gb-container-0afcd6e9\">\n\n<p>&Uuml;dv&ouml;z&ouml;lj&uuml;k a Dexben, ahol elk&ouml;telezetts&eacute;g&uuml;nk a bizalom elnyer&eacute;se.<\/p>\n\n\n\n<p>Vil&aacute;gszerte t&ouml;bb mint 40 &iacute;r&oacute;b&oacute;l &aacute;ll&oacute; v&aacute;ltozatos csapatb&oacute;l &aacute;llunk, &eacute;s arra specializ&aacute;l&oacute;dtunk, hogy megb&iacute;zhat&oacute;, pontos inform&aacute;ci&oacute;kat szolg&aacute;ltassunk a befektet&eacute;sekr&#337;l &eacute;s a dinamikus kriptoiparr&oacute;l.<\/p>\n\n\n\n<p>Szerkeszt&#337;i ir&aacute;nyelveink alapj&aacute;t az &aacute;tl&aacute;that&oacute;s&aacute;g k&eacute;pezi, amely garant&aacute;lja az objektivit&aacute;st &eacute;s a tartalom apr&oacute;l&eacute;kos t&eacute;nyek ellen&#337;rz&eacute;s&eacute;t.<\/p>\n\n\n\n<p>Els&#337; k&eacute;zb&#337;l szerzett tapasztalatainkat &eacute;s a j&oacute; h&iacute;r&#369; m&eacute;di&aacute;ban szerzett elismerts&eacute;g&uuml;nket felhaszn&aacute;lva arra t&ouml;reksz&uuml;nk, hogy felv&eacute;rtezz&uuml;k &Ouml;nt a megalapozott d&ouml;nt&eacute;sek meghozatal&aacute;hoz sz&uuml;ks&eacute;ges ismeretekkel.<\/p>\n\n\n\n<p>Sz&aacute;m&iacute;tson r&aacute;nk, hogy p&aacute;rtatlan tartalmat &eacute;s felbecs&uuml;lhetetlen &eacute;rt&eacute;k&#369; betekint&eacute;st ny&uacute;jtunk, amelyben megb&iacute;zhat.<\/p>\n\n\n\n<h2 class=\"wp-block-heading\">Hozz&aacute;&eacute;rt&#337; &eacute;s speci&aacute;lis &iacute;r&oacute;csapat<\/h2>\n\n\n\n<p>A Dexn&eacute;l csapatunk hozz&aacute;&eacute;rt&#337; &eacute;s szakosodott &iacute;r&oacute;kb&oacute;l &aacute;ll, akik elk&ouml;telezettek a tartalom cs&uacute;csmin&#337;s&eacute;g&eacute;nek meg&#337;rz&eacute;se &eacute;rdek&eacute;ben. Ezek az &iacute;r&oacute;k m&eacute;lyrehat&oacute; ismeretekkel rendelkeznek a befektet&eacute;si &eacute;s kriptovaluta birodalm&aacute;r&oacute;l, sz&eacute;les k&ouml;r&#369; szak&eacute;rtelemmel &eacute;s ipar&aacute;gi betekint&eacute;ssel.<\/p>\n\n\n\n<p>A leg&uacute;jabb trendekkel, szab&aacute;lyoz&aacute;sokkal &eacute;s ipar&aacute;gi fejlem&eacute;nyekkel l&eacute;p&eacute;st tartva &iacute;r&oacute;ink k&ouml;vetkezetesen pontos &eacute;s &eacute;lesl&aacute;t&oacute; inform&aacute;ci&oacute;kat ny&uacute;jtanak k&ouml;z&ouml;ns&eacute;g&uuml;nknek. Csapatunkon bel&uuml;l sokan b&uuml;szk&eacute;lkedhetnek k&ouml;zvetlen&uuml;l a befektet&eacute;sekkel &eacute;s a kriptogr&aacute;fiai szf&eacute;r&aacute;val, &iacute;gy saj&aacute;tos perspekt&iacute;v&aacute;t biztos&iacute;tanak sz&aacute;mukra a befektet&#337;k el&#337;tt &aacute;ll&oacute; kih&iacute;v&aacute;sokra &eacute;s lehet&#337;s&eacute;gekre.<\/p>\n\n\n\n<p>Ez a rengeteg tapasztalat lehet&#337;v&eacute; teszi sz&aacute;mukra, hogy relev&aacute;ns, informat&iacute;v &eacute;s &eacute;rt&eacute;kes tartalmat k&ouml;zvet&iacute;tsenek olvas&oacute;inknak. Rendk&iacute;v&uuml;l b&uuml;szk&eacute;k vagyunk &iacute;r&oacute;ink szak&eacute;rtelm&eacute;re &eacute;s szak&eacute;rtelm&eacute;re, mivel jelent&#337;sen hozz&aacute;j&aacute;rulnak a Dex elismert kiv&aacute;l&oacute;s&aacute;gi sz&iacute;nvonal&aacute;nak fenntart&aacute;s&aacute;hoz.<\/p>\n\n\n\n<h2 class=\"wp-block-heading\">Vil&aacute;gos &eacute;s nyitott szerkeszt&#337;i szabv&aacute;nyok<\/h2>\n\n\n\n<p>Alapvet&#337;en az &aacute;tl&aacute;that&oacute; szerkeszt&#337;i szabv&aacute;nyok hangs&uacute;lyozz&aacute;k a megb&iacute;zhat&oacute;s&aacute;g &eacute;s a megb&iacute;zhat&oacute;s&aacute;g ir&aacute;nti elk&ouml;telezetts&eacute;g&uuml;nket. Elismerj&uuml;k az &aacute;tl&aacute;that&oacute;s&aacute;g kulcsfontoss&aacute;g&uacute; szerep&eacute;t az &uacute;js&aacute;g&iacute;r&aacute;sban, el&#337;t&eacute;rbe helyezve a szerkeszt&#337;i integrit&aacute;st &eacute;s az &ouml;sszef&eacute;rhetetlens&eacute;g elker&uuml;l&eacute;s&eacute;t.<\/p>\n\n\n\n<p>Ir&aacute;nyelveink nagy hangs&uacute;lyt fektetnek az inform&aacute;ci&oacute;k k&ouml;zz&eacute;t&eacute;tel el&#337;tti &aacute;tfog&oacute; t&eacute;ny- &eacute;s ellen&#337;rz&eacute;s&eacute;re. Arra t&ouml;reksz&uuml;nk, hogy pontos &eacute;s p&aacute;rtatlan, k&uuml;ls&#337; hat&aacute;sokt&oacute;l mentes tartalmat mutassunk be olvas&oacute;inknak. Ezen ir&aacute;nyelvek betart&aacute;sa kulcsfontoss&aacute;g&uacute; elv&aacute;r&aacute;s &iacute;r&oacute;ink sz&aacute;m&aacute;ra, biztos&iacute;tva az &uacute;js&aacute;g&iacute;r&oacute;i etika legmagasabb sz&iacute;nvonal&aacute;t.<\/p>\n\n\n\n<p>Folyamataink sor&aacute;n t&ouml;reksz&uuml;nk az &aacute;tl&aacute;that&oacute;s&aacute;g meg&#337;rz&eacute;s&eacute;re, a speci&aacute;lis &iacute;r&oacute;k kiv&aacute;laszt&aacute;s&aacute;t&oacute;l az apr&oacute;l&eacute;kos lektor&aacute;l&aacute;sig &eacute;s szerkeszt&eacute;sig. E szabv&aacute;nyok betart&aacute;s&aacute;val az a c&eacute;lunk, hogy meger&#337;s&iacute;ts&uuml;k olvas&oacute;ink bizalm&aacute;t, &eacute;s k&ouml;vetkezetesen megb&iacute;zhat&oacute;, megb&iacute;zhat&oacute; inform&aacute;ci&oacute;kat biztos&iacute;tsunk.<\/p>\n\n\n\n<h2 class=\"wp-block-heading\">Folyamatos &eacute;s megk&ouml;zel&iacute;thet&#337; st&iacute;lus<\/h2>\n\n\n\n<p>A k&ouml;vetkezetess&eacute;g &eacute;s a hozz&aacute;f&eacute;rhet&#337;s&eacute;g hat&aacute;rozza meg megk&ouml;zel&iacute;t&eacute;s&uuml;nket, minden cikk&uuml;nkben vil&aacute;gos &eacute;s t&ouml;m&ouml;r nyelvezetet alkalmazunk. Ez biztos&iacute;tja, hogy tartalmunk k&ouml;nnyen &eacute;rthet&#337; &eacute;s viszony&iacute;that&oacute; maradjon, m&eacute;g bonyolult t&eacute;m&aacute;kban is. A k&ouml;vetkezetes hangnem bizalmat &eacute;breszt olvas&oacute;ink k&ouml;z&ouml;tt, &eacute;s z&ouml;kken&#337;mentes olvas&aacute;si &eacute;lm&eacute;nyt biztos&iacute;t.<\/p>\n\n\n\n<p>Az &ouml;sszetett tant&aacute;rgyak egyszer&#369;s&iacute;t&eacute;s&eacute;re k&uuml;l&ouml;nf&eacute;le strat&eacute;gi&aacute;kat alkalmazunk. A bonyolult fogalmakat k&ouml;nnyebben em&eacute;szthet&#337; kifejez&eacute;sekre bontjuk, p&eacute;ld&aacute;kat &eacute;s anal&oacute;gi&aacute;kat &eacute;p&iacute;t&uuml;nk be a jobb meg&eacute;rt&eacute;s &eacute;rdek&eacute;ben, &eacute;s ha sz&uuml;ks&eacute;ges, vizu&aacute;lis eszk&ouml;z&ouml;ket alkalmazunk. Tov&aacute;bb&aacute; ker&uuml;lj&uuml;k a zsargont &eacute;s a szaknyelvet, amelyek zavarba ejthetik olvas&oacute;inkat.<\/p>\n\n\n\n<h2 class=\"wp-block-heading\">&Aacute;tfog&oacute; fel&uuml;lvizsg&aacute;lati &eacute;s szerkeszt&eacute;si elj&aacute;r&aacute;s<\/h2>\n\n\n\n<p>A vil&aacute;gos &eacute;s &eacute;rthet&#337; tartalom melletti elk&ouml;telezetts&eacute;g&uuml;nknek megfelel&#337;en minden cikkn&eacute;l alapos fel&uuml;lvizsg&aacute;lati &eacute;s szerkeszt&eacute;si folyamatot tartunk, hogy biztos&iacute;tsuk a pontoss&aacute;got &eacute;s a professzionalizmust. Szakk&eacute;pzett lektori csapatunk szorgalmasan &aacute;tvizsg&aacute;lja az egyes tartalmakat, azonos&iacute;tja &eacute;s kijav&iacute;tja a hib&aacute;kat vagy k&ouml;vetkezetlens&eacute;geket. Ez a folyamat mag&aacute;ban foglalja a nyelvtan, a helyes&iacute;r&aacute;s, az &iacute;r&aacute;sjelek &eacute;s a t&eacute;nyek pontoss&aacute;g&aacute;nak alapos &eacute;rt&eacute;kel&eacute;s&eacute;t.<\/p>\n\n\n\n<p>Ezen t&uacute;lmen&#337;en hibajelent&eacute;si protokollokat hoztunk l&eacute;tre, amelyek lehet&#337;v&eacute; teszik az olvas&oacute;k sz&aacute;m&aacute;ra, hogy &eacute;rtes&iacute;tsenek benn&uuml;nket az azonos&iacute;tott hib&aacute;kr&oacute;l. Nagyra &eacute;rt&eacute;kelj&uuml;k az &aacute;tl&aacute;that&oacute;s&aacute;got, &eacute;s komolyan kezelj&uuml;k &eacute;s azonnal orvosoljuk a bejelentett hib&aacute;kat.<\/p>\n\n\n\n<p>Els&#337;dleges c&eacute;lunk, hogy olvas&oacute;inkat megb&iacute;zhat&oacute; &eacute;s hiteles inform&aacute;ci&oacute;kkal l&aacute;tjuk el, szigor&uacute; fel&uuml;lvizsg&aacute;lati folyamatunk pedig sarkalatos l&eacute;p&eacute;s e c&eacute;l el&eacute;r&eacute;se fel&eacute;.<\/p>\n\n\n\n<h2 class=\"wp-block-heading\">A szerkeszt&#337;i f&uuml;ggetlens&eacute;g fenntart&aacute;sa &eacute;s a harmadik felek fizet&eacute;s&eacute;t&#337;l val&oacute; tart&oacute;zkod&aacute;s<\/h2>\n\n\n\n<p>Szerkeszt&#337;i f&uuml;ggetlens&eacute;g&uuml;nk meg&oacute;v&aacute;sa &eacute;s az esetleges &ouml;sszef&eacute;rhetetlens&eacute;g cs&ouml;kkent&eacute;se &eacute;rdek&eacute;ben szigor&uacute;an betartjuk azt az ir&aacute;nyelvet, hogy bizonyos t&eacute;m&aacute;kkal kapcsolatban elutas&iacute;tjuk a harmadik felek &aacute;ltal fizetett kifizet&eacute;seket. Az etikus &uacute;js&aacute;g&iacute;r&oacute;i norm&aacute;k ir&aacute;nti elk&ouml;telezetts&eacute;g l&eacute;tfontoss&aacute;g&uacute; szerkeszt&#337;i integrit&aacute;sunk meg&#337;rz&eacute;s&eacute;hez.<\/p>\n\n\n\n<p>Meggy&#337;z&#337;d&eacute;s&uuml;nk, hogy az elfogulatlan jelent&eacute;st&eacute;tel alapvet&#337; fontoss&aacute;g&uacute; ahhoz, hogy olvas&oacute;inkat pontos &eacute;s megb&iacute;zhat&oacute; inform&aacute;ci&oacute;kkal l&aacute;thassuk el. A harmadik felek fizet&eacute;s&eacute;nek elutas&iacute;t&aacute;s&aacute;val olvas&oacute;ink &eacute;rdekeit helyezz&uuml;k el&#337;t&eacute;rbe a k&uuml;ls&#337; hat&aacute;sok felett. Ez az ir&aacute;nyelv biztos&iacute;tja objektivit&aacute;sunkat, &eacute;s fenntartja tartalmunk integrit&aacute;s&aacute;t, jogosulatlan befoly&aacute;sol&aacute;st&oacute;l mentesen.<\/p>\n\n\n\n<p>Az &aacute;tl&aacute;that&oacute; &eacute;s &aacute;tfog&oacute; tud&oacute;s&iacute;t&aacute;sok ir&aacute;nti megingathatatlan elk&ouml;telezetts&eacute;g&uuml;nket a szerkeszt&#337;i f&uuml;ggetlens&eacute;g ir&aacute;nti elk&ouml;telezetts&eacute;g&uuml;nk t&aacute;masztja al&aacute;, amely &uacute;js&aacute;g&iacute;r&oacute;i elveink egyik sarokk&ouml;ve.<\/p>\n\n\n\n<h2 class=\"wp-block-heading\">Megb&iacute;zhat&oacute; val&oacute;s idej&#369; adatintegr&aacute;ci&oacute;<\/h2>\n\n\n\n<p>Elk&ouml;telezetts&eacute;g&uuml;nk sarokk&ouml;ve a val&oacute;s idej&#369; inform&aacute;ci&oacute;k megb&iacute;zhat&oacute;s&aacute;g&aacute;nak biztos&iacute;t&aacute;sa. Gondosan kiv&aacute;lasztjuk &eacute;s integr&aacute;ljuk az olyan API-kat, mint a CoinAPI &eacute;s a CoinMarketCap API, hogy garant&aacute;ljuk a gyors &eacute;s pontos adatokat. Ezeket az API-kat megalapozott megb&iacute;zhat&oacute;s&aacute;guk &eacute;s bizony&iacute;tott m&uacute;ltjuk alapj&aacute;n v&aacute;lasztott&aacute;k ki.<\/p>\n\n\n\n<p>A szigor&uacute; platform- &eacute;s alkalmaz&aacute;stesztel&eacute;s szint&eacute;n szerves r&eacute;sz&eacute;t k&eacute;pezi folyamatunknak, biztos&iacute;tva a pontoss&aacute;got &eacute;s a megb&iacute;zhat&oacute;s&aacute;got. &Iacute;r&oacute;ink belemer&uuml;lnek az &aacute;ltaluk lefedett platformokba, felm&eacute;rik a regisztr&aacute;ci&oacute;t, a befizet&eacute;si elj&aacute;r&aacute;sokat, a keresked&eacute;si fel&uuml;leteket, a d&iacute;jakat, a biztons&aacute;got &eacute;s a t&aacute;mogat&aacute;st. Alapos tesztel&eacute;si m&oacute;dszereket alkalmaznak a megadott inform&aacute;ci&oacute;k pontoss&aacute;g&aacute;nak &eacute;s megb&iacute;zhat&oacute;s&aacute;g&aacute;nak ellen&#337;rz&eacute;s&eacute;re.<\/p>\n\n\n\n<h2 class=\"wp-block-heading\">Kialakult API-integr&aacute;ci&oacute; a megb&iacute;zhat&oacute;s&aacute;g &eacute;rdek&eacute;ben<\/h2>\n\n\n\n<p>Olyan bev&aacute;lt API-kra t&aacute;maszkodunk, mint a CoinAPI &eacute;s a CoinMarketCap API, hogy meger&#337;s&iacute;ts&uuml;k inform&aacute;ci&oacute;ink megb&iacute;zhat&oacute;s&aacute;g&aacute;t. Ezek az integr&aacute;ci&oacute;k lehet&#337;v&eacute; teszik sz&aacute;munkra, hogy gyors &eacute;s pontos adatokat k&iacute;n&aacute;ljunk olvas&oacute;ink sz&aacute;m&aacute;ra, n&ouml;velve ezzel hiteless&eacute;g&uuml;nket.<\/p>\n\n\n\n<p>A bev&aacute;lt API-k haszn&aacute;lata biztos&iacute;tja a pontoss&aacute;gukr&oacute;l &eacute;s hiteless&eacute;g&uuml;kr&#337;l ismert adatforr&aacute;saink megb&iacute;zhat&oacute;s&aacute;g&aacute;t.<\/p>\n\n\n\n<p>Ezen t&uacute;lmen&#337;en ezek az integr&aacute;ci&oacute;k az adatpontok sz&eacute;les spektrum&aacute;hoz biztos&iacute;tanak hozz&aacute;f&eacute;r&eacute;st, megk&ouml;nny&iacute;tve az &aacute;tfog&oacute; piaci &aacute;ttekint&eacute;st. Ez feljogos&iacute;t benn&uuml;nket arra, hogy olvas&oacute;inkat naprak&eacute;sz &eacute;s &eacute;rt&eacute;kes ismeretekkel l&aacute;tjuk el.<\/p>\n\n\n\n<h2 class=\"wp-block-heading\">Az inform&aacute;ci&oacute;k pontoss&aacute;g&aacute;nak &eacute;s megb&iacute;zhat&oacute;s&aacute;g&aacute;nak biztos&iacute;t&aacute;sa<\/h2>\n\n\n\n<p>A Dexn&eacute;l a pontoss&aacute;g &eacute;s megb&iacute;zhat&oacute;s&aacute;g ir&aacute;nti elk&ouml;telezetts&eacute;g&uuml;nk szigor&uacute; tesztel&eacute;si megk&ouml;zel&iacute;t&eacute;st foglal mag&aacute;ban az &aacute;ltalunk lefedett platformok &eacute;s alkalmaz&aacute;sok &eacute;rv&eacute;nyes&iacute;t&eacute;s&eacute;re. &Iacute;r&oacute;ink belemer&uuml;lnek ezekbe a platformokba, &eacute;s els&#337; k&eacute;zb&#337;l &eacute;rt&eacute;kelik a k&uuml;l&ouml;nf&eacute;le elemeket, p&eacute;ld&aacute;ul regisztr&aacute;ci&oacute;t, bet&eacute;teket, keresked&eacute;si fel&uuml;leteket, d&iacute;jakat, biztons&aacute;got &eacute;s t&aacute;mogat&aacute;st.<\/p>\n\n\n\n<p>Ezenk&iacute;v&uuml;l olyan j&oacute; h&iacute;r&#369; API-kra t&aacute;maszkodunk, mint a CoinAPI &eacute;s a CoinMarketCap API a val&oacute;s idej&#369; &eacute;s megb&iacute;zhat&oacute; adatok &eacute;rdek&eacute;ben.<\/p>\n\n\n\n<p>&Uuml;zleti modell&uuml;nket &uacute;gy alak&iacute;tottuk ki, hogy meg&#337;rizz&uuml;k a szerkeszt&#337;i f&uuml;ggetlens&eacute;get &eacute;s biztos&iacute;tsuk az elfogulatlan tartalmat. Bev&eacute;teleinket affiliate marketingb&#337;l szerz&uuml;nk, a t&aacute;rsult v&aacute;llalkoz&aacute;sokat a csapatunk preferenci&aacute;ihoz igazod&oacute; term&eacute;kek &eacute;s szolg&aacute;ltat&aacute;sok alapj&aacute;n v&aacute;lasztjuk ki.<\/p>\n\n\n\n<p>Biztos lehet benne, hogy legf&#337;bb elk&ouml;telezetts&eacute;g&uuml;nk az, hogy megb&iacute;zhat&oacute; &eacute;s megb&iacute;zhat&oacute; inform&aacute;ci&oacute;kat biztos&iacute;tsunk, amelyekre t&aacute;maszkodhat.<\/p>\n\n\n\n<h2 class=\"wp-block-heading\">A fedett platformok gyakorlati felfedez&eacute;se<\/h2>\n\n\n\n<p>Az &aacute;ltalunk lefedett platformokkal val&oacute; k&ouml;zvetlen interakci&oacute; elengedhetetlen ahhoz, hogy pontos &eacute;s &eacute;rt&eacute;kes inform&aacute;ci&oacute;kat tudjunk ny&uacute;jtani olvas&oacute;inknak. Csapatunk szil&aacute;rdan hisz abban, hogy a szolg&aacute;ltat&aacute;sok, a funkcionalit&aacute;s &eacute;s az &aacute;ltal&aacute;nos felhaszn&aacute;l&oacute;i &eacute;lm&eacute;ny &aacute;tfog&oacute; &eacute;rt&eacute;kel&eacute;s&eacute;hez a k&ouml;zvetlen tapasztalatra van sz&uuml;ks&eacute;g.<\/p>\n\n\n\n<p>R&eacute;szletes platform&eacute;rt&eacute;kel&eacute;seink kiterjednek a regisztr&aacute;ci&oacute;, a befizet&eacute;si folyamatok, a keresked&eacute;si fel&uuml;letek, a d&iacute;jak, a biztons&aacute;g &eacute;s a t&aacute;mogat&aacute;s alapos &eacute;rt&eacute;kel&eacute;s&eacute;re. Ezenk&iacute;v&uuml;l akt&iacute;van keress&uuml;k &eacute;s be&eacute;p&iacute;tj&uuml;k a felhaszn&aacute;l&oacute;i visszajelz&eacute;seket, hogy &aacute;tfog&oacute; k&eacute;pet kapjunk e platformok er&#337;ss&eacute;geir&#337;l &eacute;s gyenges&eacute;geir&#337;l.<\/p>\n\n\n\n<h2 class=\"wp-block-heading\">Az &uuml;zleti modell &aacute;ttekint&eacute;se<\/h2>\n\n\n\n<p>Profitorient&aacute;lt v&aacute;llalkoz&aacute;sk&eacute;nt k&uuml;ldet&eacute;s&uuml;nk, hogy egyens&uacute;lyba hozzuk a j&ouml;vedelmez&#337;s&eacute;get az &uacute;js&aacute;g&iacute;r&oacute;i feddhetetlens&eacute;ggel. Affiliate marketingb&#337;l sz&aacute;rmaz&oacute; bev&eacute;telb&#337;l m&#369;k&ouml;d&uuml;nk. Szeretn&eacute;nk azonban megnyugtatni olvas&oacute;inkat, hogy elveinket a le&aacute;nyv&aacute;llalatok nem befoly&aacute;solj&aacute;k. Le&aacute;nyv&aacute;llalataink d&ouml;nt&eacute;sei &ouml;sszhangban vannak a csapatunk &aacute;ltal szem&eacute;lyesen haszn&aacute;lt term&eacute;kekkel &eacute;s szolg&aacute;ltat&aacute;sokkal, ezzel biztos&iacute;tva elk&ouml;telezetts&eacute;g&uuml;nket az objekt&iacute;v inform&aacute;ci&oacute;k ir&aacute;nt.<\/p>\n\n\n\n<p>A j&ouml;vedelmez&#337;s&eacute;g fenntart&aacute;sa az &uacute;js&aacute;g&iacute;r&oacute;i integrit&aacute;s fenntart&aacute;sa mellett el&eacute;rhet&#337;. Az &aacute;tl&aacute;that&oacute;s&aacute;g &eacute;s az &eacute;rt&eacute;kes, elfogulatlan tartalom biztos&iacute;t&aacute;sa ir&aacute;nti elk&ouml;telezetts&eacute;g&uuml;nk tov&aacute;bbra is megingathatatlan. Elk&ouml;telezettek vagyunk amellett, hogy az elfogulatlan jelent&eacute;st&eacute;tel ir&aacute;nti elk&ouml;telezetts&eacute;g&uuml;nket fel&aacute;ldozva k&ouml;z&ouml;lj&uuml;k az inform&aacute;ci&oacute;kat.<\/p>\n\n\n\n<h2 class=\"wp-block-heading\">Elfogulatlan tartalom integrit&aacute;s az affiliate marketing k&ouml;zepette<\/h2>\n\n\n\n<p>Annak ellen&eacute;re, hogy profitorient&aacute;lt modellt haszn&aacute;lunk affiliate marketinggel, az elfogulatlan tartalom fenntart&aacute;sa tov&aacute;bbra is megingathatatlan priorit&aacute;sunk marad. A t&aacute;rsult partners&eacute;gek &eacute;s az objekt&iacute;v term&eacute;kaj&aacute;nl&aacute;sok k&ouml;z&ouml;tti egyens&uacute;lyt apr&oacute;l&eacute;kosan fenntartjuk.<\/p>\n\n\n\n<p>Partnereink kiv&aacute;laszt&aacute;s&aacute;nak folyamata a csapatunk &aacute;ltal prefer&aacute;lt term&eacute;kekhez &eacute;s szolg&aacute;ltat&aacute;sokhoz val&oacute; igazod&aacute;sra &ouml;sszpontos&iacute;t. Elveink tov&aacute;bbra is szil&aacute;rdak, &iacute;r&oacute;ink &eacute;s szerkeszt&#337;ink szigor&uacute; szerkeszt&#337;i ir&aacute;nyelvekhez ragaszkodnak, amelyek hangs&uacute;lyozz&aacute;k az &aacute;tl&aacute;that&oacute;s&aacute;got, a t&eacute;nyek ellen&#337;rz&eacute;s&eacute;t &eacute;s az &ouml;sszef&eacute;rhetetlens&eacute;g elker&uuml;l&eacute;s&eacute;t.<\/p>\n\n\n\n<p>Szigor&uacute; min&#337;s&eacute;g-ellen&#337;rz&eacute;si int&eacute;zked&eacute;sek vannak &eacute;rv&eacute;nyben a tartalom integrit&aacute;s&aacute;nak meg&#337;rz&eacute;se &eacute;rdek&eacute;ben. Ezen t&uacute;lmen&#337;en akt&iacute;van b&aacute;tor&iacute;tjuk az olvas&oacute;k visszajelz&eacute;s&eacute;t &eacute;s a hibajelent&eacute;st, azonnal jav&iacute;tva az azonos&iacute;tott hib&aacute;kat.<\/p>\n\n\n\n<p>V&eacute;gs&#337; c&eacute;lunk, hogy olvas&oacute;inkat p&aacute;rtatlan, &aacute;tfog&oacute; &eacute;s &aacute;tl&aacute;that&oacute; inform&aacute;ci&oacute;kkal l&aacute;tjuk el, f&uuml;ggetlen&uuml;l a kapcsolt partners&eacute;geinkt&#337;l.<\/p>\n\n\n\n<h2 class=\"wp-block-heading\">Megbecs&uuml;lt m&eacute;diaszolg&aacute;ltat&aacute;sok &eacute;s k&ouml;z&ouml;ss&eacute;gi m&eacute;dia jelenl&eacute;t<\/h2>\n\n\n\n<p>A Dex hiteless&eacute;g&eacute;t &eacute;s bizalm&aacute;t a neves m&eacute;di&aacute;k szolg&aacute;ltat&aacute;sai &eacute;s er&#337;teljes k&ouml;z&ouml;ss&eacute;gi m&eacute;dia jelenl&eacute;te r&eacute;v&eacute;n alapozta meg.<\/p>\n\n\n\n<p>A webhely elismert m&eacute;diaforr&aacute;sokban szerzett elismer&eacute;st, mint p&eacute;ld&aacute;ul a New York Times, a The Guardian, a Business Insider, a Bloomberg &eacute;s a Huffington Post, &eacute;s kapott eml&iacute;t&eacute;st az IBM, a TechCrunch, a Yahoo Finance, az Associated Press, a Coindesk, az International Business Times, a The Observer, &eacute;s Engadget.<\/p>\n\n\n\n<p>Ezek a m&eacute;dia elismer&eacute;sek meger&#337;s&iacute;tik Dex hiteless&eacute;g&eacute;t &eacute;s rangj&aacute;t az ipar&aacute;gon bel&uuml;l.<\/p>\n\n\n\n<p>A m&eacute;diafelismer&eacute;ssel egy&uuml;tt a Dex er&#337;teljes k&ouml;z&ouml;ss&eacute;gi m&eacute;dia jelenl&eacute;t&eacute;vel b&uuml;szk&eacute;lkedhet, egy Facebook-oldalnak 13 ezer k&ouml;vet&#337;je van, a Twitter h&iacute;rfolyamnak pedig 13,3 ezer k&ouml;vet&#337;je van.<\/p>\n\n\n\n<p>Ez a k&ouml;z&ouml;ss&eacute;gi platformokon val&oacute; akt&iacute;v szerepv&aacute;llal&aacute;s megk&ouml;nny&iacute;ti a k&ouml;z&ouml;ns&eacute;ggel val&oacute; k&ouml;zvetlen interakci&oacute;t, tov&aacute;bb er&#337;s&iacute;tve a Dex &aacute;ltal kiv&aacute;ltott bizalmat &eacute;s hiteless&eacute;get.<\/p>\n\n<\/div>\n<\/div>\n","protected":false},"excerpt":{"rendered":"<p>&Uuml;dv&ouml;z&ouml;lj&uuml;k a Dexben, ahol elk&ouml;telezetts&eacute;g&uuml;nk a bizalom elnyer&eacute;se. Vil&aacute;gszerte t&ouml;bb mint 40 &iacute;r&oacute;b&oacute;l &aacute;ll&oacute; v&aacute;ltozatos csapatb&oacute;l &aacute;llunk, &eacute;s arra specializ&aacute;l&oacute;dtunk, hogy megb&iacute;zhat&oacute;, pontos inform&aacute;ci&oacute;kat szolg&aacute;ltassunk a befektet&eacute;sekr&#337;l &eacute;s a dinamikus kriptoiparr&oacute;l. Szerkeszt&#337;i ir&aacute;nyelveink alapj&aacute;t az &aacute;tl&aacute;that&oacute;s&aacute;g k&eacute;pezi, amely garant&aacute;lja az objektivit&aacute;st &eacute;s a tartalom apr&oacute;l&eacute;kos t&eacute;nyek ellen&#337;rz&eacute;s&eacute;t. Els&#337; k&eacute;zb&#337;l szerzett tapasztalatainkat &eacute;s a j&oacute; h&iacute;r&#369; &#8230; <\/p>\n<p class=\"read-more-container\"><a title=\"Mi\u00e9rt b\u00edzzon benn\u00fcnk\" class=\"read-more button\" href=\"https:\/\/dex.ag\/hu\/miert-bizzon-bennunk\/#more-25534\" aria-label=\"Read more about Mi\u00e9rt b\u00edzzon benn\u00fcnk\">Olvass tov\u00e1bb<\/a><\/p>\n","protected":false},"author":2,"featured_media":0,"parent":0,"menu_order":0,"comment_status":"closed","ping_status":"closed","template":"","meta":{"footnotes":""},"class_list":["post-25534","page","type-page","status-publish"],"_links":{"self":[{"href":"https:\/\/dex.ag\/hu\/wp-json\/wp\/v2\/pages\/25534","targetHints":{"allow":["GET"]}}],"collection":[{"href":"https:\/\/dex.ag\/hu\/wp-json\/wp\/v2\/pages"}],"about":[{"href":"https:\/\/dex.ag\/hu\/wp-json\/wp\/v2\/types\/page"}],"author":[{"embeddable":true,"href":"https:\/\/dex.ag\/hu\/wp-json\/wp\/v2\/users\/2"}],"replies":[{"embeddable":true,"href":"https:\/\/dex.ag\/hu\/wp-json\/wp\/v2\/comments?post=25534"}],"version-history":[{"count":0,"href":"https:\/\/dex.ag\/hu\/wp-json\/wp\/v2\/pages\/25534\/revisions"}],"wp:attachment":[{"href":"https:\/\/dex.ag\/hu\/wp-json\/wp\/v2\/media?parent=25534"}],"curies":[{"name":"wp","href":"https:\/\/api.w.org\/{rel}","templated":true}]}}