{"id":118527,"date":"2025-08-07T07:04:47","date_gmt":"2025-08-07T07:04:47","guid":{"rendered":"https:\/\/dex.ag\/sweetstakes-kaszinok\/"},"modified":"2025-08-21T11:39:47","modified_gmt":"2025-08-21T11:39:47","slug":"sweepstakes-casinos","status":"publish","type":"page","link":"https:\/\/dex.ag\/hu\/sweepstakes-casinos\/","title":{"rendered":"Nyerem\u00e9nyj\u00e1t\u00e9kos kaszin\u00f3k"},"content":{"rendered":"<?xml encoding=\"UTF-8\"><div class=\"gb-container gb-container-bbc00baa\"><div class=\"gb-inside-container\">\n\n<h1 class=\"gb-headline gb-headline-24130f3f gb-headline-text\">Fedezze fel a Sweepstakes kaszin&oacute;kat: Technika, v&eacute;lem&eacute;nyek &eacute;s jutalmaz&aacute;si rendszerek<\/h1>\n\n<\/div><\/div><div class=\"gb-container gb-container-88e8e58a\">\n<div class=\"gb-container gb-container-f84b60d2\">\n\n<p>Ak&aacute;r a legjobbra &eacute;rt&eacute;kelt nyerem&eacute;nyj&aacute;t&eacute;k-kaszin&oacute;kat szeretn&eacute;d &ouml;sszehasonl&iacute;tani, ak&aacute;r a prom&oacute;ci&oacute;s jutalmaz&aacute;si rendszereik m&#369;k&ouml;d&eacute;s&eacute;t szeretn&eacute;d felfedezni, ak&aacute;r jobban meg&eacute;rteni a m&ouml;g&ouml;tt&uuml;k &aacute;ll&oacute; term&eacute;kmechanik&aacute;t &ndash; ez a k&ouml;zpont mindent egy helyen &ouml;sszegy&#369;jt.<\/p>\n\n\n\n<p>A Sweepstakes kaszin&oacute; nyer&#337;g&eacute;pek kicsit m&aacute;sk&eacute;pp m&#369;k&ouml;dnek, mint a hagyom&aacute;nyos online kaszin&oacute; nyer&#337;g&eacute;pek, de az &eacute;lm&eacute;ny meglep&#337;en ismer&#337;snek t&#369;nhet. Kreat&iacute;v j&aacute;t&eacute;kstrukt&uacute;r&aacute;kat, prom&oacute;ci&oacute;s jutalmakat &eacute;s okos tervez&eacute;si d&ouml;nt&eacute;seket alkalmaznak, hogy a dolgok lebilincsel&#337;ek maradjanak. A sz&iacute;nfalak m&ouml;g&ouml;tt rengeteg &aacute;tgondolt rendszertervez&eacute;s zajlik, a j&aacute;t&eacute;kosok b&oacute;nuszszerz&eacute;si m&oacute;dj&aacute;t&oacute;l kezdve eg&eacute;szen addig, hogy az egyes interakci&oacute;k hogyan vannak struktur&aacute;lva.<\/p>\n\n\n\n<p>Ez a r&eacute;szleg azoknak k&eacute;sz&uuml;lt, akiket &eacute;rdekel, hogyan is m&#369;k&ouml;dnek ezek a rendszerek. Itt megtal&aacute;lod a kezel&#337;k v&eacute;lem&eacute;ny&eacute;t, a j&aacute;t&eacute;kmenetek lebont&aacute;s&aacute;t, jogi magyar&aacute;zatokat &eacute;s technikai betekint&eacute;st abba, hogy mit&#337;l m&#369;k&ouml;dnek a nyerem&eacute;nyj&aacute;t&eacute;kok &ndash; a felhaszn&aacute;l&oacute;i fel&uuml;let viselked&eacute;s&eacute;t&#337;l a h&aacute;tt&eacute;rlogik&aacute;ig.<\/p>\n\n\n\n<p>Ha &eacute;rdekel a term&eacute;ktervez&eacute;s, a j&aacute;t&eacute;krendszerek, vagy csak szeretn&eacute;l egy &eacute;p&iacute;t&#337; szemsz&ouml;g&eacute;b&#337;l tiszt&aacute;bb k&eacute;pet kapni err&#337;l a piaci r&eacute;st, akkor itt a kezd&eacute;s.<\/p>\n\n\n\n<div class=\"gb-grid-wrapper gb-grid-wrapper-0d54d437 gb-query-loop-wrapper\"><\/div>\n\n<div class=\"gb-container gb-container-cbaedd74 gb-query-loop-pagination\">\n\n\n\n\n\n<\/div>\n\n<\/div>\n<\/div>\n","protected":false},"excerpt":{"rendered":"<p>Fedezze fel a Sweepstakes kaszin&oacute;kat: Technika, v&eacute;lem&eacute;nyek &eacute;s jutalmaz&aacute;si rendszerek Ak&aacute;r a legjobbra &eacute;rt&eacute;kelt nyerem&eacute;nyj&aacute;t&eacute;k-kaszin&oacute;kat szeretn&eacute;d &ouml;sszehasonl&iacute;tani, ak&aacute;r a prom&oacute;ci&oacute;s jutalmaz&aacute;si rendszereik m&#369;k&ouml;d&eacute;s&eacute;t szeretn&eacute;d felfedezni, ak&aacute;r jobban meg&eacute;rteni a m&ouml;g&ouml;tt&uuml;k &aacute;ll&oacute; term&eacute;kmechanik&aacute;t &ndash; ez a k&ouml;zpont mindent egy helyen &ouml;sszegy&#369;jt. A Sweepstakes kaszin&oacute; nyer&#337;g&eacute;pek kicsit m&aacute;sk&eacute;pp m&#369;k&ouml;dnek, mint a hagyom&aacute;nyos online kaszin&oacute; nyer&#337;g&eacute;pek, de az &#8230; <\/p>\n<p class=\"read-more-container\"><a title=\"Nyerem\u00e9nyj\u00e1t\u00e9kos kaszin\u00f3k\" class=\"read-more button\" href=\"https:\/\/dex.ag\/hu\/sweepstakes-casinos\/#more-118527\" aria-label=\"Read more about Nyerem\u00e9nyj\u00e1t\u00e9kos kaszin\u00f3k\">Olvass tov\u00e1bb<\/a><\/p>\n","protected":false},"author":2,"featured_media":0,"parent":0,"menu_order":0,"comment_status":"closed","ping_status":"closed","template":"","meta":{"footnotes":""},"class_list":["post-118527","page","type-page","status-publish"],"_links":{"self":[{"href":"https:\/\/dex.ag\/hu\/wp-json\/wp\/v2\/pages\/118527","targetHints":{"allow":["GET"]}}],"collection":[{"href":"https:\/\/dex.ag\/hu\/wp-json\/wp\/v2\/pages"}],"about":[{"href":"https:\/\/dex.ag\/hu\/wp-json\/wp\/v2\/types\/page"}],"author":[{"embeddable":true,"href":"https:\/\/dex.ag\/hu\/wp-json\/wp\/v2\/users\/2"}],"replies":[{"embeddable":true,"href":"https:\/\/dex.ag\/hu\/wp-json\/wp\/v2\/comments?post=118527"}],"version-history":[{"count":4,"href":"https:\/\/dex.ag\/hu\/wp-json\/wp\/v2\/pages\/118527\/revisions"}],"predecessor-version":[{"id":119364,"href":"https:\/\/dex.ag\/hu\/wp-json\/wp\/v2\/pages\/118527\/revisions\/119364"}],"wp:attachment":[{"href":"https:\/\/dex.ag\/hu\/wp-json\/wp\/v2\/media?parent=118527"}],"curies":[{"name":"wp","href":"https:\/\/api.w.org\/{rel}","templated":true}]}}