{"id":12303,"date":"2023-05-04T18:20:33","date_gmt":"2023-05-04T18:20:33","guid":{"rendered":"https:\/\/dex.ag\/tyourat\/"},"modified":"2023-09-20T04:52:41","modified_gmt":"2023-09-20T04:52:41","slug":"tyourat","status":"publish","type":"page","link":"https:\/\/dex.ag\/fi\/tyourat\/","title":{"rendered":"Ty\u00f6urat"},"content":{"rendered":"<?xml encoding=\"UTF-8\"><section class=\"gb-container gb-container-fdbd6300\">\n<div class=\"gb-container gb-container-4795fbce\">\n<div class=\"gb-container gb-container-c1544595\">\n\n<h2 class=\"gb-headline gb-headline-b526b385\"><span class=\"gb-icon\"><svg xmlns=\"http:\/\/www.w3.org\/2000\/svg\" viewbox=\"0 0 80 42\" data-name=\"subtract\"><path d=\"M0 20.06h80v1.87H0z\"><\/path><\/svg><\/span><span class=\"gb-headline-text\">Ty&ouml;urat<\/span><\/h2>\n\n\n\n<h2 class=\"gb-headline gb-headline-a14ed650 gb-headline-text\">Me tarvitsemme sinua<\/h2>\n\n\n\n<p class=\"has-white-color has-text-color\">Etsimme aina lahjakkaita ja intohimoisia henkil&ouml;it&auml; kasvavaan tiimiimme. Jos olet innostunut algoritmisesta kaupank&auml;ynnist&auml;, kaupank&auml;ynnin toteutustekniikoista ja siit&auml;, ett&auml; autat kauppiaita saavuttamaan tavoitteensa, haluaisimme kuulla sinusta! Tutustu alla oleviin avoimiin ty&ouml;paikkoihimme.<\/p>\n\n<\/div>\n\n<div class=\"gb-container gb-container-ccb9eec2\">\n\n<figure class=\"wp-block-image size-large is-resized\"><img loading=\"lazy\" decoding=\"async\" src=\"https:\/\/denover.com\/dexag\/wp-content\/uploads\/sites\/13\/2021\/06\/team_image.svg\" alt=\"Joukkueen kuva\" class=\"wp-image-597\" width=\"420\" height=\"357\" title=\"\"><\/figure>\n\n<\/div>\n<\/div>\n<div class=\"gb-shapes\"><div class=\"gb-shape gb-shape-1\"><svg xmlns=\"http:\/\/www.w3.org\/2000\/svg\" viewbox=\"0 0 1200 230.8\" preserveaspectratio=\"none\"><path d=\"M1200 179.5l-22.2-26.7c-22.2-26.7-66.9-80-111.1-75.6-44.4 4.8-89.2 66.4-133.3 102.2-44.4 35.8-89.2 44.2-133.3 8.9-44.4-35.6-89.2-115.6-133.3-155.6-44.4-40-89.2-40-133.3-17.8C488.9 37 444.2 82 400 81.7c-44.4.2-89.2-44.8-133.3-57.8-44.4-13.6-89.2 4.8-133.3 26.7-44.5 22.2-89.2 48.9-110.9 62.2L0 126.1v104.7H1199.7l.3-51.3z\"><\/path><\/svg><\/div><\/div><\/section><div class=\"gb-container gb-container-ef0aca51\"><div class=\"gb-inside-container\">\n\n<h2 class=\"gb-headline gb-headline-817ae7a6 gb-headline-text\">Development Avoimet ty&ouml;paikat<\/h2>\n\n\n\n<h2 class=\"gb-headline gb-headline-d1ea481d gb-headline-text\"><strong>Algoritmisen kaupank&auml;ynnin kehitt&auml;j&auml;<\/strong><\/h2>\n\n\n\n<p class=\"gb-headline gb-headline-a28c9a7e gb-headline-text\">Etsimme kokenutta kehitt&auml;j&auml;&auml;, jolla on vahva tausta rahoitusmarkkinoista ja algoritmisesta kaupank&auml;ynnist&auml;. Sinun teht&auml;v&auml;n&auml;si on luoda mukautettuja kaupank&auml;yntialgoritmeja, optimoida olemassa olevia strategioita ja pysy&auml; ajan tasalla alan uusimmista suuntauksista.<\/p>\n\n\n\n<h2 class=\"gb-headline gb-headline-37c96206 gb-headline-text\">Kvantitatiivinen analyytikko<\/h2>\n\n\n\n<p class=\"gb-headline gb-headline-f2227a42 gb-headline-text\">Jos olet taitava tietojen analysoinnissa ja matemaattisessa mallintamisessa, etsimme tiimiimme kvantitatiivista analyytikkoa. Vastaat kvantitatiivisten kaupank&auml;yntistrategioiden kehitt&auml;misest&auml; ja testaamisesta sek&auml; ty&ouml;skentelet tiiviiss&auml; yhteisty&ouml;ss&auml; kehitt&auml;jiemme kanssa varmistaaksesi niiden onnistuneen t&auml;yt&auml;nt&ouml;&ouml;npanon.<\/p>\n\n\n\n<h2 class=\"gb-headline gb-headline-0b1be26e gb-headline-text\">Kaupan toteutusinsin&ouml;&ouml;ri<\/h2>\n\n\n\n<p class=\"gb-headline gb-headline-7bbce993 gb-headline-text\">Etsimme lahjakasta insin&ouml;&ouml;ri&auml;, jolla on kokemusta nopeiden kauppojen toteutustekniikoista. Vastaat kaupank&auml;ynti-infrastruktuurin suunnittelusta, toteutuksesta ja yll&auml;pidosta sek&auml; sen luotettavuuden ja suorituskyvyn varmistamisesta.<\/p>\n\n\n\n<h2 class=\"gb-headline gb-headline-f449d3ef gb-headline-text\">Ohjelmistoinsin&ouml;&ouml;ri<\/h2>\n\n\n\n<p class=\"gb-headline gb-headline-326a4a75 gb-headline-text\">Tiimimme ohjelmistosuunnittelijana vastaat kaupank&auml;yntity&ouml;kalujemme, -alustojen ja -sovellusten kehitt&auml;misest&auml; ja yll&auml;pidosta. Vahvat ohjelmointitaidot ja intohimo rahoitusmarkkinoita kohtaan ovat v&auml;ltt&auml;m&auml;tt&ouml;mi&auml; t&auml;ss&auml; teht&auml;v&auml;ss&auml;.<\/p>\n\n\n\n<h2 class=\"gb-headline gb-headline-2727a5ea gb-headline-text\"><strong>UI\/UX-suunnittelija<\/strong><\/h2>\n\n\n\n<p class=\"gb-headline gb-headline-7cf26dd8 gb-headline-text\">Etsimme luovaa UI\/UX-suunnittelijaa, joka auttaa parantamaan kaupank&auml;yntity&ouml;kalujemme ja -alustojemme k&auml;ytt&auml;j&auml;kokemusta. Teet tiivist&auml; yhteisty&ouml;t&auml; kehitt&auml;jiemme kanssa luodaksesi asiakkaillemme intuitiivisia, visuaalisesti houkuttelevia ja k&auml;ytt&auml;j&auml;yst&auml;v&auml;llisi&auml; k&auml;ytt&ouml;liittymi&auml;.<\/p>\n\n\n\n<h2 class=\"gb-headline gb-headline-5f0b6b83 gb-headline-text\">Tuki Avoimet ty&ouml;paikat<\/h2>\n\n\n\n<h2 class=\"gb-headline gb-headline-cca0e027 gb-headline-text\"><strong><strong>Asiakastuen asiantuntija<\/strong><\/strong><\/h2>\n\n\n\n<p class=\"gb-headline gb-headline-8ec6ba09 gb-headline-text\">Etsimme asiakastuen asiantuntijaa, jolla on erinomaiset viestint&auml;taidot ja syv&auml;llinen ymm&auml;rrys algoritmisesta kaupank&auml;ynnist&auml;. Sinun teht&auml;v&auml;n&auml;si on avustaa asiakkaitamme heid&auml;n kysymyksiss&auml;&auml;n tai ongelmissaan ja antaa ajoissa hy&ouml;dyllist&auml; opastusta.<\/p>\n\n\n\n<h2 class=\"gb-headline gb-headline-55c3a9cc gb-headline-text\"><strong><strong><strong>Kaupank&auml;ynnin koulutusasiantuntija<\/strong><\/strong><\/strong><\/h2>\n\n\n\n<p class=\"gb-headline gb-headline-96f202e2 gb-headline-text\">Jos olet innostunut opettamisesta ja sinulla on vahva tausta algoritmisesta kaupank&auml;ynnist&auml;, haluaisimme, ett&auml; liityt tiimiimme kaupank&auml;ynnin koulutusasiantuntijana. Vastaat koulutussis&auml;ll&ouml;n, kuten webinaarien, artikkeleiden ja opetusohjelmien, kehitt&auml;misest&auml; ja toimittamisesta, jotta asiakkaamme voivat onnistua kaupank&auml;ynniss&auml;.<\/p>\n\n<\/div><\/div><div class=\"gb-container gb-container-ee25996e\">\n<div class=\"gb-container gb-container-858e6d89\"><div class=\"gb-inside-container\">\n<div class=\"gb-grid-wrapper gb-grid-wrapper-5a031acf\">\n<div class=\"gb-grid-column gb-grid-column-ccaa1743\"><div class=\"gb-container gb-container-ccaa1743\"><div class=\"gb-inside-container\">\n\n<h3 class=\"gb-headline gb-headline-bfc3f0c3 gb-headline-text\"><strong>LIITY TIIMIIMME<\/strong><\/h3>\n\n<\/div><\/div><\/div>\n\n<div class=\"gb-grid-column gb-grid-column-9062e2b2\"><div class=\"gb-container gb-container-9062e2b2\"><div class=\"gb-inside-container\">\n<div class=\"gb-button-wrapper gb-button-wrapper-3e961ede\">\n\n<a class=\"gb-button gb-button-b7132b20 gb-button-text\" href=\"https:\/\/dex.ag\/fi\/ota-yhteytta\/\">HAKEMUS T&Auml;ST&Auml;<\/a>\n\n<\/div>\n<\/div><\/div><\/div>\n<\/div>\n<\/div><\/div>\n<\/div><div class=\"gb-container gb-container-5c8749cc\">\n<div class=\"gb-container gb-container-84344cd2\">\n\n<h2 class=\"gb-headline gb-headline-85ee40ee\"><span class=\"gb-icon\"><svg xmlns=\"http:\/\/www.w3.org\/2000\/svg\" data-name=\"subtract\" viewbox=\"0 0 80 42\"><path d=\"M0 20.06h80v1.87H0z\"><\/path><\/svg><\/span><span class=\"gb-headline-text\">Aina valmiustilassa<\/span><\/h2>\n\n\n\n<p>Jos jokin n&auml;ist&auml; teht&auml;vist&auml; kuulostaa sinulle sopivalta, kehotamme sinua hakemaan ja liittym&auml;&auml;n tiimiimme, joka koostuu omistautuneista ammattilaisista, jotka ovat sitoutuneet auttamaan kauppiaita menestym&auml;&auml;n algoritmisen kaupank&auml;ynnin ja kaupank&auml;ynnin toteuttamisteknologioiden maailmassa.<\/p>\n\n<\/div>\n<\/div>\n","protected":false},"excerpt":{"rendered":"<p>Ty&ouml;urat Me tarvitsemme sinua Etsimme aina lahjakkaita ja intohimoisia henkil&ouml;it&auml; kasvavaan tiimiimme. Jos olet innostunut algoritmisesta kaupank&auml;ynnist&auml;, kaupank&auml;ynnin toteutustekniikoista ja siit&auml;, ett&auml; autat kauppiaita saavuttamaan tavoitteensa, haluaisimme kuulla sinusta! Tutustu alla oleviin avoimiin ty&ouml;paikkoihimme. Development Avoimet ty&ouml;paikat Algoritmisen kaupank&auml;ynnin kehitt&auml;j&auml; Etsimme kokenutta kehitt&auml;j&auml;&auml;, jolla on vahva tausta rahoitusmarkkinoista ja algoritmisesta kaupank&auml;ynnist&auml;. Sinun teht&auml;v&auml;n&auml;si on luoda &#8230; <\/p>\n<p class=\"read-more-container\"><a title=\"Ty\u00f6urat\" class=\"read-more button\" href=\"https:\/\/dex.ag\/fi\/tyourat\/#more-12303\" aria-label=\"Lue lis\u00e4\u00e4 aiheesta Ty\u00f6urat\">Lue lis\u00e4\u00e4<\/a><\/p>\n","protected":false},"author":2,"featured_media":0,"parent":0,"menu_order":0,"comment_status":"closed","ping_status":"closed","template":"","meta":{"footnotes":""},"class_list":["post-12303","page","type-page","status-publish"],"_links":{"self":[{"href":"https:\/\/dex.ag\/fi\/wp-json\/wp\/v2\/pages\/12303","targetHints":{"allow":["GET"]}}],"collection":[{"href":"https:\/\/dex.ag\/fi\/wp-json\/wp\/v2\/pages"}],"about":[{"href":"https:\/\/dex.ag\/fi\/wp-json\/wp\/v2\/types\/page"}],"author":[{"embeddable":true,"href":"https:\/\/dex.ag\/fi\/wp-json\/wp\/v2\/users\/2"}],"replies":[{"embeddable":true,"href":"https:\/\/dex.ag\/fi\/wp-json\/wp\/v2\/comments?post=12303"}],"version-history":[{"count":0,"href":"https:\/\/dex.ag\/fi\/wp-json\/wp\/v2\/pages\/12303\/revisions"}],"wp:attachment":[{"href":"https:\/\/dex.ag\/fi\/wp-json\/wp\/v2\/media?parent=12303"}],"curies":[{"name":"wp","href":"https:\/\/api.w.org\/{rel}","templated":true}]}}