{"id":12025,"date":"2023-05-10T14:53:59","date_gmt":"2023-05-10T14:53:59","guid":{"rendered":"https:\/\/dex.ag\/tietosuojakaytanto\/"},"modified":"2023-07-16T14:21:13","modified_gmt":"2023-07-16T14:21:13","slug":"tietosuojakaytanto","status":"publish","type":"page","link":"https:\/\/dex.ag\/fi\/tietosuojakaytanto\/","title":{"rendered":"Tietosuojak\u00e4yt\u00e4nt\u00f6"},"content":{"rendered":"<?xml encoding=\"UTF-8\"><h2 class=\"wp-block-heading\">Keit&auml; me olemme<\/h2><p>Verkkosivustomme osoite on: https:\/\/dex.ag.<\/p><h2 class=\"wp-block-heading\">Kommentit<\/h2><p>Kun k&auml;vij&auml;t j&auml;tt&auml;v&auml;t kommentteja sivustolle, ker&auml;&auml;mme kommenttilomakkeessa n&auml;kyv&auml;t tiedot sek&auml; k&auml;vij&auml;n IP-osoitteen ja selaimen k&auml;ytt&auml;j&auml;agenttijonon roskapostin havaitsemisen helpottamiseksi.<\/p><p>Gravatar-palvelulle voidaan toimittaa s&auml;hk&ouml;postiosoitteestasi luotu anonymisoitu merkkijono (jota kutsutaan my&ouml;s hashiksi), jotta n&auml;hd&auml;&auml;n, k&auml;yt&auml;tk&ouml; sit&auml;. Gravatar-palvelun tietosuojak&auml;yt&auml;nt&ouml; on saatavilla t&auml;&auml;ll&auml;: https:\/\/automattic.com\/privacy\/. Kun kommenttisi on hyv&auml;ksytty, profiilikuvasi n&auml;kyy yleis&ouml;lle kommenttisi yhteydess&auml;.<\/p><h2 class=\"wp-block-heading\">Media<\/h2><p>Jos lataat kuvia verkkosivustolle, sinun tulisi v&auml;ltt&auml;&auml; sellaisten kuvien lataamista, joihin on sis&auml;llytetty sijaintitietoja (EXIF GPS). Verkkosivuston k&auml;vij&auml;t voivat ladata ja poimia sijaintitietoja verkkosivuston kuvista.<\/p><h2 class=\"wp-block-heading\">Ev&auml;steet<\/h2><p>Jos j&auml;t&auml;t kommentin sivustollemme, voit suostua siihen, ett&auml; nimesi, s&auml;hk&ouml;postiosoitteesi ja verkkosivustosi tallennetaan ev&auml;steisiin. N&auml;m&auml; ovat sinulle, jotta sinun ei tarvitse t&auml;ytt&auml;&auml; tietojasi uudelleen, kun j&auml;t&auml;t uuden kommentin. N&auml;m&auml; keksit s&auml;ilyv&auml;t vuoden ajan.<\/p><p>Jos k&auml;yt kirjautumissivullamme, asetamme v&auml;liaikaisen ev&auml;steen m&auml;&auml;ritt&auml;&auml;ksemme, hyv&auml;ksyyk&ouml; selaimesi ev&auml;steet. T&auml;m&auml; ev&auml;ste ei sis&auml;ll&auml; henkil&ouml;tietoja, ja se h&auml;vitet&auml;&auml;n, kun suljet selaimesi.<\/p><p>Kun kirjaudut sis&auml;&auml;n, asetamme my&ouml;s useita ev&auml;steit&auml; tallentaaksemme kirjautumistietosi ja n&auml;yt&ouml;n n&auml;ytt&ouml;valintasi. Sis&auml;&auml;nkirjautumisev&auml;steet s&auml;ilyv&auml;t kaksi p&auml;iv&auml;&auml;, ja n&auml;ytt&ouml;asetusten ev&auml;steet s&auml;ilyv&auml;t vuoden. Jos valitset &rdquo;Muista minut&rdquo;, kirjautumisesi s&auml;ilyy kaksi viikkoa. Jos kirjaudut ulos tililt&auml;si, kirjautumisev&auml;steet poistetaan.<\/p><p>Jos muokkaat tai julkaiset artikkelin, selaimeesi tallennetaan toinen ev&auml;ste. T&auml;m&auml; ev&auml;ste ei sis&auml;ll&auml; henkil&ouml;tietoja, vaan se ilmoittaa vain juuri muokkaamasi artikkelin postitustunnuksen. Se vanhenee 1 p&auml;iv&auml;n kuluttua.<\/p><h2 class=\"wp-block-heading\">Muiden verkkosivustojen upotettu sis&auml;lt&ouml;<\/h2><p>T&auml;m&auml;n sivuston artikkelit voivat sis&auml;lt&auml;&auml; upotettua sis&auml;lt&ouml;&auml; (esim. videoita, kuvia, artikkeleita jne.). Muiden verkkosivustojen upotettu sis&auml;lt&ouml; k&auml;ytt&auml;ytyy t&auml;sm&auml;lleen samalla tavalla kuin jos k&auml;vij&auml; olisi vieraillut toisella verkkosivustolla.<\/p><p>N&auml;m&auml; verkkosivustot voivat ker&auml;t&auml; tietoja sinusta, k&auml;ytt&auml;&auml; ev&auml;steit&auml;, upottaa kolmannen osapuolen lis&auml;seurantaa ja seurata vuorovaikutustasi upotetun sis&auml;ll&ouml;n kanssa, mukaan lukien vuorovaikutuksen seuraaminen upotetun sis&auml;ll&ouml;n kanssa, jos sinulla on tili ja olet kirjautunut sis&auml;&auml;n kyseiselle verkkosivustolle.<\/p><h2 class=\"wp-block-heading\">Kenen kanssa jaamme tietojasi<\/h2><p>Jos pyyd&auml;t salasanan palautusta, IP-osoitteesi sis&auml;llytet&auml;&auml;n palautuss&auml;hk&ouml;postiin.<\/p><h2 class=\"wp-block-heading\">Kuinka kauan s&auml;ilyt&auml;mme tietojasi<\/h2><p>Jos j&auml;t&auml;t kommentin, kommentti ja sen metatiedot s&auml;ilytet&auml;&auml;n loputtomiin. N&auml;in voimme tunnistaa ja hyv&auml;ksy&auml; kaikki jatkokommentit automaattisesti sen sijaan, ett&auml; pit&auml;isimme niit&auml; moderointijonossa.<\/p><p>Sivustollamme rekister&ouml;ityneiden k&auml;ytt&auml;jien (jos sellaisia on) osalta tallennamme heid&auml;n antamansa henkil&ouml;tiedot my&ouml;s heid&auml;n k&auml;ytt&auml;j&auml;profiiliinsa. Kaikki k&auml;ytt&auml;j&auml;t voivat milloin tahansa n&auml;hd&auml;, muokata tai poistaa henkil&ouml;kohtaisia tietojaan (paitsi ett&auml; he eiv&auml;t voi muuttaa k&auml;ytt&auml;j&auml;tunnustaan). Verkkosivuston yll&auml;pit&auml;j&auml;t voivat my&ouml;s n&auml;hd&auml; ja muokata n&auml;it&auml; tietoja.<\/p><h2 class=\"wp-block-heading\">Mit&auml; oikeuksia sinulla on tietojesi suhteen<\/h2><p>Jos sinulla on tili t&auml;ll&auml; sivustolla tai olet j&auml;tt&auml;nyt kommentteja, voit pyyt&auml;&auml;, ett&auml; sinulle l&auml;hetet&auml;&auml;n tiedosto sinusta hallussamme olevista henkil&ouml;tiedoista, mukaan lukien kaikki meille antamasi tiedot. Voit my&ouml;s pyyt&auml;&auml;, ett&auml; poistamme hallussamme olevat henkil&ouml;tietosi. T&auml;m&auml; ei sis&auml;ll&auml; tietoja, jotka meid&auml;n on s&auml;ilytett&auml;v&auml; hallinnollisista, oikeudellisista tai turvallisuussyist&auml;.<\/p><h2 class=\"wp-block-heading\">Minne tietosi l&auml;hetet&auml;&auml;n<\/h2><p>Vierailijoiden kommentit voidaan tarkistaa automaattisen roskapostin havaitsemispalvelun avulla.<\/p>\n","protected":false},"excerpt":{"rendered":"<p>Keit&auml; me olemme Verkkosivustomme osoite on: https:\/\/dex.ag. Kommentit Kun k&auml;vij&auml;t j&auml;tt&auml;v&auml;t kommentteja sivustolle, ker&auml;&auml;mme kommenttilomakkeessa n&auml;kyv&auml;t tiedot sek&auml; k&auml;vij&auml;n IP-osoitteen ja selaimen k&auml;ytt&auml;j&auml;agenttijonon roskapostin havaitsemisen helpottamiseksi. Gravatar-palvelulle voidaan toimittaa s&auml;hk&ouml;postiosoitteestasi luotu anonymisoitu merkkijono (jota kutsutaan my&ouml;s hashiksi), jotta n&auml;hd&auml;&auml;n, k&auml;yt&auml;tk&ouml; sit&auml;. Gravatar-palvelun tietosuojak&auml;yt&auml;nt&ouml; on saatavilla t&auml;&auml;ll&auml;: https:\/\/automattic.com\/privacy\/. Kun kommenttisi on hyv&auml;ksytty, profiilikuvasi n&auml;kyy yleis&ouml;lle kommenttisi &#8230; <\/p>\n<p class=\"read-more-container\"><a title=\"Tietosuojak\u00e4yt\u00e4nt\u00f6\" class=\"read-more button\" href=\"https:\/\/dex.ag\/fi\/tietosuojakaytanto\/#more-12025\" aria-label=\"Lue lis\u00e4\u00e4 aiheesta Tietosuojak\u00e4yt\u00e4nt\u00f6\">Lue lis\u00e4\u00e4<\/a><\/p>\n","protected":false},"author":2,"featured_media":0,"parent":0,"menu_order":0,"comment_status":"closed","ping_status":"closed","template":"","meta":{"footnotes":""},"class_list":["post-12025","page","type-page","status-publish"],"_links":{"self":[{"href":"https:\/\/dex.ag\/fi\/wp-json\/wp\/v2\/pages\/12025","targetHints":{"allow":["GET"]}}],"collection":[{"href":"https:\/\/dex.ag\/fi\/wp-json\/wp\/v2\/pages"}],"about":[{"href":"https:\/\/dex.ag\/fi\/wp-json\/wp\/v2\/types\/page"}],"author":[{"embeddable":true,"href":"https:\/\/dex.ag\/fi\/wp-json\/wp\/v2\/users\/2"}],"replies":[{"embeddable":true,"href":"https:\/\/dex.ag\/fi\/wp-json\/wp\/v2\/comments?post=12025"}],"version-history":[{"count":0,"href":"https:\/\/dex.ag\/fi\/wp-json\/wp\/v2\/pages\/12025\/revisions"}],"wp:attachment":[{"href":"https:\/\/dex.ag\/fi\/wp-json\/wp\/v2\/media?parent=12025"}],"curies":[{"name":"wp","href":"https:\/\/api.w.org\/{rel}","templated":true}]}}