{"id":12293,"date":"2023-05-04T18:20:33","date_gmt":"2023-05-04T18:20:33","guid":{"rendered":"https:\/\/dex.ag\/karjaarivoimalused\/"},"modified":"2023-09-20T04:52:40","modified_gmt":"2023-09-20T04:52:40","slug":"karjaarivoimalused","status":"publish","type":"page","link":"https:\/\/dex.ag\/et\/karjaarivoimalused\/","title":{"rendered":"Karj\u00e4\u00e4riv\u00f5imalused"},"content":{"rendered":"<?xml encoding=\"UTF-8\"><section class=\"gb-container gb-container-fdbd6300\">\n<div class=\"gb-container gb-container-4795fbce\">\n<div class=\"gb-container gb-container-c1544595\">\n\n<h2 class=\"gb-headline gb-headline-b526b385\"><span class=\"gb-icon\"><svg xmlns=\"http:\/\/www.w3.org\/2000\/svg\" viewbox=\"0 0 80 42\" data-name=\"subtract\"><path d=\"M0 20.06h80v1.87H0z\"><\/path><\/svg><\/span><span class=\"gb-headline-text\">Karj&auml;&auml;riv&otilde;imalused<\/span><\/h2>\n\n\n\n<h2 class=\"gb-headline gb-headline-a14ed650 gb-headline-text\">Me vajame teid<\/h2>\n\n\n\n<p class=\"has-white-color has-text-color\">Otsime alati andekaid ja kirglikke inimesi, kes liituksid meie kasvava meeskonnaga. Kui olete p&otilde;nevil algoritmilise kauplemise, kaubanduse teostamise tehnoloogiate ja kauplejate eesm&auml;rkide saavutamise aitamise vastu, siis ootame teid! Vaadake allpool meie praeguseid t&ouml;&ouml;kuulutusi.<\/p>\n\n<\/div>\n\n<div class=\"gb-container gb-container-ccb9eec2\">\n\n<figure class=\"wp-block-image size-large is-resized\"><img loading=\"lazy\" decoding=\"async\" src=\"https:\/\/denover.com\/dexag\/wp-content\/uploads\/sites\/13\/2021\/06\/team_image.svg\" alt=\"Meeskonna pilt\" class=\"wp-image-597\" width=\"420\" height=\"357\" title=\"\"><\/figure>\n\n<\/div>\n<\/div>\n<div class=\"gb-shapes\"><div class=\"gb-shape gb-shape-1\"><svg xmlns=\"http:\/\/www.w3.org\/2000\/svg\" viewbox=\"0 0 1200 230.8\" preserveaspectratio=\"none\"><path d=\"M1200 179.5l-22.2-26.7c-22.2-26.7-66.9-80-111.1-75.6-44.4 4.8-89.2 66.4-133.3 102.2-44.4 35.8-89.2 44.2-133.3 8.9-44.4-35.6-89.2-115.6-133.3-155.6-44.4-40-89.2-40-133.3-17.8C488.9 37 444.2 82 400 81.7c-44.4.2-89.2-44.8-133.3-57.8-44.4-13.6-89.2 4.8-133.3 26.7-44.5 22.2-89.2 48.9-110.9 62.2L0 126.1v104.7H1199.7l.3-51.3z\"><\/path><\/svg><\/div><\/div><\/section><div class=\"gb-container gb-container-ef0aca51\"><div class=\"gb-inside-container\">\n\n<h2 class=\"gb-headline gb-headline-817ae7a6 gb-headline-text\">Vabad t&ouml;&ouml;kohad arengus<\/h2>\n\n\n\n<h2 class=\"gb-headline gb-headline-d1ea481d gb-headline-text\"><strong>Algoritmilise kauplemise arendaja<\/strong><\/h2>\n\n\n\n<p class=\"gb-headline gb-headline-a28c9a7e gb-headline-text\">Otsime kogenud arendajat, kellel on tugev taust finantsturgude ja algoritmkauplemise valdkonnas. Sa vastutad kohandatud kauplemisalgoritmide loomise, olemasolevate strateegiate optimeerimise ja t&ouml;&ouml;stuse viimaste suundumustega kursis olemise eest.<\/p>\n\n\n\n<h2 class=\"gb-headline gb-headline-37c96206 gb-headline-text\">Kvantitatiivne anal&uuml;&uuml;tik<\/h2>\n\n\n\n<p class=\"gb-headline gb-headline-f2227a42 gb-headline-text\">Kui teil on oskused andmeanal&uuml;&uuml;sis ja matemaatilises modelleerimises, otsime oma meeskonnaga liitumiseks kvantitatiivset anal&uuml;&uuml;tikut. Sa vastutad kvantitatiivsete kauplemisstrateegiate arendamise ja testimise eest ning teed tihedat koost&ouml;&ouml;d meie arendajatega, et tagada nende edukas rakendamine.<\/p>\n\n\n\n<h2 class=\"gb-headline gb-headline-0b1be26e gb-headline-text\">Kaubanduse teostamise insener<\/h2>\n\n\n\n<p class=\"gb-headline gb-headline-7bbce993 gb-headline-text\">Otsime andekat inseneri, kellel on kogemused kiirete kaubandustehnoloogiate rakendamisel. Sa vastutad meie kauplemisinfrastruktuuri kavandamise, rakendamise ja hooldamise eest, tagades selle t&ouml;&ouml;kindluse ja j&otilde;udluse.<\/p>\n\n\n\n<h2 class=\"gb-headline gb-headline-f449d3ef gb-headline-text\">Tarkvara insener<\/h2>\n\n\n\n<p class=\"gb-headline gb-headline-326a4a75 gb-headline-text\">Meie meeskonna tarkvarainsenerina vastutate meie kauplemisvahendite, platvormide ja rakenduste arendamise ja hooldamise eest. Tugev programmeerimisoskus ja kirg finantsturgude vastu on selle rolli t&auml;itmiseks h&auml;davajalik.<\/p>\n\n\n\n<h2 class=\"gb-headline gb-headline-2727a5ea gb-headline-text\"><strong>UI\/UX disainer<\/strong><\/h2>\n\n\n\n<p class=\"gb-headline gb-headline-7cf26dd8 gb-headline-text\">Otsime loomingulist UI\/UX disainerit, kes aitaks parandada meie kauplemisvahendite ja platvormide kasutajakogemust. Teete tihedat koost&ouml;&ouml;d meie arendajatega, et luua klientidele intuitiivseid, visuaalselt atraktiivseid ja kasutajas&otilde;bralikke kasutajaliideseid.<\/p>\n\n\n\n<h2 class=\"gb-headline gb-headline-5f0b6b83 gb-headline-text\">Toetus Vabad t&ouml;&ouml;kohad<\/h2>\n\n\n\n<h2 class=\"gb-headline gb-headline-cca0e027 gb-headline-text\"><strong><strong>Klienditoe spetsialist<\/strong><\/strong><\/h2>\n\n\n\n<p class=\"gb-headline gb-headline-8ec6ba09 gb-headline-text\">Otsime klienditoe spetsialisti, kellel on suurep&auml;rased suhtlemisoskused ja p&otilde;hjalik arusaam algoritmilisest kauplemisest. Sinu &uuml;lesanne on abistada meie kliente nende v&otilde;imalike k&uuml;simuste ja probleemide korral ning anda &otilde;igeaegselt kasulikke juhiseid.<\/p>\n\n\n\n<h2 class=\"gb-headline gb-headline-55c3a9cc gb-headline-text\"><strong><strong><strong>Kauplemiskoolituse spetsialist<\/strong><\/strong><\/strong><\/h2>\n\n\n\n<p class=\"gb-headline gb-headline-96f202e2 gb-headline-text\">Kui olete kirglik &otilde;petamise vastu ja teil on tugev taust algoritmkauplemise valdkonnas, siis oleksime r&otilde;&otilde;msad, kui saaksite meie meeskonnaga &uuml;hineda kauplemiskoolituse spetsialistina. Sa vastutad haridusliku sisu, sealhulgas veebiseminaride, artiklite ja &otilde;petuste v&auml;ljat&ouml;&ouml;tamise ja edastamise eest, et aidata meie klientidel oma kauplemisp&uuml;&uuml;dlustes edu saavutada.<\/p>\n\n<\/div><\/div><div class=\"gb-container gb-container-ee25996e\">\n<div class=\"gb-container gb-container-858e6d89\"><div class=\"gb-inside-container\">\n<div class=\"gb-grid-wrapper gb-grid-wrapper-5a031acf\">\n<div class=\"gb-grid-column gb-grid-column-ccaa1743\"><div class=\"gb-container gb-container-ccaa1743\"><div class=\"gb-inside-container\">\n\n<h3 class=\"gb-headline gb-headline-bfc3f0c3 gb-headline-text\"><strong>LIITU MEIE MEESKONNAGA<\/strong><\/h3>\n\n<\/div><\/div><\/div>\n\n<div class=\"gb-grid-column gb-grid-column-9062e2b2\"><div class=\"gb-container gb-container-9062e2b2\"><div class=\"gb-inside-container\">\n<div class=\"gb-button-wrapper gb-button-wrapper-3e961ede\">\n\n<a class=\"gb-button gb-button-b7132b20 gb-button-text\" href=\"https:\/\/dex.ag\/et\/kontakt\/\">KANDIDEERIGE SIIN<\/a>\n\n<\/div>\n<\/div><\/div><\/div>\n<\/div>\n<\/div><\/div>\n<\/div><div class=\"gb-container gb-container-5c8749cc\">\n<div class=\"gb-container gb-container-84344cd2\">\n\n<h2 class=\"gb-headline gb-headline-85ee40ee\"><span class=\"gb-icon\"><svg xmlns=\"http:\/\/www.w3.org\/2000\/svg\" data-name=\"subtract\" viewbox=\"0 0 80 42\"><path d=\"M0 20.06h80v1.87H0z\"><\/path><\/svg><\/span><span class=\"gb-headline-text\">Alati valmisolekus<\/span><\/h2>\n\n\n\n<p>Kui m&otilde;ni neist ametikohtadest tundub teile sobivat, julgustame teid kandideerima ja liituma meie p&uuml;hendunud spetsialistide meeskonnaga, kes aitavad kauplejatel areneda algoritmilise kauplemise ja kaubanduse teostamise tehnoloogiate maailmas.<\/p>\n\n<\/div>\n<\/div>\n","protected":false},"excerpt":{"rendered":"<p>Karj&auml;&auml;riv&otilde;imalused Me vajame teid Otsime alati andekaid ja kirglikke inimesi, kes liituksid meie kasvava meeskonnaga. Kui olete p&otilde;nevil algoritmilise kauplemise, kaubanduse teostamise tehnoloogiate ja kauplejate eesm&auml;rkide saavutamise aitamise vastu, siis ootame teid! Vaadake allpool meie praeguseid t&ouml;&ouml;kuulutusi. Vabad t&ouml;&ouml;kohad arengus Algoritmilise kauplemise arendaja Otsime kogenud arendajat, kellel on tugev taust finantsturgude ja algoritmkauplemise valdkonnas. Sa &#8230; <\/p>\n<p class=\"read-more-container\"><a title=\"Karj\u00e4\u00e4riv\u00f5imalused\" class=\"read-more button\" href=\"https:\/\/dex.ag\/et\/karjaarivoimalused\/#more-12293\" aria-label=\"Read more about Karj\u00e4\u00e4riv\u00f5imalused\">Read more<\/a><\/p>\n","protected":false},"author":2,"featured_media":0,"parent":0,"menu_order":0,"comment_status":"closed","ping_status":"closed","template":"","meta":{"footnotes":""},"class_list":["post-12293","page","type-page","status-publish"],"_links":{"self":[{"href":"https:\/\/dex.ag\/et\/wp-json\/wp\/v2\/pages\/12293","targetHints":{"allow":["GET"]}}],"collection":[{"href":"https:\/\/dex.ag\/et\/wp-json\/wp\/v2\/pages"}],"about":[{"href":"https:\/\/dex.ag\/et\/wp-json\/wp\/v2\/types\/page"}],"author":[{"embeddable":true,"href":"https:\/\/dex.ag\/et\/wp-json\/wp\/v2\/users\/2"}],"replies":[{"embeddable":true,"href":"https:\/\/dex.ag\/et\/wp-json\/wp\/v2\/comments?post=12293"}],"version-history":[{"count":0,"href":"https:\/\/dex.ag\/et\/wp-json\/wp\/v2\/pages\/12293\/revisions"}],"wp:attachment":[{"href":"https:\/\/dex.ag\/et\/wp-json\/wp\/v2\/media?parent=12293"}],"curies":[{"name":"wp","href":"https:\/\/api.w.org\/{rel}","templated":true}]}}