{"id":9174,"date":"2021-05-30T19:22:12","date_gmt":"2021-05-30T19:22:12","guid":{"rendered":"https:\/\/dex.ag\/contacte-con\/"},"modified":"2025-01-25T17:09:30","modified_gmt":"2025-01-25T17:09:30","slug":"contact","status":"publish","type":"page","link":"https:\/\/dex.ag\/es\/contact\/","title":{"rendered":"Contacto"},"content":{"rendered":"<?xml encoding=\"UTF-8\"><div class=\"gb-container gb-container-dd1b946c\"><div class=\"gb-inside-container\">\n<div class=\"gb-grid-wrapper gb-grid-wrapper-92ec29c0\">\n<div class=\"gb-grid-column gb-grid-column-47af95e9\"><div class=\"gb-container gb-container-47af95e9\"><div class=\"gb-inside-container\">\n    <script>\n        localStorage.setItem('fxbot_ab_testing', '{\"login\":[],\"registration\":[],\"contactus\":[]}');\n    <\/script>\n\n\n<script>\n    localStorage.setItem('fxbot_api_parameters', '[{\"key\":\"funnel\",\"value\":\"dex\",\"override\":true}]');\n    localStorage.setItem('fxbot_alias_url', 'wp-content\/plugins\/fxbot-registration-form\/api.php');\n    localStorage.setItem('fxbot_email_marketing', '1');\n    localStorage.setItem('fxbot_email_marketing_debounce', 'true');\n    localStorage.setItem('fxbot_email_marketing_debounce_time', '1000');\n    localStorage.setItem('fxbot_recaptcha_enabled', 'false');\n    localStorage.setItem('fxbot_recaptcha_site_key', 'EMPTY');\n    localStorage.setItem('fxbot_alt_reg_popup_query_selector', '');\n    localStorage.setItem('fxbot_redirectVariant', '0');\n<\/script>\n<div class=\"form-widget\">\n    <form action=\"\" class=\"flex flex-column\" data-form=\"registrationForm\" data-urlsearchparams=\"\" data-widget=\"contactus\" id=\"reg_form_1\" method=\"post\" name=\"registrationForm\">\n        <div class=\"elementor-field-type-text elementor-field-group elementor-column elementor-field-group-name elementor-col-100 form-group\">\n            <label for=\"form-first_name\" class=\"elementor-field-label elementor-screen-only\">Nombre<\/label>\n            <input class=\"elementor-field elementor-size-sm  elementor-field-textual regFormFirstName\" placeholder=\"Nombre\" data-input=\"firstname\" data-valid=\"false\" id=\"form-first_name\" name=\"firstname\" size=\"1\" type=\"text\">\n            <p class=\"error-message\"><\/p>\n        <\/div>\n\n        <div class=\"elementor-field-type-text elementor-field-group elementor-column elementor-field-group-name elementor-col-100 form-group\">\n            <label for=\"form-last_name\" class=\"elementor-field-label elementor-screen-only\">Apellido<\/label>\n            <input class=\"elementor-field elementor-size-sm elementor-field-textual regFormLastNname\" placeholder=\"Apellido\" data-input=\"lastname\" data-valid=\"false\" id=\"form-last_name\" name=\"lastname\" size=\"1\" type=\"text\">\n            <p class=\"error-message\"><\/p>\n        <\/div>\n\n        <div class=\"elementor-field-type-text elementor-field-group elementor-column elementor-field-group-name elementor-col-100 form-group form-group__emailValid\">\n            <label for=\"form-email\" class=\"elementor-field-label elementor-screen-only\">Correo electr\u00f3nico<\/label>\n            <input class=\"elementor-field elementor-size-sm elementor-field-textual regFormEmail\" data-input=\"email\" data-valid=\"false\" id=\"form-email\" name=\"email\" placeholder=\"Correo electr\u00f3nico\" type=\"email\">\n            <p class=\"error-message\"><\/p>\n            <p class=\"form-group__emailValid-info\">\n                <span class=\"form-group__emailValid-message\"><span>\u00bfQuiso decir<\/span> <b><\/b>?<\/span> <span class=\"form-group__emailValid-btn\">Reemplazar<\/span>            <\/p>\n        <\/div>\n\n        <div class=\"elementor-field-type-tel elementor-field-group elementor-column elementor-field-group-field_fad38fc elementor-col-100 form-group reg-phone\">\n            <label for=\"form-phone_number\" class=\"elementor-field-label elementor-screen-only\">N\u00famero de tel\u00e9fono<\/label>\n            <input class=\"elementor-field elementor-size-sm elementor-field-textual regFormPhoneNumber\" placeholder=\"N\u00famero de tel\u00e9fono\" autocompvare=\"off\" data-input=\"phone_number\" data-valid=\"false\" id=\"form-phone_number\" inputmode=\"tel\" name=\"phone_number\" size=\"1\" type=\"text\">\n            <p class=\"error-message\"><\/p>\n        <\/div>\n\n        <div class=\"elementor-field-type-text elementor-field-group elementor-column elementor-field-group-name elementor-col-100 form-group\">\n            <label for=\"form-message\" class=\"elementor-field-label elementor-screen-only\">Mensaje<\/label>\n            <textarea class=\"elementor-field elementor-size-sm elementor-field-textual regFormMessage\" placeholder=\"Mensaje\" data-input=\"message\" data-valid=\"false\" id=\"form-message\" name=\"message\" rows=\"5\"><\/textarea>\n            <p class=\"error-message\"><\/p>\n        <\/div>\n\n        <button class=\"elementor-button zoom regFormButton\" data-button=\"submit\" id=\"form-btn\" type=\"button\">\n            Enviar mensaje        <\/button>\n\n        <div class=\"wrapper__rar-no\" data-modal=\"success\" style=\"display: none\">\n            <div class=\"success\">\n                <img decoding=\"async\" src=\"\/wp-content\/plugins\/fxbot-registration-form\/assets\/images\/regSuccess.png\" alt=\"Gracias por tus comentarios.\" title=\"\">\n                <p>Gracias por tus comentarios.<\/p>\n            <\/div>\n        <\/div>\n\n        <div class=\"wrapper__rar-no\" data-modal=\"alternative_success\" style=\"display: none\">\n            <div class=\"success\">\n                <p class=\"reg_title\">\n                    <b>Se ha conectado correctamente.<\/b>\n                <\/p>\n                <p>Un agente de la empresa se pondr\u00e1 en contacto contigo en breve. Aseg\u00farate de estar disponible por tel\u00e9fono para no perder la llamada.<\/p>\n            <\/div>\n        <\/div>\n\n        <div class=\"wrapper__error\" data-modal=\"error\" style=\"display: none\"><\/div>\n    <\/form>\n<\/div>\n\n<div class=\"submit-overlay\" style=\"display: none;\">\n    <div class=\"lds-spinner\">\n        <div><\/div>\n        <div><\/div>\n        <div><\/div>\n        <div><\/div>\n        <div><\/div>\n        <div><\/div>\n        <div><\/div>\n        <div><\/div>\n    <\/div>\n    <p class=\"overlay-text\">Procesando su solicitud...<\/p>\n<\/div>\n\n\n<\/div><\/div><\/div>\n\n<div class=\"gb-grid-column gb-grid-column-339217fc\"><div class=\"gb-container gb-container-339217fc\"><div class=\"gb-inside-container\">\n\n<h2 class=\"gb-headline gb-headline-d9e4988a\"><span class=\"gb-icon\"><svg xmlns=\"http:\/\/www.w3.org\/2000\/svg\" viewbox=\"0 0 80 42\" data-name=\"subtract\"><path d=\"M0 20.06h80v1.87H0z\"><\/path><\/svg><\/span><span class=\"gb-headline-text\">Contacta con nosotros<\/span><\/h2>\n\n\n\n<h2 class=\"gb-headline gb-headline-d9ff4fd2 gb-headline-text\">Pong&aacute;monos en contacto<\/h2>\n\n\n\n<p class=\"gb-headline gb-headline-59af0c3e gb-headline-text\">Tenemos dos oficinas, no dude en ponerse en contacto con cualquiera de ellas<\/p>\n\n\n<div class=\"gb-grid-wrapper gb-grid-wrapper-358f47a8\">\n<div class=\"gb-grid-column gb-grid-column-46a613fa\"><div class=\"gb-container gb-container-46a613fa\"><div class=\"gb-inside-container\">\n\n<h6 class=\"gb-headline gb-headline-67874170\"><span class=\"gb-icon\"><svg xmlns=\"http:\/\/www.w3.org\/2000\/svg\" aria-hidden=\"true\" role=\"img\" height=\"1em\" width=\"1em\" viewbox=\"0 0 384 512\"><path fill=\"currentColor\" d=\"M172.268 501.67C26.97 291.031 0 269.413 0 192 0 85.961 85.961 0 192 0s192 85.961 192 192c0 77.413-26.97 99.031-172.268 309.67-9.535 13.774-29.93 13.773-39.464 0zM192 272c44.183 0 80-35.817 80-80s-35.817-80-80-80-80 35.817-80 80 35.817 80 80 80z\"><\/path><\/svg><\/span><span class=\"gb-headline-text\">Oficina 1<\/span><\/h6>\n\n\n\n<p class=\"has-text-align-left has-text-color\" style=\"color:#dfdfdf;font-size:15px\">150 Beach Rd, nivel 35 Gateway West, Singapur 189720<\/p>\n\n<\/div><\/div><\/div>\n\n<div class=\"gb-grid-column gb-grid-column-ed5b8158\"><div class=\"gb-container gb-container-ed5b8158\"><div class=\"gb-inside-container\">\n\n<h6 class=\"gb-headline gb-headline-62836618\"><span class=\"gb-icon\"><svg xmlns=\"http:\/\/www.w3.org\/2000\/svg\" aria-hidden=\"true\" role=\"img\" height=\"1em\" width=\"1em\" viewbox=\"0 0 384 512\"><path fill=\"currentColor\" d=\"M172.268 501.67C26.97 291.031 0 269.413 0 192 0 85.961 85.961 0 192 0s192 85.961 192 192c0 77.413-26.97 99.031-172.268 309.67-9.535 13.774-29.93 13.773-39.464 0zM192 272c44.183 0 80-35.817 80-80s-35.817-80-80-80-80 35.817-80 80 35.817 80 80 80z\"><\/path><\/svg><\/span><span class=\"gb-headline-text\">Oficina 2<\/span><\/h6>\n\n\n\n<p class=\"has-text-color\" style=\"color:#dfdfdf;font-size:15px\">35VP+HGG, Herberts Rd, St John&rsquo;s, Saint John, Antigua y Barbuda<\/p>\n\n<\/div><\/div><\/div>\n\n<div class=\"gb-grid-column gb-grid-column-86b4cbd6\"><div class=\"gb-container gb-container-86b4cbd6\"><div class=\"gb-inside-container\">\n\n<h6 class=\"gb-headline gb-headline-92822bd7\"><span class=\"gb-icon\"><svg xmlns=\"http:\/\/www.w3.org\/2000\/svg\" viewbox=\"0 0 473.806 473.806\"><path d=\"M374.456 293.506c-9.7-10.1-21.4-15.5-33.8-15.5-12.3 0-24.1 5.3-34.2 15.4l-31.6 31.5c-2.6-1.4-5.2-2.7-7.7-4-3.6-1.8-7-3.5-9.9-5.3-29.6-18.8-56.5-43.3-82.3-75-12.5-15.8-20.9-29.1-27-42.6 8.2-7.5 15.8-15.3 23.2-22.8 2.8-2.8 5.6-5.7 8.4-8.5 21-21 21-48.2 0-69.2l-27.3-27.3c-3.1-3.1-6.3-6.3-9.3-9.5-6-6.2-12.3-12.6-18.8-18.6-9.7-9.6-21.3-14.7-33.5-14.7s-24 5.1-34 14.7l-.2.2-34 34.3c-12.8 12.8-20.1 28.4-21.7 46.5-2.4 29.2 6.2 56.4 12.8 74.2 16.2 43.7 40.4 84.2 76.5 127.6 43.8 52.3 96.5 93.6 156.7 122.7 23 10.9 53.7 23.8 88 26 2.1.1 4.3.2 6.3.2 23.1 0 42.5-8.3 57.7-24.8.1-.2.3-.3.4-.5 5.2-6.3 11.2-12 17.5-18.1 4.3-4.1 8.7-8.4 13-12.9 9.9-10.3 15.1-22.3 15.1-34.6 0-12.4-5.3-24.3-15.4-34.3l-54.9-55.1zm35.8 105.3c-.1 0-.1.1 0 0-3.9 4.2-7.9 8-12.2 12.2-6.5 6.2-13.1 12.7-19.3 20-10.1 10.8-22 15.9-37.6 15.9-1.5 0-3.1 0-4.6-.1-29.7-1.9-57.3-13.5-78-23.4-56.6-27.4-106.3-66.3-147.6-115.6-34.1-41.1-56.9-79.1-72-119.9-9.3-24.9-12.7-44.3-11.2-62.6 1-11.7 5.5-21.4 13.8-29.7l34.1-34.1c4.9-4.6 10.1-7.1 15.2-7.1 6.3 0 11.4 3.8 14.6 7l.3.3c6.1 5.7 11.9 11.6 18 17.9 3.1 3.2 6.3 6.4 9.5 9.7l27.3 27.3c10.6 10.6 10.6 20.4 0 31-2.9 2.9-5.7 5.8-8.6 8.6-8.4 8.6-16.4 16.6-25.1 24.4-.2.2-.4.3-.5.5-8.6 8.6-7 17-5.2 22.7l.3.9c7.1 17.2 17.1 33.4 32.3 52.7l.1.1c27.6 34 56.7 60.5 88.8 80.8 4.1 2.6 8.3 4.7 12.3 6.7 3.6 1.8 7 3.5 9.9 5.3.4.2.8.5 1.2.7 3.4 1.7 6.6 2.5 9.9 2.5 8.3 0 13.5-5.2 15.2-6.9l34.2-34.2c3.4-3.4 8.8-7.5 15.1-7.5 6.2 0 11.3 3.9 14.4 7.3l.2.2 55.1 55.1c10.3 10.2 10.3 20.7.1 31.3zM256.056 112.706c26.2 4.4 50 16.8 69 35.8s31.3 42.8 35.8 69c1.1 6.6 6.8 11.2 13.3 11.2.8 0 1.5-.1 2.3-.2 7.4-1.2 12.3-8.2 11.1-15.6-5.4-31.7-20.4-60.6-43.3-83.5s-51.8-37.9-83.5-43.3c-7.4-1.2-14.3 3.7-15.6 11s3.5 14.4 10.9 15.6zM473.256 209.006c-8.9-52.2-33.5-99.7-71.3-137.5s-85.3-62.4-137.5-71.3c-7.3-1.3-14.2 3.7-15.5 11-1.2 7.4 3.7 14.3 11.1 15.6 46.6 7.9 89.1 30 122.9 63.7 33.8 33.8 55.8 76.3 63.7 122.9 1.1 6.6 6.8 11.2 13.3 11.2.8 0 1.5-.1 2.3-.2 7.3-1.1 12.3-8.1 11-15.4z\"><\/path><\/svg><\/span><span class=\"gb-headline-text\">Tel&eacute;fono<\/span><\/h6>\n\n\n\n<p class=\"has-text-color\" style=\"color:#dfdfdf;font-size:15px\">(+65) 6681 6768<\/p>\n\n<\/div><\/div><\/div>\n\n<div class=\"gb-grid-column gb-grid-column-f8afba30\"><div class=\"gb-container gb-container-f8afba30\"><div class=\"gb-inside-container\">\n\n<h6 class=\"gb-headline gb-headline-3c99af2d\"><span class=\"gb-icon\"><svg xmlns=\"http:\/\/www.w3.org\/2000\/svg\" aria-hidden=\"true\" role=\"img\" height=\"1em\" width=\"1em\" viewbox=\"0 0 512 512\"><path fill=\"currentColor\" d=\"M464 64H48C21.49 64 0 85.49 0 112v288c0 26.51 21.49 48 48 48h416c26.51 0 48-21.49 48-48V112c0-26.51-21.49-48-48-48zm0 48v40.805c-22.422 18.259-58.168 46.651-134.587 106.49-16.841 13.247-50.201 45.072-73.413 44.701-23.208.375-56.579-31.459-73.413-44.701C106.18 199.465 70.425 171.067 48 152.805V112h416zM48 400V214.398c22.914 18.251 55.409 43.862 104.938 82.646 21.857 17.205 60.134 55.186 103.062 54.955 42.717.231 80.509-37.199 103.053-54.947 49.528-38.783 82.032-64.401 104.947-82.653V400H48z\"><\/path><\/svg><\/span><span class=\"gb-headline-text\">Env&iacute;e un correo electr&oacute;nico a<\/span><\/h6>\n\n\n\n<p class=\"has-text-color\" style=\"color:#dfdfdf;font-size:15px\">informaci&oacute;n[@] dex.ag<\/p>\n\n<\/div><\/div><\/div>\n<\/div>\n\n\n<h2 class=\"gb-headline gb-headline-bf5bc3d3\"><span class=\"gb-icon\"><svg xmlns=\"http:\/\/www.w3.org\/2000\/svg\" data-name=\"subtract\" viewbox=\"0 0 80 42\"><path d=\"M0 20.06h80v1.87H0z\"><\/path><\/svg><\/span><span class=\"gb-headline-text\">Siga con nosotros<\/span><\/h2>\n\n\n<div class=\"gb-button-wrapper gb-button-wrapper-361fb3b6\">\n\n<a class=\"gb-button gb-button-b156e135\" href=\"#\"><span class=\"gb-icon\"><svg xmlns=\"http:\/\/www.w3.org\/2000\/svg\" aria-hidden=\"true\" role=\"img\" height=\"1em\" width=\"1em\" viewbox=\"0 0 320 512\"><path fill=\"currentColor\" d=\"M279.14 288l14.22-92.66h-88.91v-60.13c0-25.35 12.42-50.06 52.24-50.06h40.42V6.26S260.43 0 225.36 0c-73.22 0-121.08 44.38-121.08 124.72v70.62H22.89V288h81.39v224h100.17V288z\"><\/path><\/svg><\/span><\/a>\n\n\n\n<a class=\"gb-button gb-button-07c76fae\" href=\"https:\/\/twitter.com\/dexag_tokenwire\" target=\"_blank\" rel=\"nofollow noopener noreferrer\"><span class=\"gb-icon\"><svg xmlns=\"http:\/\/www.w3.org\/2000\/svg\" aria-hidden=\"true\" role=\"img\" height=\"1em\" width=\"1em\" viewbox=\"0 0 512 512\"><path fill=\"currentColor\" d=\"M459.37 151.716c.325 4.548.325 9.097.325 13.645 0 138.72-105.583 298.558-298.558 298.558-59.452 0-114.68-17.219-161.137-47.106 8.447.974 16.568 1.299 25.34 1.299 49.055 0 94.213-16.568 130.274-44.832-46.132-.975-84.792-31.188-98.112-72.772 6.498.974 12.995 1.624 19.818 1.624 9.421 0 18.843-1.3 27.614-3.573-48.081-9.747-84.143-51.98-84.143-102.985v-1.299c13.969 7.797 30.214 12.67 47.431 13.319-28.264-18.843-46.781-51.005-46.781-87.391 0-19.492 5.197-37.36 14.294-52.954 51.655 63.675 129.3 105.258 216.365 109.807-1.624-7.797-2.599-15.918-2.599-24.04 0-57.828 46.782-104.934 104.934-104.934 30.213 0 57.502 12.67 76.67 33.137 23.715-4.548 46.456-13.32 66.599-25.34-7.798 24.366-24.366 44.833-46.132 57.827 21.117-2.273 41.584-8.122 60.426-16.243-14.292 20.791-32.161 39.308-52.628 54.253z\"><\/path><\/svg><\/span><\/a>\n\n\n\n<a class=\"gb-button gb-button-d5707fe0\" href=\"#\"><span class=\"gb-icon\"><svg xmlns=\"http:\/\/www.w3.org\/2000\/svg\" aria-hidden=\"true\" role=\"img\" height=\"1em\" width=\"1em\" viewbox=\"0 0 576 512\"><path fill=\"currentColor\" d=\"M549.655 124.083c-6.281-23.65-24.787-42.276-48.284-48.597C458.781 64 288 64 288 64S117.22 64 74.629 75.486c-23.497 6.322-42.003 24.947-48.284 48.597-11.412 42.867-11.412 132.305-11.412 132.305s0 89.438 11.412 132.305c6.281 23.65 24.787 41.5 48.284 47.821C117.22 448 288 448 288 448s170.78 0 213.371-11.486c23.497-6.321 42.003-24.171 48.284-47.821 11.412-42.867 11.412-132.305 11.412-132.305s0-89.438-11.412-132.305zm-317.51 213.508V175.185l142.739 81.205-142.739 81.201z\"><\/path><\/svg><\/span><\/a>\n\n<\/div>\n<\/div><\/div><\/div>\n<\/div>\n<\/div><\/div>\n","protected":false},"excerpt":{"rendered":"","protected":false},"author":2,"featured_media":0,"parent":0,"menu_order":0,"comment_status":"closed","ping_status":"closed","template":"","meta":{"footnotes":""},"class_list":["post-9174","page","type-page","status-publish"],"_links":{"self":[{"href":"https:\/\/dex.ag\/es\/wp-json\/wp\/v2\/pages\/9174","targetHints":{"allow":["GET"]}}],"collection":[{"href":"https:\/\/dex.ag\/es\/wp-json\/wp\/v2\/pages"}],"about":[{"href":"https:\/\/dex.ag\/es\/wp-json\/wp\/v2\/types\/page"}],"author":[{"embeddable":true,"href":"https:\/\/dex.ag\/es\/wp-json\/wp\/v2\/users\/2"}],"replies":[{"embeddable":true,"href":"https:\/\/dex.ag\/es\/wp-json\/wp\/v2\/comments?post=9174"}],"version-history":[{"count":0,"href":"https:\/\/dex.ag\/es\/wp-json\/wp\/v2\/pages\/9174\/revisions"}],"wp:attachment":[{"href":"https:\/\/dex.ag\/es\/wp-json\/wp\/v2\/media?parent=9174"}],"curies":[{"name":"wp","href":"https:\/\/api.w.org\/{rel}","templated":true}]}}