{"id":25563,"date":"2023-10-30T16:04:56","date_gmt":"2023-10-30T16:04:56","guid":{"rendered":"https:\/\/dex.ag\/proc-nam-duverovat\/"},"modified":"2023-10-30T16:13:45","modified_gmt":"2023-10-30T16:13:45","slug":"proc-nam-duverovat","status":"publish","type":"page","link":"https:\/\/dex.ag\/cs\/proc-nam-duverovat\/","title":{"rendered":"Pro\u010d n\u00e1m d\u016fv\u011b\u0159ovat"},"content":{"rendered":"<?xml encoding=\"UTF-8\"><div class=\"gb-container gb-container-ff5a9dc1\">\n<div class=\"gb-container gb-container-0afcd6e9\">\n\n<p>V&iacute;tejte v Dexu, kde na&scaron;e odhodl&aacute;n&iacute; spo&#269;&iacute;v&aacute; v z&iacute;sk&aacute;n&iacute; va&scaron;&iacute; d&#367;v&#283;ry.<\/p>\n\n\n\n<p>Skl&aacute;d&aacute;me se z r&#367;znorod&eacute;ho t&yacute;mu v&iacute;ce ne&#382; 40 autor&#367; po cel&eacute;m sv&#283;t&#283; a specializujeme se na poskytov&aacute;n&iacute; spolehliv&yacute;ch a p&#345;esn&yacute;ch informac&iacute; t&yacute;kaj&iacute;c&iacute;ch se investic a dynamick&eacute;ho kryptopr&#367;myslu.<\/p>\n\n\n\n<p>Transparentnost tvo&#345;&iacute; j&aacute;dro na&scaron;ich redak&#269;n&iacute;ch pokyn&#367;, kter&eacute; zaru&#269;uj&iacute; objektivitu a pe&#269;livou kontrolu fakt&#367; v na&scaron;em obsahu.<\/p>\n\n\n\n<p>Vyu&#382;it&iacute;m na&scaron;ich zku&scaron;enost&iacute; z prvn&iacute; ruky a uzn&aacute;n&iacute; v renomovan&yacute;ch m&eacute;di&iacute;ch se sna&#382;&iacute;me vybavit v&aacute;s znalostmi nezbytn&yacute;mi pro p&#345;ij&iacute;m&aacute;n&iacute; dob&#345;e informovan&yacute;ch rozhodnut&iacute;.<\/p>\n\n\n\n<p>Spolehn&#283;te se na to, &#382;e v&aacute;m poskytneme nestrann&yacute; obsah a neoceniteln&eacute; poznatky, kter&yacute;m m&#367;&#382;ete d&#367;v&#283;&#345;ovat.<\/p>\n\n\n\n<h2 class=\"wp-block-heading\">Zku&scaron;en&yacute; a specializovan&yacute; t&yacute;m spisovatel&#367;<\/h2>\n\n\n\n<p>N&aacute;&scaron; t&yacute;m ve spole&#269;nosti Dex tvo&#345;&iacute; zku&scaron;en&iacute; a specializovan&iacute; auto&#345;i, kte&#345;&iacute; se v&#283;nuj&iacute; udr&#382;ov&aacute;n&iacute; &scaron;pi&#269;kov&eacute; kvality obsahu. Tito auto&#345;i maj&iacute; hlubok&eacute; znalosti o investi&#269;n&iacute;ch a kryptom&#283;nov&yacute;ch sf&eacute;r&aacute;ch, podpo&#345;en&eacute; rozs&aacute;hl&yacute;mi odborn&yacute;mi znalostmi a pr&#367;myslov&yacute;mi znalostmi.<\/p>\n\n\n\n<p>Na&scaron;i auto&#345;i, kte&#345;&iacute; dr&#382;&iacute; krok s nejnov&#283;j&scaron;&iacute;mi trendy, p&#345;edpisy a pr&#367;myslov&yacute;m v&yacute;vojem, neust&aacute;le poskytuj&iacute; p&#345;esn&eacute; a srozumiteln&eacute; informace na&scaron;emu publiku. Mnoz&iacute; v na&scaron;em t&yacute;mu se mohou pochlubit p&#345;&iacute;m&yacute;m zapojen&iacute;m do investov&aacute;n&iacute; a kryptosf&eacute;ry, co&#382; jim poskytuje jedine&#269;n&yacute; pohled na v&yacute;zvy a p&#345;&iacute;le&#382;itosti, se kter&yacute;mi se investo&#345;i setk&aacute;vaj&iacute;.<\/p>\n\n\n\n<p>Tyto bohat&eacute; zku&scaron;enosti jim umo&#382;&#328;uj&iacute; poskytovat relevantn&iacute;, informativn&iacute; a hodnotn&yacute; obsah na&scaron;im &#269;ten&aacute;&#345;&#367;m. Jsme nesm&iacute;rn&#283; hrd&iacute; na odbornost a pr&#367;myslovou proz&iacute;ravost na&scaron;ich autor&#367;, proto&#382;e v&yacute;znamn&#283; p&#345;isp&iacute;vaj&iacute; k udr&#382;en&iacute; proslul&eacute;ho standardu excelence spole&#269;nosti Dex.<\/p>\n\n\n\n<h2 class=\"wp-block-heading\">Jasn&eacute; a otev&#345;en&eacute; redak&#269;n&iacute; standardy<\/h2>\n\n\n\n<p>V na&scaron;em j&aacute;dru transparentn&iacute; redak&#269;n&iacute; standardy podtrhuj&iacute; n&aacute;&scaron; z&aacute;vazek k d&#367;v&#283;ryhodnosti a spolehlivosti. Uzn&aacute;v&aacute;me kl&iacute;&#269;ovou roli transparentnosti v &#382;urnalistice, up&#345;ednost&#328;ujeme redak&#269;n&iacute; integritu a vyh&yacute;b&aacute;n&iacute; se st&#345;et&#367;m z&aacute;jm&#367;.<\/p>\n\n\n\n<p>Na&scaron;e pokyny kladou velk&yacute; d&#367;raz na komplexn&iacute; ov&#283;&#345;ov&aacute;n&iacute; fakt&#367; a ov&#283;&#345;ov&aacute;n&iacute; informac&iacute; p&#345;ed zve&#345;ejn&#283;n&iacute;m. Jsme odhodl&aacute;ni p&#345;edkl&aacute;dat na&scaron;im &#269;ten&aacute;&#345;&#367;m p&#345;esn&yacute; a nestrann&yacute; obsah, bez vn&#283;j&scaron;&iacute;ch vliv&#367;. Dodr&#382;ov&aacute;n&iacute; t&#283;chto sm&#283;rnic je kl&iacute;&#269;ov&yacute;m o&#269;ek&aacute;v&aacute;n&iacute;m na&scaron;ich autor&#367;, kte&#345;&iacute; zaji&scaron;&#357;uj&iacute; nejvy&scaron;&scaron;&iacute; standardy novin&aacute;&#345;sk&eacute; etiky.<\/p>\n\n\n\n<p>Sna&#382;&iacute;me se zachovat transparentnost v r&aacute;mci na&scaron;ich proces&#367;, od v&yacute;b&#283;ru specializovan&yacute;ch autor&#367; a&#382; po pe&#269;liv&eacute; korektury a &uacute;pravy. Dodr&#382;ov&aacute;n&iacute;m t&#283;chto standard&#367; je na&scaron;&iacute;m c&iacute;lem pos&iacute;lit d&#367;v&#283;ru u na&scaron;ich &#269;ten&aacute;&#345;&#367; a trvale poskytovat spolehliv&eacute; a d&#367;v&#283;ryhodn&eacute; informace.<\/p>\n\n\n\n<h2 class=\"wp-block-heading\">Kontinu&aacute;ln&iacute; a p&#345;&iacute;stupn&yacute; styl<\/h2>\n\n\n\n<p>Konzistentnost a dostupnost definuj&iacute; n&aacute;&scaron; p&#345;&iacute;stup, p&#345;i&#269;em&#382; ve v&scaron;ech na&scaron;ich &#269;l&aacute;nc&iacute;ch pou&#382;&iacute;v&aacute;me jasn&yacute; a stru&#269;n&yacute; jazyk. T&iacute;m je zaji&scaron;t&#283;no, &#382;e n&aacute;&scaron; obsah z&#367;stane snadno srozumiteln&yacute; a d&aacute; se s n&iacute;m spojit, i kdy&#382; se pono&#345;&iacute;te do slo&#382;it&yacute;ch t&eacute;mat. Konzistentn&iacute; t&oacute;n rozv&iacute;j&iacute; d&#367;v&#283;ru mezi na&scaron;imi &#269;ten&aacute;&#345;i a zaji&scaron;&#357;uje bezprobl&eacute;mov&yacute; z&aacute;&#382;itek ze &#269;ten&iacute;.<\/p>\n\n\n\n<p>Pro zjednodu&scaron;en&iacute; slo&#382;it&yacute;ch p&#345;edm&#283;t&#367; vyu&#382;&iacute;v&aacute;me r&#367;zn&eacute; strategie. Slo&#382;it&eacute; koncepty dekonstruujeme do l&eacute;pe straviteln&yacute;ch term&iacute;n&#367;, za&#269;le&#328;ujeme p&#345;&iacute;klady a analogie pro lep&scaron;&iacute; porozum&#283;n&iacute; a pou&#382;&iacute;v&aacute;me vizu&aacute;ln&iacute; prvky, je-li to vhodn&eacute;. Krom&#283; toho se vyh&yacute;b&aacute;me &#382;argonu a technick&eacute;mu jazyku, kter&yacute; by mohl na&scaron;e &#269;ten&aacute;&#345;e zm&aacute;st.<\/p>\n\n\n\n<h2 class=\"wp-block-heading\">Komplexn&iacute; postup kontroly a &uacute;prav<\/h2>\n\n\n\n<p>V na&scaron;em z&aacute;vazku k jasn&eacute;mu a srozumiteln&eacute;mu obsahu dodr&#382;ujeme pe&#269;liv&yacute; proces kontroly a &uacute;prav ka&#382;d&eacute;ho &#269;l&aacute;nku, abychom zajistili p&#345;esnost a profesionalitu. N&aacute;&scaron; zku&scaron;en&yacute; t&yacute;m korektor&#367; pe&#269;liv&#283; zkoum&aacute; ka&#382;d&yacute; kus obsahu, identifikuje a opravuje jak&eacute;koli chyby nebo nesrovnalosti. Tento proces zahrnuje d&#367;kladn&eacute; posouzen&iacute; gramatiky, pravopisu, interpunkce a faktick&eacute; p&#345;esnosti.<\/p>\n\n\n\n<p>Krom&#283; toho jsme zavedli protokoly hl&aacute;&scaron;en&iacute; chyb, kter&eacute; umo&#382;&#328;uj&iacute; &#269;ten&aacute;&#345;&#367;m informovat n&aacute;s o v&scaron;ech zji&scaron;t&#283;n&yacute;ch chyb&aacute;ch. Velmi si cen&iacute;me transparentnosti a seri&oacute;zn&#283; &#345;e&scaron;&iacute;me a opravujeme nahl&aacute;&scaron;en&eacute; chyby okam&#382;it&#283;.<\/p>\n\n\n\n<p>Na&scaron;&iacute;m prim&aacute;rn&iacute;m c&iacute;lem je poskytnout na&scaron;im &#269;ten&aacute;&#345;&#367;m spolehliv&eacute; a d&#367;v&#283;ryhodn&eacute; informace a n&aacute;&scaron; p&#345;&iacute;sn&yacute; proces kontroly je kl&iacute;&#269;ov&yacute;m krokem k dosa&#382;en&iacute; tohoto c&iacute;le.<\/p>\n\n\n\n<h2 class=\"wp-block-heading\">Podpora redak&#269;n&iacute; nez&aacute;vislosti a zdr&#382;en&iacute; se plateb t&#345;et&iacute;ch stran<\/h2>\n\n\n\n<p>Abychom zajistili na&scaron;i redak&#269;n&iacute; nez&aacute;vislost a zm&iacute;rnili potenci&aacute;ln&iacute; st&#345;ety z&aacute;jm&#367;, p&#345;&iacute;sn&#283; dodr&#382;ujeme politiku odm&iacute;t&aacute;n&iacute; jak&yacute;chkoli plateb t&#345;et&iacute;ch stran za konkr&eacute;tn&iacute; t&eacute;mata. Tato neochv&#283;jn&aacute; oddanost etick&yacute;m novin&aacute;&#345;sk&yacute;m standard&#367;m je z&aacute;sadn&iacute; pro zachov&aacute;n&iacute; na&scaron;&iacute; redak&#269;n&iacute; integrity.<\/p>\n\n\n\n<p>Pevn&#283; &#8203;&#8203;v&#283;&#345;&iacute;me, &#382;e nezaujat&eacute; zpravodajstv&iacute; je z&aacute;kladem pro poskytov&aacute;n&iacute; p&#345;esn&yacute;ch a d&#367;v&#283;ryhodn&yacute;ch informac&iacute; na&scaron;im &#269;ten&aacute;&#345;&#367;m. Odm&iacute;t&aacute;n&iacute;m plateb t&#345;et&iacute;ch stran up&#345;ednost&#328;ujeme z&aacute;jmy na&scaron;ich &#269;ten&aacute;&#345;&#367; p&#345;ed vn&#283;j&scaron;&iacute;mi vlivy. Tato politika zaji&scaron;&#357;uje na&scaron;i objektivitu a zachov&aacute;v&aacute; integritu na&scaron;eho obsahu bez nepat&#345;i&#269;n&eacute;ho vlivu.<\/p>\n\n\n\n<p>N&aacute;&scaron; neochv&#283;jn&yacute; z&aacute;vazek k transparentn&iacute;mu a komplexn&iacute;mu zpravodajstv&iacute; je podpo&#345;en na&scaron;&iacute; oddanost&iacute; redak&#269;n&iacute; nez&aacute;vislosti, kter&aacute; je z&aacute;kladn&iacute;m kamenem na&scaron;ich novin&aacute;&#345;sk&yacute;ch z&aacute;sad.<\/p>\n\n\n\n<h2 class=\"wp-block-heading\">Spolehliv&aacute; integrace dat v re&aacute;ln&eacute;m &#269;ase<\/h2>\n\n\n\n<p>Zaji&scaron;t&#283;n&iacute; spolehlivosti informac&iacute; v re&aacute;ln&eacute;m &#269;ase je z&aacute;kladn&iacute;m kamenem na&scaron;eho z&aacute;vazku. Pe&#269;liv&#283; vyb&iacute;r&aacute;me a integrujeme API jako CoinAPI a CoinMarketCap API, abychom zaru&#269;ili rychl&eacute; a p&#345;esn&eacute; &uacute;daje. Tato API jsou vybr&aacute;na pro svou zavedenou spolehlivost a osv&#283;d&#269;en&eacute; v&yacute;sledky.<\/p>\n\n\n\n<p>Ned&iacute;lnou sou&#269;&aacute;st&iacute; na&scaron;eho procesu je tak&eacute; p&#345;&iacute;sn&eacute; testov&aacute;n&iacute; platforem a aplikac&iacute;, kter&eacute; zaji&scaron;&#357;uje p&#345;esnost a spolehlivost. Na&scaron;i auto&#345;i se pono&#345;&iacute; do platforem, kter&eacute; pokr&yacute;vaj&iacute;, posuzuj&iacute; registraci, postupy vklad&#367;, obchodn&iacute; rozhran&iacute;, poplatky, bezpe&#269;nost a podporu. K ov&#283;&#345;en&iacute; p&#345;esnosti a d&#367;v&#283;ryhodnosti poskytovan&yacute;ch informac&iacute; se pou&#382;&iacute;vaj&iacute; d&#367;kladn&eacute; testovac&iacute; metody.<\/p>\n\n\n\n<h2 class=\"wp-block-heading\">Zaveden&aacute; integrace API pro spolehlivost<\/h2>\n\n\n\n<p>Spol&eacute;h&aacute;me na zaveden&aacute; rozhran&iacute; API, jako je CoinAPI a CoinMarketCap API, abychom pos&iacute;lili spolehlivost na&scaron;ich informac&iacute;. Tyto integrace n&aacute;m umo&#382;&#328;uj&iacute; nab&iacute;zet &#269;ten&aacute;&#345;&#367;m rychl&aacute; a p&#345;esn&aacute; data, co&#382; zvy&scaron;uje na&scaron;i d&#367;v&#283;ryhodnost.<\/p>\n\n\n\n<p>Pou&#382;it&iacute; zaveden&yacute;ch rozhran&iacute; API zaji&scaron;&#357;uje spolehlivost na&scaron;ich zdroj&#367; dat, kter&eacute; jsou zn&aacute;m&eacute; svou p&#345;esnost&iacute; a d&#367;v&#283;ryhodnost&iacute;.<\/p>\n\n\n\n<p>Krom&#283; toho n&aacute;m tyto integrace poskytuj&iacute; p&#345;&iacute;stup k &scaron;irok&eacute;mu spektru datov&yacute;ch bod&#367;, co&#382; usnad&#328;uje komplexn&iacute; p&#345;ehled o trhu. To n&aacute;m umo&#382;&#328;uje poskytovat na&scaron;im &#269;ten&aacute;&#345;&#367;m aktu&aacute;ln&iacute; a cenn&eacute; poznatky.<\/p>\n\n\n\n<h2 class=\"wp-block-heading\">Zaji&scaron;t&#283;n&iacute; p&#345;esnosti a spolehlivosti informac&iacute;<\/h2>\n\n\n\n<p>Ve spole&#269;nosti Dex n&aacute;&scaron; z&aacute;vazek k p&#345;esnosti a spolehlivosti zahrnuje p&#345;&iacute;sn&yacute; testovac&iacute; p&#345;&iacute;stup k ov&#283;&#345;en&iacute; platforem a aplikac&iacute;, kter&eacute; pokr&yacute;v&aacute;me. Na&scaron;i auto&#345;i se pono&#345;&iacute; do t&#283;chto platforem a z prvn&iacute; ruky posuzuj&iacute; r&#367;zn&eacute; prvky, jako je registrace, vklady, obchodn&iacute; rozhran&iacute;, poplatky, bezpe&#269;nost a podpora.<\/p>\n\n\n\n<p>Nav&iacute;c se spol&eacute;h&aacute;me na renomovan&aacute; rozhran&iacute; API, jako je CoinAPI a CoinMarketCap API, abychom z&iacute;skali spolehliv&aacute; data v re&aacute;ln&eacute;m &#269;ase.<\/p>\n\n\n\n<p>N&aacute;&scaron; obchodn&iacute; model je vytvo&#345;en tak, aby zachoval redak&#269;n&iacute; nez&aacute;vislost a zajistil nezaujat&yacute; obsah. P&#345;&iacute;jmy z&iacute;sk&aacute;v&aacute;me prost&#345;ednictv&iacute;m affiliate marketingu, vyb&iacute;r&aacute;me pobo&#269;ky na z&aacute;klad&#283; produkt&#367; a slu&#382;eb v souladu s preferencemi na&scaron;eho t&yacute;mu.<\/p>\n\n\n\n<p>Bu&#271;te si jisti, &#382;e na&scaron;&iacute;m hlavn&iacute;m c&iacute;lem je poskytovat d&#367;v&#283;ryhodn&eacute; a spolehliv&eacute; informace, na kter&eacute; se m&#367;&#382;ete spolehnout.<\/p>\n\n\n\n<h2 class=\"wp-block-heading\">Praktick&yacute; pr&#367;zkum kryt&yacute;ch platforem<\/h2>\n\n\n\n<p>P&#345;&iacute;m&aacute; interakce s platformami, kter&eacute; pokr&yacute;v&aacute;me, je prvo&#345;ad&aacute; pro poskytov&aacute;n&iacute; p&#345;esn&yacute;ch a cenn&yacute;ch informac&iacute; na&scaron;im &#269;ten&aacute;&#345;&#367;m. N&aacute;&scaron; t&yacute;m pevn&#283; v&#283;&#345;&iacute; v nezbytnost p&#345;&iacute;m&eacute; zku&scaron;enosti pro komplexn&iacute; vyhodnocen&iacute; funkc&iacute;, funk&#269;nosti a celkov&eacute; u&#382;ivatelsk&eacute; zku&scaron;enosti.<\/p>\n\n\n\n<p>Na&scaron;e podrobn&eacute; recenze platforem zahrnuj&iacute; d&#367;kladn&eacute; posouzen&iacute; registrace, proces&#367; vklad&#367;, obchodn&iacute;ch rozhran&iacute;, poplatk&#367;, zabezpe&#269;en&iacute; a podpory. Krom&#283; toho aktivn&#283; vyhled&aacute;v&aacute;me a za&#269;le&#328;ujeme zp&#283;tnou vazbu od u&#382;ivatel&#367;, abychom vytvo&#345;ili komplexn&iacute; pochopen&iacute; siln&yacute;ch a slab&yacute;ch str&aacute;nek t&#283;chto platforem.<\/p>\n\n\n\n<h2 class=\"wp-block-heading\">P&#345;ehled obchodn&iacute;ho modelu<\/h2>\n\n\n\n<p>Jako ziskov&yacute; podnik je na&scaron;&iacute;m posl&aacute;n&iacute;m vyv&aacute;&#382;it ziskovost a novin&aacute;&#345;skou integritu. Pracujeme s p&#345;&iacute;jmy generovan&yacute;mi prost&#345;ednictv&iacute;m affiliate marketingu. Chceme v&scaron;ak na&scaron;e &#269;ten&aacute;&#345;e ujistit, &#382;e na&scaron;e z&aacute;sady z&#367;st&aacute;vaj&iacute; neovlivn&#283;n&eacute; p&#345;idru&#382;en&yacute;mi spole&#269;nostmi. Na&scaron;e volby p&#345;idru&#382;en&yacute;ch spole&#269;nost&iacute; jsou v souladu s produkty a slu&#382;bami, kter&eacute; by n&aacute;&scaron; t&yacute;m osobn&#283; pou&#382;&iacute;val, co&#382; zaji&scaron;&#357;uje n&aacute;&scaron; z&aacute;vazek k objektivn&iacute;m informac&iacute;m.<\/p>\n\n\n\n<p>Udr&#382;en&iacute; ziskovosti p&#345;i zachov&aacute;n&iacute; novin&aacute;&#345;sk&eacute; integrity je dosa&#382;iteln&eacute;. Na&scaron;e oddanost transparentnosti a poskytov&aacute;n&iacute; hodnotn&eacute;ho a nezaujat&eacute;ho obsahu z&#367;st&aacute;v&aacute; neochv&#283;jn&aacute;. Zav&aacute;zali jsme se poskytovat informace, ani&#382; bychom slevili z na&scaron;&iacute; oddanosti nezaujat&eacute;mu pod&aacute;v&aacute;n&iacute; zpr&aacute;v.<\/p>\n\n\n\n<h2 class=\"wp-block-heading\">Nezaujat&aacute; integrita obsahu uprost&#345;ed affiliate marketingu<\/h2>\n\n\n\n<p>Navzdory tomu, &#382;e fungujeme na ziskov&eacute;m modelu s affiliate marketingem, z&#367;st&aacute;v&aacute; na&scaron;&iacute; neochv&#283;jnou prioritou udr&#382;ov&aacute;n&iacute; nezaujat&eacute;ho obsahu. Rovnov&aacute;ha mezi affiliate partnerstv&iacute;mi a objektivn&iacute;mi doporu&#269;en&iacute;mi produkt&#367; je pe&#269;liv&#283; udr&#382;ov&aacute;na.<\/p>\n\n\n\n<p>N&aacute;&scaron; proces v&yacute;b&#283;ru affiliate partner&#367; se soust&#345;ed&iacute; na slad&#283;n&iacute; s produkty a slu&#382;bami preferovan&yacute;mi na&scaron;&iacute;m t&yacute;mem. Na&scaron;e z&aacute;sady z&#367;st&aacute;vaj&iacute; pevn&eacute; a na&scaron;i auto&#345;i a redakto&#345;i dodr&#382;uj&iacute; p&#345;&iacute;sn&aacute; redak&#269;n&iacute; pravidla zd&#367;raz&#328;uj&iacute;c&iacute; transparentnost, ov&#283;&#345;ov&aacute;n&iacute; fakt&#367; a zamezen&iacute; st&#345;etu z&aacute;jm&#367;.<\/p>\n\n\n\n<p>Jsou zavedena p&#345;&iacute;sn&aacute; opat&#345;en&iacute; kontroly kvality, aby byla zaji&scaron;t&#283;na integrita na&scaron;eho obsahu. Krom&#283; toho aktivn&#283; podporujeme zp&#283;tnou vazbu od &#269;ten&aacute;&#345;&#367; a hl&aacute;&scaron;en&iacute; chyb a okam&#382;it&#283; opravujeme v&scaron;echny zji&scaron;t&#283;n&eacute; chyby.<\/p>\n\n\n\n<p>Na&scaron;&iacute;m kone&#269;n&yacute;m c&iacute;lem je poskytovat na&scaron;im &#269;ten&aacute;&#345;&#367;m nestrann&eacute;, komplexn&iacute; a transparentn&iacute; informace bez ohledu na na&scaron;e p&#345;idru&#382;en&aacute; partnerstv&iacute;.<\/p>\n\n\n\n<h2 class=\"wp-block-heading\">V&aacute;&#382;en&eacute; funkce m&eacute;di&iacute; a p&#345;&iacute;tomnost na soci&aacute;ln&iacute;ch s&iacute;t&iacute;ch<\/h2>\n\n\n\n<p>Spole&#269;nost Dex si vybudovala d&#367;v&#283;ryhodnost a d&#367;v&#283;ru d&iacute;ky funkc&iacute;m v p&#345;edn&iacute;ch m&eacute;di&iacute;ch a siln&eacute; p&#345;&iacute;tomnosti na soci&aacute;ln&iacute;ch s&iacute;t&iacute;ch.<\/p>\n\n\n\n<p>Webov&aacute; str&aacute;nka z&iacute;skala uzn&aacute;n&iacute; v renomovan&yacute;ch medi&aacute;ln&iacute;ch zdroj&iacute;ch, jako jsou New York Times, The Guardian, Business Insider, Bloomberg a Huffington Post, a obdr&#382;ela zm&iacute;nky od IBM, TechCrunch, Yahoo Finance, Associated Press, Coindesk, International Business Times, The Observer, a Engadget.<\/p>\n\n\n\n<p>Tato medi&aacute;ln&iacute; uzn&aacute;n&iacute; potvrzuj&iacute; d&#367;v&#283;ryhodnost a postaven&iacute; spole&#269;nosti Dex v tomto odv&#283;tv&iacute;.<\/p>\n\n\n\n<p>Ve spojen&iacute; s rozpozn&aacute;v&aacute;n&iacute;m m&eacute;di&iacute; se Dex m&#367;&#382;e pochlubit robustn&iacute; p&#345;&iacute;tomnost&iacute; na soci&aacute;ln&iacute;ch s&iacute;t&iacute;ch, se str&aacute;nkou na Facebooku, kter&aacute; m&aacute; 13 tis&iacute;c sleduj&iacute;c&iacute;ch a zdroj na Twitteru s 13,3 tis&iacute;ci sleduj&iacute;c&iacute;mi.<\/p>\n\n\n\n<p>Toto aktivn&iacute; zapojen&iacute; na soci&aacute;ln&iacute;ch platform&aacute;ch usnad&#328;uje p&#345;&iacute;mou interakci s publikem a d&aacute;le posiluje d&#367;v&#283;ru a d&#367;v&#283;ryhodnost, kterou si Dex vyp&#283;stoval.<\/p>\n\n<\/div>\n<\/div>\n","protected":false},"excerpt":{"rendered":"<p>V&iacute;tejte v Dexu, kde na&scaron;e odhodl&aacute;n&iacute; spo&#269;&iacute;v&aacute; v z&iacute;sk&aacute;n&iacute; va&scaron;&iacute; d&#367;v&#283;ry. Skl&aacute;d&aacute;me se z r&#367;znorod&eacute;ho t&yacute;mu v&iacute;ce ne&#382; 40 autor&#367; po cel&eacute;m sv&#283;t&#283; a specializujeme se na poskytov&aacute;n&iacute; spolehliv&yacute;ch a p&#345;esn&yacute;ch informac&iacute; t&yacute;kaj&iacute;c&iacute;ch se investic a dynamick&eacute;ho kryptopr&#367;myslu. Transparentnost tvo&#345;&iacute; j&aacute;dro na&scaron;ich redak&#269;n&iacute;ch pokyn&#367;, kter&eacute; zaru&#269;uj&iacute; objektivitu a pe&#269;livou kontrolu fakt&#367; v na&scaron;em obsahu. Vyu&#382;it&iacute;m &#8230; <\/p>\n<p class=\"read-more-container\"><a title=\"Pro\u010d n\u00e1m d\u016fv\u011b\u0159ovat\" class=\"read-more button\" href=\"https:\/\/dex.ag\/cs\/proc-nam-duverovat\/#more-25563\" aria-label=\"\u010c\u00edst v\u00edce o Pro\u010d n\u00e1m d\u016fv\u011b\u0159ovat\">Read more<\/a><\/p>\n","protected":false},"author":2,"featured_media":0,"parent":0,"menu_order":0,"comment_status":"closed","ping_status":"closed","template":"","meta":{"footnotes":""},"class_list":["post-25563","page","type-page","status-publish"],"_links":{"self":[{"href":"https:\/\/dex.ag\/cs\/wp-json\/wp\/v2\/pages\/25563","targetHints":{"allow":["GET"]}}],"collection":[{"href":"https:\/\/dex.ag\/cs\/wp-json\/wp\/v2\/pages"}],"about":[{"href":"https:\/\/dex.ag\/cs\/wp-json\/wp\/v2\/types\/page"}],"author":[{"embeddable":true,"href":"https:\/\/dex.ag\/cs\/wp-json\/wp\/v2\/users\/2"}],"replies":[{"embeddable":true,"href":"https:\/\/dex.ag\/cs\/wp-json\/wp\/v2\/comments?post=25563"}],"version-history":[{"count":0,"href":"https:\/\/dex.ag\/cs\/wp-json\/wp\/v2\/pages\/25563\/revisions"}],"wp:attachment":[{"href":"https:\/\/dex.ag\/cs\/wp-json\/wp\/v2\/media?parent=25563"}],"curies":[{"name":"wp","href":"https:\/\/api.w.org\/{rel}","templated":true}]}}