{"id":12214,"date":"2023-05-04T18:20:33","date_gmt":"2023-05-04T18:20:33","guid":{"rendered":"https:\/\/dex.ag\/kariera\/"},"modified":"2023-09-20T04:52:39","modified_gmt":"2023-09-20T04:52:39","slug":"kariera","status":"publish","type":"page","link":"https:\/\/dex.ag\/cs\/kariera\/","title":{"rendered":"Kari\u00e9ra"},"content":{"rendered":"<?xml encoding=\"UTF-8\"><section class=\"gb-container gb-container-fdbd6300\">\n<div class=\"gb-container gb-container-4795fbce\">\n<div class=\"gb-container gb-container-c1544595\">\n\n<h2 class=\"gb-headline gb-headline-b526b385\"><span class=\"gb-icon\"><svg xmlns=\"http:\/\/www.w3.org\/2000\/svg\" viewbox=\"0 0 80 42\" data-name=\"subtract\"><path d=\"M0 20.06h80v1.87H0z\"><\/path><\/svg><\/span><span class=\"gb-headline-text\">Kari&eacute;ra<\/span><\/h2>\n\n\n\n<h2 class=\"gb-headline gb-headline-a14ed650 gb-headline-text\">Pot&#345;ebujeme v&aacute;s<\/h2>\n\n\n\n<p class=\"has-white-color has-text-color\">St&aacute;le hled&aacute;me talentovan&eacute; a nad&scaron;en&eacute; lidi do na&scaron;eho rostouc&iacute;ho t&yacute;mu. Pokud v&aacute;s zaj&iacute;m&aacute; algoritmick&eacute; obchodov&aacute;n&iacute;, technologie prov&aacute;d&#283;n&iacute; obchod&#367; a pomoc obchodn&iacute;k&#367;m p&#345;i dosahov&aacute;n&iacute; jejich c&iacute;l&#367;, r&aacute;di v&aacute;s usly&scaron;&iacute;me! N&iacute;&#382;e si prohl&eacute;dn&#283;te na&scaron;e aktu&aacute;ln&iacute; voln&aacute; pracovn&iacute; m&iacute;sta.<\/p>\n\n<\/div>\n\n<div class=\"gb-container gb-container-ccb9eec2\">\n\n<figure class=\"wp-block-image size-large is-resized\"><img loading=\"lazy\" decoding=\"async\" src=\"https:\/\/denover.com\/dexag\/wp-content\/uploads\/sites\/13\/2021\/06\/team_image.svg\" alt=\"Obr&aacute;zek t&yacute;mu\" class=\"wp-image-597\" width=\"420\" height=\"357\" title=\"\"><\/figure>\n\n<\/div>\n<\/div>\n<div class=\"gb-shapes\"><div class=\"gb-shape gb-shape-1\"><svg xmlns=\"http:\/\/www.w3.org\/2000\/svg\" viewbox=\"0 0 1200 230.8\" preserveaspectratio=\"none\"><path d=\"M1200 179.5l-22.2-26.7c-22.2-26.7-66.9-80-111.1-75.6-44.4 4.8-89.2 66.4-133.3 102.2-44.4 35.8-89.2 44.2-133.3 8.9-44.4-35.6-89.2-115.6-133.3-155.6-44.4-40-89.2-40-133.3-17.8C488.9 37 444.2 82 400 81.7c-44.4.2-89.2-44.8-133.3-57.8-44.4-13.6-89.2 4.8-133.3 26.7-44.5 22.2-89.2 48.9-110.9 62.2L0 126.1v104.7H1199.7l.3-51.3z\"><\/path><\/svg><\/div><\/div><\/section><div class=\"gb-container gb-container-ef0aca51\"><div class=\"gb-inside-container\">\n\n<h2 class=\"gb-headline gb-headline-817ae7a6 gb-headline-text\">Voln&aacute; m&iacute;sta v oblasti v&yacute;voje<\/h2>\n\n\n\n<h2 class=\"gb-headline gb-headline-d1ea481d gb-headline-text\"><strong>V&yacute;voj&aacute;&#345; algoritmick&eacute;ho obchodov&aacute;n&iacute;<\/strong><\/h2>\n\n\n\n<p class=\"gb-headline gb-headline-a28c9a7e gb-headline-text\">Hled&aacute;me zku&scaron;en&eacute;ho v&yacute;voj&aacute;&#345;e se siln&yacute;m z&aacute;zem&iacute;m v oblasti finan&#269;n&iacute;ch trh&#367; a algoritmick&eacute;ho obchodov&aacute;n&iacute;. Budete zodpov&#283;dn&iacute; za vytv&aacute;&#345;en&iacute; vlastn&iacute;ch obchodn&iacute;ch algoritm&#367;, optimalizaci st&aacute;vaj&iacute;c&iacute;ch strategi&iacute; a sledov&aacute;n&iacute; nejnov&#283;j&scaron;&iacute;ch trend&#367; v oboru.<\/p>\n\n\n\n<h2 class=\"gb-headline gb-headline-37c96206 gb-headline-text\">Kvantitativn&iacute; analytik<\/h2>\n\n\n\n<p class=\"gb-headline gb-headline-f2227a42 gb-headline-text\">Pokud m&aacute;te zku&scaron;enosti s anal&yacute;zou dat a matematick&yacute;m modelov&aacute;n&iacute;m, hled&aacute;me do na&scaron;eho t&yacute;mu kvantitativn&iacute;ho analytika. Budete zodpov&#283;dn&iacute; za v&yacute;voj a testov&aacute;n&iacute; kvantitativn&iacute;ch obchodn&iacute;ch strategi&iacute; a &uacute;zce spolupracovat s na&scaron;imi v&yacute;voj&aacute;&#345;i na jejich &uacute;sp&#283;&scaron;n&eacute; implementaci.<\/p>\n\n\n\n<h2 class=\"gb-headline gb-headline-0b1be26e gb-headline-text\">In&#382;en&yacute;r pro realizaci obchod&#367;<\/h2>\n\n\n\n<p class=\"gb-headline gb-headline-7bbce993 gb-headline-text\">Hled&aacute;me talentovan&eacute;ho in&#382;en&yacute;ra se zku&scaron;enostmi s technologiemi vysokorychlostn&iacute;ho prov&aacute;d&#283;n&iacute; obchod&#367;. Budete zodpov&#283;dn&iacute; za n&aacute;vrh, implementaci a &uacute;dr&#382;bu na&scaron;&iacute; obchodn&iacute; infrastruktury a zaji&scaron;&#357;ovat jej&iacute; spolehlivost a v&yacute;konnost.<\/p>\n\n\n\n<h2 class=\"gb-headline gb-headline-f449d3ef gb-headline-text\">Softwarov&yacute; in&#382;en&yacute;r<\/h2>\n\n\n\n<p class=\"gb-headline gb-headline-326a4a75 gb-headline-text\">Jako softwarov&yacute; in&#382;en&yacute;r v na&scaron;em t&yacute;mu budete zodpov&#283;dn&iacute; za v&yacute;voj a &uacute;dr&#382;bu na&scaron;ich obchodn&iacute;ch n&aacute;stroj&#367;, platforem a aplikac&iacute;. Pro tuto pozici jsou nezbytn&eacute; dobr&eacute; program&aacute;torsk&eacute; dovednosti a v&aacute;&scaron;e&#328; pro finan&#269;n&iacute; trhy.<\/p>\n\n\n\n<h2 class=\"gb-headline gb-headline-2727a5ea gb-headline-text\"><strong>N&aacute;vrh&aacute;&#345; u&#382;ivatelsk&eacute;ho rozhran&iacute;\/UX<\/strong><\/h2>\n\n\n\n<p class=\"gb-headline gb-headline-7cf26dd8 gb-headline-text\">Hled&aacute;me kreativn&iacute;ho design&eacute;ra u&#382;ivatelsk&eacute;ho rozhran&iacute; a u&#382;ivatelsk&eacute; p&#345;&iacute;v&#283;tivosti, kter&yacute; n&aacute;m pom&#367;&#382;e zlep&scaron;it u&#382;ivatelsk&yacute; komfort na&scaron;ich obchodn&iacute;ch n&aacute;stroj&#367; a platforem. Budete &uacute;zce spolupracovat s na&scaron;imi v&yacute;voj&aacute;&#345;i na vytv&aacute;&#345;en&iacute; intuitivn&iacute;ch, vizu&aacute;ln&#283; atraktivn&iacute;ch a u&#382;ivatelsky p&#345;&iacute;v&#283;tiv&yacute;ch rozhran&iacute; pro na&scaron;e klienty.<\/p>\n\n\n\n<h2 class=\"gb-headline gb-headline-5f0b6b83 gb-headline-text\">Voln&aacute; m&iacute;sta v oblasti podpory<\/h2>\n\n\n\n<h2 class=\"gb-headline gb-headline-cca0e027 gb-headline-text\"><strong><strong>Specialista z&aacute;kaznick&eacute; podpory<\/strong><\/strong><\/h2>\n\n\n\n<p class=\"gb-headline gb-headline-8ec6ba09 gb-headline-text\">Hled&aacute;me specialistu z&aacute;kaznick&eacute; podpory s vynikaj&iacute;c&iacute;mi komunika&#269;n&iacute;mi schopnostmi a hlubok&yacute;mi znalostmi algoritmick&eacute;ho obchodov&aacute;n&iacute;. Budete zodpov&#283;dn&iacute; za pomoc na&scaron;im klient&#367;m s p&#345;&iacute;padn&yacute;mi dotazy nebo probl&eacute;my a za v&#269;asn&eacute; a u&#382;ite&#269;n&eacute; poradenstv&iacute;.<\/p>\n\n\n\n<h2 class=\"gb-headline gb-headline-55c3a9cc gb-headline-text\"><strong><strong><strong>Specialista na vzd&#283;l&aacute;v&aacute;n&iacute; v oblasti obchodov&aacute;n&iacute;<\/strong><\/strong><\/strong><\/h2>\n\n\n\n<p class=\"gb-headline gb-headline-96f202e2 gb-headline-text\">Pokud v&aacute;s bav&iacute; v&yacute;uka a m&aacute;te siln&eacute; zku&scaron;enosti s algoritmick&yacute;m obchodov&aacute;n&iacute;m, r&aacute;di bychom, abyste se p&#345;ipojili k na&scaron;emu t&yacute;mu jako specialista na vzd&#283;l&aacute;v&aacute;n&iacute; v oblasti obchodov&aacute;n&iacute;. Budete zodpov&#283;dn&iacute; za v&yacute;voj a poskytov&aacute;n&iacute; vzd&#283;l&aacute;vac&iacute;ho obsahu, v&#269;etn&#283; webin&aacute;&#345;&#367;, &#269;l&aacute;nk&#367; a v&yacute;ukov&yacute;ch materi&aacute;l&#367;, kter&eacute; pomohou na&scaron;im klient&#367;m usp&#283;t v jejich obchodn&iacute;m &uacute;sil&iacute;.<\/p>\n\n<\/div><\/div><div class=\"gb-container gb-container-ee25996e\">\n<div class=\"gb-container gb-container-858e6d89\"><div class=\"gb-inside-container\">\n<div class=\"gb-grid-wrapper gb-grid-wrapper-5a031acf\">\n<div class=\"gb-grid-column gb-grid-column-ccaa1743\"><div class=\"gb-container gb-container-ccaa1743\"><div class=\"gb-inside-container\">\n\n<h3 class=\"gb-headline gb-headline-bfc3f0c3 gb-headline-text\"><strong>P&#344;IPOJTE SE K NA&Scaron;EMU T&Yacute;MU<\/strong><\/h3>\n\n<\/div><\/div><\/div>\n\n<div class=\"gb-grid-column gb-grid-column-9062e2b2\"><div class=\"gb-container gb-container-9062e2b2\"><div class=\"gb-inside-container\">\n<div class=\"gb-button-wrapper gb-button-wrapper-3e961ede\">\n\n<a class=\"gb-button gb-button-b7132b20 gb-button-text\" href=\"https:\/\/dex.ag\/cs\/kontakt\/\">P&#344;IHL&Aacute;SIT SE ZDE<\/a>\n\n<\/div>\n<\/div><\/div><\/div>\n<\/div>\n<\/div><\/div>\n<\/div><div class=\"gb-container gb-container-5c8749cc\">\n<div class=\"gb-container gb-container-84344cd2\">\n\n<h2 class=\"gb-headline gb-headline-85ee40ee\"><span class=\"gb-icon\"><svg xmlns=\"http:\/\/www.w3.org\/2000\/svg\" data-name=\"subtract\" viewbox=\"0 0 80 42\"><path d=\"M0 20.06h80v1.87H0z\"><\/path><\/svg><\/span><span class=\"gb-headline-text\">V&#382;dy v pohotovosti<\/span><\/h2>\n\n\n\n<p>Pokud v&aacute;m n&#283;kter&aacute; z t&#283;chto pozic p&#345;ipad&aacute; vhodn&aacute;, doporu&#269;ujeme v&aacute;m, abyste se p&#345;ihl&aacute;sili a p&#345;ipojili se k na&scaron;emu t&yacute;mu odhodlan&yacute;ch profesion&aacute;l&#367;, kte&#345;&iacute; se sna&#382;&iacute; pom&aacute;hat obchodn&iacute;k&#367;m prosperovat ve sv&#283;t&#283; algoritmick&eacute;ho obchodov&aacute;n&iacute; a technologi&iacute; pro prov&aacute;d&#283;n&iacute; obchod&#367;.<\/p>\n\n<\/div>\n<\/div>\n","protected":false},"excerpt":{"rendered":"<p>Kari&eacute;ra Pot&#345;ebujeme v&aacute;s St&aacute;le hled&aacute;me talentovan&eacute; a nad&scaron;en&eacute; lidi do na&scaron;eho rostouc&iacute;ho t&yacute;mu. Pokud v&aacute;s zaj&iacute;m&aacute; algoritmick&eacute; obchodov&aacute;n&iacute;, technologie prov&aacute;d&#283;n&iacute; obchod&#367; a pomoc obchodn&iacute;k&#367;m p&#345;i dosahov&aacute;n&iacute; jejich c&iacute;l&#367;, r&aacute;di v&aacute;s usly&scaron;&iacute;me! N&iacute;&#382;e si prohl&eacute;dn&#283;te na&scaron;e aktu&aacute;ln&iacute; voln&aacute; pracovn&iacute; m&iacute;sta. Voln&aacute; m&iacute;sta v oblasti v&yacute;voje V&yacute;voj&aacute;&#345; algoritmick&eacute;ho obchodov&aacute;n&iacute; Hled&aacute;me zku&scaron;en&eacute;ho v&yacute;voj&aacute;&#345;e se siln&yacute;m z&aacute;zem&iacute;m v oblasti &#8230; <\/p>\n<p class=\"read-more-container\"><a title=\"Kari\u00e9ra\" class=\"read-more button\" href=\"https:\/\/dex.ag\/cs\/kariera\/#more-12214\" aria-label=\"\u010c\u00edst v\u00edce o Kari\u00e9ra\">Read more<\/a><\/p>\n","protected":false},"author":2,"featured_media":0,"parent":0,"menu_order":0,"comment_status":"closed","ping_status":"closed","template":"","meta":{"footnotes":""},"class_list":["post-12214","page","type-page","status-publish"],"_links":{"self":[{"href":"https:\/\/dex.ag\/cs\/wp-json\/wp\/v2\/pages\/12214","targetHints":{"allow":["GET"]}}],"collection":[{"href":"https:\/\/dex.ag\/cs\/wp-json\/wp\/v2\/pages"}],"about":[{"href":"https:\/\/dex.ag\/cs\/wp-json\/wp\/v2\/types\/page"}],"author":[{"embeddable":true,"href":"https:\/\/dex.ag\/cs\/wp-json\/wp\/v2\/users\/2"}],"replies":[{"embeddable":true,"href":"https:\/\/dex.ag\/cs\/wp-json\/wp\/v2\/comments?post=12214"}],"version-history":[{"count":0,"href":"https:\/\/dex.ag\/cs\/wp-json\/wp\/v2\/pages\/12214\/revisions"}],"wp:attachment":[{"href":"https:\/\/dex.ag\/cs\/wp-json\/wp\/v2\/media?parent=12214"}],"curies":[{"name":"wp","href":"https:\/\/api.w.org\/{rel}","templated":true}]}}