{"id":12119,"date":"2021-05-30T18:26:45","date_gmt":"2021-05-30T18:26:45","guid":{"rendered":"https:\/\/dex.ag\/o-strankach\/"},"modified":"2024-10-20T09:21:29","modified_gmt":"2024-10-20T09:21:29","slug":"about","status":"publish","type":"page","link":"https:\/\/dex.ag\/cs\/about\/","title":{"rendered":"O str\u00e1nk\u00e1ch"},"content":{"rendered":"<?xml encoding=\"UTF-8\"><div class=\"gb-container gb-container-fdbd6300\"><div class=\"gb-inside-container\">\n<div class=\"gb-grid-wrapper gb-grid-wrapper-126af6dc\">\n<div class=\"gb-grid-column gb-grid-column-c1544595\"><div class=\"gb-container gb-container-c1544595\"><div class=\"gb-inside-container\">\n\n<h2 class=\"gb-headline gb-headline-b526b385\"><span class=\"gb-icon\"><svg xmlns=\"http:\/\/www.w3.org\/2000\/svg\" viewbox=\"0 0 80 42\" data-name=\"subtract\"><path d=\"M0 20.06h80v1.87H0z\"><\/path><\/svg><\/span><span class=\"gb-headline-text\">O spole&#269;nosti DEX.AG<\/span><\/h2>\n\n\n\n<h2 class=\"gb-headline gb-headline-a14ed650 gb-headline-text\">Co je to <mark class=\"gb-highlight\">DEX<\/mark>.AG?<\/h2>\n\n\n\n<p>V&iacute;tejte na str&aacute;nce O n&aacute;s, kde se dozv&iacute;te v&iacute;ce o na&scaron;&iacute; spole&#269;nosti, na&scaron;em posl&aacute;n&iacute; a hodnot&aacute;ch, kter&eacute; n&aacute;s vedou k tomu, abychom na&scaron;im klient&#367;m poskytovali &scaron;pi&#269;kov&eacute; technologie algoritmick&eacute;ho obchodov&aacute;n&iacute; a prov&aacute;d&#283;n&iacute; obchod&#367;.<\/p>\n\n<\/div><\/div><\/div>\n\n<div class=\"gb-grid-column gb-grid-column-b910f0a6\"><div class=\"gb-container gb-container-b910f0a6\"><div class=\"gb-inside-container\">\n\n<figure class=\"wp-block-image size-full is-resized\"><img decoding=\"async\" src=\"https:\/\/dex.ag\/wp-content\/uploads\/2021\/06\/about_vector.svg\" alt=\"O vektoru\" class=\"wp-image-373\" style=\"width:526px;height:361px\" title=\"\"><\/figure>\n\n<\/div><\/div><\/div>\n<\/div>\n<\/div><div class=\"gb-shapes\"><div class=\"gb-shape gb-shape-1\"><svg xmlns=\"http:\/\/www.w3.org\/2000\/svg\" viewbox=\"0 0 1200 230.8\" preserveaspectratio=\"none\"><path d=\"M1200 179.5l-22.2-26.7c-22.2-26.7-66.9-80-111.1-75.6-44.4 4.8-89.2 66.4-133.3 102.2-44.4 35.8-89.2 44.2-133.3 8.9-44.4-35.6-89.2-115.6-133.3-155.6-44.4-40-89.2-40-133.3-17.8C488.9 37 444.2 82 400 81.7c-44.4.2-89.2-44.8-133.3-57.8-44.4-13.6-89.2 4.8-133.3 26.7-44.5 22.2-89.2 48.9-110.9 62.2L0 126.1v104.7H1199.7l.3-51.3z\"><\/path><\/svg><\/div><\/div><\/div><div class=\"gb-container gb-container-91b231bf\"><div class=\"gb-inside-container\">\n\n<h3 class=\"gb-headline gb-headline-a163fdff gb-headline-text\">N&aacute;&scaron; p&#345;&iacute;b&#283;h<\/h3>\n\n\n<div class=\"gb-grid-wrapper gb-grid-wrapper-409ddfb8\">\n<div class=\"gb-grid-column gb-grid-column-a955004c\"><div class=\"gb-container gb-container-a955004c\"><div class=\"gb-inside-container\">\n\n<p>Na&scaron;e cesta za&#269;ala spole&#269;nou v&aacute;&scaron;n&iacute; pro finan&#269;n&iacute; trhy a viz&iacute; pos&iacute;lit postaven&iacute; obchodn&iacute;k&#367; pomoc&iacute; &scaron;pi&#269;kov&yacute;ch n&aacute;stroj&#367; a technologi&iacute;. Vid&#283;li jsme rostouc&iacute; popt&aacute;vku po pokro&#269;il&yacute;ch algoritmick&yacute;ch obchodn&iacute;ch &#345;e&scaron;en&iacute;ch a d&iacute;ky hlubok&yacute;m odborn&yacute;m znalostem na&scaron;eho t&yacute;mu v oblasti financ&iacute; a technologi&iacute; jsme se rozhodli vytvo&#345;it spole&#269;nost, kter&aacute; by tyto po&#382;adavky splnila a p&#345;ekonala.<\/p>\n\n<\/div><\/div><\/div>\n\n<div class=\"gb-grid-column gb-grid-column-31111a3b\"><div class=\"gb-container gb-container-31111a3b\"><div class=\"gb-inside-container\">\n\n<p>Od sv&eacute;ho zalo&#382;en&iacute; se sna&#382;&iacute;me poskytovat obchodn&iacute;k&#367;m inovativn&iacute; &#345;e&scaron;en&iacute;, kter&aacute; maj&iacute; zv&yacute;&scaron;it jejich obchodn&iacute; v&yacute;konnost a zefektivnit jejich operace. Na&scaron;e slu&#382;by zahrnuj&iacute; v&yacute;voj obchodn&iacute;ch algoritm&#367; na zak&aacute;zku, technologii vysokorychlostn&iacute;ho prov&aacute;d&#283;n&iacute; obchod&#367;, automatizovanou spr&aacute;vu portfolia a komplexn&iacute; vzd&#283;l&aacute;vac&iacute; zdroje.<\/p>\n\n<\/div><\/div><\/div>\n<\/div>\n\n\n<h3 class=\"gb-headline gb-headline-a4c83453 gb-headline-text\">Na&scaron;e posl&aacute;n&iacute;<\/h3>\n\n\n<div class=\"gb-grid-wrapper gb-grid-wrapper-e845a2b2\">\n<div class=\"gb-grid-column gb-grid-column-00402c3f\"><div class=\"gb-container gb-container-00402c3f\"><div class=\"gb-inside-container\">\n\n<p>Na&scaron;&iacute;m posl&aacute;n&iacute;m je umo&#382;nit obchodn&iacute;k&#367;m pln&#283; vyu&#382;&iacute;t jejich potenci&aacute;l na finan&#269;n&iacute;ch trz&iacute;ch t&iacute;m, &#382;e jim poskytneme nejmodern&#283;j&scaron;&iacute; technologie algoritmick&eacute;ho obchodov&aacute;n&iacute; a prov&aacute;d&#283;n&iacute; obchod&#367;. Jsme odhodl&aacute;ni poskytovat individu&aacute;ln&iacute; &#345;e&scaron;en&iacute;, neust&aacute;l&eacute; inovace a v&yacute;jime&#269;nou z&aacute;kaznickou podporu, abychom na&scaron;im klient&#367;m pomohli v jejich obchodn&iacute;m &uacute;sil&iacute;.<\/p>\n\n<\/div><\/div><\/div>\n\n<div class=\"gb-grid-column gb-grid-column-9db5e0cb\"><div class=\"gb-container gb-container-9db5e0cb\"><div class=\"gb-inside-container\">\n\n<figure class=\"wp-block-image size-full\"><img loading=\"lazy\" decoding=\"async\" width=\"748\" height=\"191\" src=\"https:\/\/dex.ag\/wp-content\/uploads\/2023\/05\/dex_logo.png\" alt=\"\" class=\"wp-image-6262\" title=\"\" srcset=\"https:\/\/dex.ag\/wp-content\/uploads\/2023\/05\/dex_logo.png 748w, https:\/\/dex.ag\/wp-content\/uploads\/2023\/05\/dex_logo-300x77.png 300w\" sizes=\"auto, (max-width: 748px) 100vw, 748px\" \/><\/figure>\n\n<\/div><\/div><\/div>\n<\/div>\n\n\n<h3 class=\"gb-headline gb-headline-fda5482c gb-headline-text\">Na&scaron;e hodnoty<\/h3>\n\n\n<div class=\"gb-grid-wrapper gb-grid-wrapper-6832cbc4\">\n<div class=\"gb-grid-column gb-grid-column-271f76e1\"><div class=\"gb-container gb-container-271f76e1\"><div class=\"gb-inside-container\">\n\n<h4 class=\"gb-headline gb-headline-4bd206bb gb-headline-text\">Inovace<\/h4>\n\n\n\n<p>V&#283;&#345;&iacute;me, &#382;e kl&iacute;&#269;em k udr&#382;en&iacute; n&aacute;skoku v rychl&eacute;m sv&#283;t&#283; algoritmick&eacute;ho obchodov&aacute;n&iacute; jsou neust&aacute;l&eacute; inovace. N&aacute;&scaron; t&yacute;m neust&aacute;le zkoum&aacute; nov&eacute; technologie, techniky a strategie, aby zajistil na&scaron;im klient&#367;m p&#345;&iacute;stup k nejmodern&#283;j&scaron;&iacute;m n&aacute;stroj&#367;m a &#345;e&scaron;en&iacute;m.<\/p>\n\n\n\n<h4 class=\"gb-headline gb-headline-5a87a002 gb-headline-text\">Excellence<\/h4>\n\n\n\n<p>Usilujeme o dokonalost ve v&scaron;em, co d&#283;l&aacute;me, od v&yacute;voje na&scaron;ich obchodn&iacute;ch algoritm&#367; a&#382; po podporu, kterou poskytujeme na&scaron;im klient&#367;m. N&aacute;&scaron; t&yacute;m odborn&iacute;k&#367; s nad&scaron;en&iacute;m pom&aacute;h&aacute; sv&yacute;m klient&#367;m dosahovat jejich c&iacute;l&#367; a trvale dosahuje vynikaj&iacute;c&iacute;ch v&yacute;sledk&#367;.<\/p>\n\n\n\n<h4 class=\"gb-headline gb-headline-1f345d32 gb-headline-text\">Vzd&#283;l&aacute;v&aacute;n&iacute;<\/h4>\n\n\n\n<p>Na&scaron;im klient&#367;m se sna&#382;&iacute;me poskytovat znalosti a zdroje, kter&eacute; pot&#345;ebuj&iacute; k &uacute;sp&#283;chu ve sv&#283;t&#283; algoritmick&eacute;ho obchodov&aacute;n&iacute;. Na&scaron;e komplexn&iacute; vzd&#283;l&aacute;vac&iacute; materi&aacute;ly, &scaron;kolic&iacute; programy a odborn&eacute; poradenstv&iacute; umo&#382;&#328;uj&iacute; obchodn&iacute;k&#367;m &#269;init informovan&aacute; rozhodnut&iacute; a neust&aacute;le zlep&scaron;ovat sv&eacute; dovednosti.<\/p>\n\n<\/div><\/div><\/div>\n\n<div class=\"gb-grid-column gb-grid-column-03decd79\"><div class=\"gb-container gb-container-03decd79\"><div class=\"gb-inside-container\">\n\n<h4 class=\"gb-headline gb-headline-ee13a7cf gb-headline-text\">Integrita<\/h4>\n\n\n\n<p>Ve v&scaron;ech aspektech na&scaron;eho podnik&aacute;n&iacute; se sna&#382;&iacute;me zachov&aacute;vat nejvy&scaron;&scaron;&iacute; &uacute;rove&#328; integrity. Na&scaron;e vztahy s klienty jsou zalo&#382;eny na d&#367;v&#283;&#345;e, transparentnosti a skute&#269;n&eacute;m z&aacute;jmu o jejich &uacute;sp&#283;ch.<\/p>\n\n\n\n<h4 class=\"gb-headline gb-headline-a23a55fe gb-headline-text\">Spolupr&aacute;ce<\/h4>\n\n\n\n<p>Uv&#283;domujeme si s&iacute;lu spolupr&aacute;ce a t&yacute;mov&eacute; pr&aacute;ce. N&aacute;&scaron; t&yacute;m odborn&iacute;k&#367; &uacute;zce spolupracuje s klienty, aby porozum&#283;l jejich jedine&#269;n&yacute;m pot&#345;eb&aacute;m a vytvo&#345;il &#345;e&scaron;en&iacute; na m&iacute;ru, kter&aacute; odpov&iacute;daj&iacute; jejich c&iacute;l&#367;m a z&aacute;m&#283;r&#367;m.<\/p>\n\n<\/div><\/div><\/div>\n<\/div>\n\n\n<p>Jsme hrd&iacute; na to, jak&yacute; dopad maj&iacute; na&scaron;e slu&#382;by na komunitu obchodn&iacute;k&#367;, a t&#283;&scaron;&iacute; n&aacute;s, &#382;e budeme pokra&#269;ovat v inovac&iacute;ch a &uacute;sp&#283;chu ve sv&#283;t&#283; algoritmick&eacute;ho obchodov&aacute;n&iacute; a technologi&iacute; pro prov&aacute;d&#283;n&iacute; obchod&#367;. Pokud se chcete dozv&#283;d&#283;t v&iacute;ce o na&scaron;ich slu&#382;b&aacute;ch nebo zjistit, jak v&aacute;m m&#367;&#382;eme pomoci dos&aacute;hnout va&scaron;ich obchodn&iacute;ch c&iacute;l&#367;, nev&aacute;hejte kontaktovat n&aacute;&scaron; t&yacute;m.<\/p>\n\n<\/div><\/div><div class=\"gb-container gb-container-00032283\"><div class=\"gb-inside-container\">\n<div class=\"gb-grid-wrapper gb-grid-wrapper-294048d8\">\n<div class=\"gb-grid-column gb-grid-column-a2f60060\"><div class=\"gb-container gb-container-a2f60060\"><div class=\"gb-inside-container\">\n\n<p class=\"gb-headline gb-headline-96afd785 gb-headline-text\">14360+<\/p>\n\n\n\n<p class=\"gb-headline gb-headline-2e4c579e gb-headline-text\">Spokojen&iacute; u&#382;ivatel&eacute;<\/p>\n\n<\/div><\/div><\/div>\n\n<div class=\"gb-grid-column gb-grid-column-43b4aee2\"><div class=\"gb-container gb-container-43b4aee2\"><div class=\"gb-inside-container\">\n\n<p class=\"gb-headline gb-headline-3aca3518 gb-headline-text\">9325+<\/p>\n\n\n\n<p class=\"gb-headline gb-headline-9ce698c0 gb-headline-text\">Investo&#345;i<\/p>\n\n<\/div><\/div><\/div>\n\n<div class=\"gb-grid-column gb-grid-column-8c949490\"><div class=\"gb-container gb-container-8c949490\"><div class=\"gb-inside-container\">\n\n<p class=\"gb-headline gb-headline-bf175163 gb-headline-text\">448<\/p>\n\n\n\n<p class=\"gb-headline gb-headline-52d2fe77 gb-headline-text\">Aktivn&iacute; servery<\/p>\n\n<\/div><\/div><\/div>\n<\/div>\n<\/div><\/div><div class=\"gb-container gb-container-b15b1f9c\"><div class=\"gb-inside-container\">\n\n<h2 class=\"gb-headline gb-headline-f659e5fc gb-headline-text\">Na&scaron;i spokojen&iacute; klienti<\/h2>\n\n\n<div class=\"gb-grid-wrapper gb-grid-wrapper-74da678c\">\n<div class=\"gb-grid-column gb-grid-column-f7a20b44\"><div class=\"gb-container gb-container-f7a20b44\"><div class=\"gb-inside-container\">\n<div class=\"gb-grid-wrapper gb-grid-wrapper-a3685fee\">\n<div class=\"gb-grid-column gb-grid-column-218da830\"><div class=\"gb-container gb-container-218da830\"><div class=\"gb-inside-container\">\n<div class=\"wp-block-image is-style-rounded\">\n<figure class=\"aligncenter size-large is-resized\"><img decoding=\"async\" src=\"https:\/\/library.generateblocks.com\/wp-content\/uploads\/2020\/07\/test-6.jpg\" alt=\"\" class=\"wp-image-1671\" style=\"width:100px;height:100px\" title=\"\"><\/figure>\n<\/div>\n<\/div><\/div><\/div>\n\n<div class=\"gb-grid-column gb-grid-column-aa2a8f08\"><div class=\"gb-container gb-container-aa2a8f08\"><div class=\"gb-inside-container\">\n\n<p class=\"gb-headline gb-headline-23f0b2e6 gb-headline-text\">Gina<\/p>\n\n\n\n<p class=\"gb-headline gb-headline-7c2e1eff gb-headline-text\">Soukrom&yacute; investor<\/p>\n\n<\/div><\/div><\/div>\n<\/div>\n\n\n<p class=\"gb-headline gb-headline-1a1644be gb-headline-text\"><\/p>\n\n<\/div><\/div><\/div>\n\n<div class=\"gb-grid-column gb-grid-column-ceafa2f3\"><div class=\"gb-container gb-container-ceafa2f3\"><div class=\"gb-inside-container\">\n<div class=\"gb-grid-wrapper gb-grid-wrapper-3cb0d1ed\">\n<div class=\"gb-grid-column gb-grid-column-4fccec97\"><div class=\"gb-container gb-container-4fccec97\"><div class=\"gb-inside-container\">\n<div class=\"wp-block-image is-style-rounded\">\n<figure class=\"aligncenter size-large is-resized\"><img decoding=\"async\" src=\"https:\/\/library.generateblocks.com\/wp-content\/uploads\/2020\/07\/test-7.jpg\" alt=\"\" class=\"wp-image-1672\" style=\"width:100px;height:100px\" title=\"\"><\/figure>\n<\/div>\n<\/div><\/div><\/div>\n\n<div class=\"gb-grid-column gb-grid-column-e852e6f9\"><div class=\"gb-container gb-container-e852e6f9\"><div class=\"gb-inside-container\">\n\n<p class=\"gb-headline gb-headline-cbf25a50 gb-headline-text\">Hiko<\/p>\n\n\n\n<p class=\"gb-headline gb-headline-493a5559 gb-headline-text\">BTC Investor<\/p>\n\n<\/div><\/div><\/div>\n<\/div>\n\n\n<p class=\"gb-headline gb-headline-e451054a gb-headline-text\"><\/p>\n\n<\/div><\/div><\/div>\n\n<div class=\"gb-grid-column gb-grid-column-870a84df\"><div class=\"gb-container gb-container-870a84df\"><div class=\"gb-inside-container\">\n<div class=\"gb-grid-wrapper gb-grid-wrapper-49a36406\">\n<div class=\"gb-grid-column gb-grid-column-f812496a\"><div class=\"gb-container gb-container-f812496a\"><div class=\"gb-inside-container\">\n<div class=\"wp-block-image is-style-rounded\">\n<figure class=\"aligncenter size-large is-resized\"><img decoding=\"async\" src=\"https:\/\/library.generateblocks.com\/wp-content\/uploads\/2020\/07\/test-5.jpg\" alt=\"\" class=\"wp-image-1670\" style=\"width:100px;height:100px\" title=\"\"><\/figure>\n<\/div>\n<\/div><\/div><\/div>\n\n<div class=\"gb-grid-column gb-grid-column-534e68e0\"><div class=\"gb-container gb-container-534e68e0\"><div class=\"gb-inside-container\">\n\n<p class=\"gb-headline gb-headline-4501a066 gb-headline-text\">Brad<\/p>\n\n\n\n<p class=\"gb-headline gb-headline-00f539d2 gb-headline-text\">BTC Investor<\/p>\n\n<\/div><\/div><\/div>\n<\/div>\n\n\n<p class=\"gb-headline gb-headline-3e114dd4 gb-headline-text\"><\/p>\n\n<\/div><\/div><\/div>\n<\/div>\n<\/div><\/div><div class=\"gb-container gb-container-858e6d89\"><div class=\"gb-inside-container\">\n<div class=\"gb-grid-wrapper gb-grid-wrapper-5a031acf\">\n<div class=\"gb-grid-column gb-grid-column-ccaa1743\"><div class=\"gb-container gb-container-ccaa1743\"><div class=\"gb-inside-container\">\n\n<h3 class=\"gb-headline gb-headline-bfc3f0c3 gb-headline-text\"><strong>P&#344;IPOJTE SE K NA&Scaron;EMU T&Yacute;MU<\/strong><\/h3>\n\n<\/div><\/div><\/div>\n\n<div class=\"gb-grid-column gb-grid-column-9062e2b2\"><div class=\"gb-container gb-container-9062e2b2\"><div class=\"gb-inside-container\">\n<div class=\"gb-button-wrapper gb-button-wrapper-3e961ede\">\n\n<a class=\"gb-button gb-button-b7132b20 gb-button-text\" href=\"https:\/\/dex.ag\/cs\/kontakt\/\">Kontaktujte n&aacute;s<\/a>\n\n<\/div>\n<\/div><\/div><\/div>\n<\/div>\n<\/div><\/div>\n","protected":false},"excerpt":{"rendered":"<p>N&aacute;&scaron; p&#345;&iacute;b&#283;h Na&scaron;e posl&aacute;n&iacute; Na&scaron;e hodnoty Jsme hrd&iacute; na to, jak&yacute; dopad maj&iacute; na&scaron;e slu&#382;by na komunitu obchodn&iacute;k&#367;, a t&#283;&scaron;&iacute; n&aacute;s, &#382;e budeme pokra&#269;ovat v inovac&iacute;ch a &uacute;sp&#283;chu ve sv&#283;t&#283; algoritmick&eacute;ho obchodov&aacute;n&iacute; a technologi&iacute; pro prov&aacute;d&#283;n&iacute; obchod&#367;. Pokud se chcete dozv&#283;d&#283;t v&iacute;ce o na&scaron;ich slu&#382;b&aacute;ch nebo zjistit, jak v&aacute;m m&#367;&#382;eme pomoci dos&aacute;hnout va&scaron;ich obchodn&iacute;ch c&iacute;l&#367;, &#8230; <\/p>\n<p class=\"read-more-container\"><a title=\"O str\u00e1nk\u00e1ch\" class=\"read-more button\" href=\"https:\/\/dex.ag\/cs\/about\/#more-12119\" aria-label=\"\u010c\u00edst v\u00edce o O str\u00e1nk\u00e1ch\">Read more<\/a><\/p>\n","protected":false},"author":2,"featured_media":0,"parent":0,"menu_order":0,"comment_status":"closed","ping_status":"closed","template":"","meta":{"footnotes":""},"class_list":["post-12119","page","type-page","status-publish"],"_links":{"self":[{"href":"https:\/\/dex.ag\/cs\/wp-json\/wp\/v2\/pages\/12119","targetHints":{"allow":["GET"]}}],"collection":[{"href":"https:\/\/dex.ag\/cs\/wp-json\/wp\/v2\/pages"}],"about":[{"href":"https:\/\/dex.ag\/cs\/wp-json\/wp\/v2\/types\/page"}],"author":[{"embeddable":true,"href":"https:\/\/dex.ag\/cs\/wp-json\/wp\/v2\/users\/2"}],"replies":[{"embeddable":true,"href":"https:\/\/dex.ag\/cs\/wp-json\/wp\/v2\/comments?post=12119"}],"version-history":[{"count":0,"href":"https:\/\/dex.ag\/cs\/wp-json\/wp\/v2\/pages\/12119\/revisions"}],"wp:attachment":[{"href":"https:\/\/dex.ag\/cs\/wp-json\/wp\/v2\/media?parent=12119"}],"curies":[{"name":"wp","href":"https:\/\/api.w.org\/{rel}","templated":true}]}}