{"id":12048,"date":"2023-05-10T14:53:59","date_gmt":"2023-05-10T14:53:59","guid":{"rendered":"https:\/\/dex.ag\/zasady-ochrany-osobnich-udaju\/"},"modified":"2023-07-16T14:21:07","modified_gmt":"2023-07-16T14:21:07","slug":"zasady-ochrany-osobnich-udaju","status":"publish","type":"page","link":"https:\/\/dex.ag\/cs\/zasady-ochrany-osobnich-udaju\/","title":{"rendered":"Z\u00e1sady ochrany osobn\u00edch \u00fadaj\u016f"},"content":{"rendered":"<?xml encoding=\"UTF-8\"><h2 class=\"wp-block-heading\">Kdo jsme<\/h2><p>Na&scaron;e webov&aacute; adresa je: https:\/\/dex.ag.<\/p><h2 class=\"wp-block-heading\">Koment&aacute;&#345;e<\/h2><p>Kdy&#382; n&aacute;v&scaron;t&#283;vn&iacute;ci zanech&aacute;vaj&iacute; na webu koment&aacute;&#345;e, shroma&#382;&#271;ujeme &uacute;daje zobrazen&eacute; ve formul&aacute;&#345;i koment&aacute;&#345;e a tak&eacute; IP adresu n&aacute;v&scaron;t&#283;vn&iacute;ka a &#345;et&#283;zec user agent prohl&iacute;&#382;e&#269;e, abychom pomohli odhalit spam.<\/p><p>Slu&#382;b&#283; Gravatar m&#367;&#382;e b&yacute;t poskytnut anonymizovan&yacute; &#345;et&#283;zec vytvo&#345;en&yacute; z va&scaron;&iacute; e-mailov&eacute; adresy (naz&yacute;van&yacute; tak&eacute; hash), aby zjistila, zda ji pou&#382;&iacute;v&aacute;te. Z&aacute;sady ochrany osobn&iacute;ch &uacute;daj&#367; slu&#382;by Gravatar jsou k dispozici zde: https:\/\/automattic.com\/privacy\/. Po schv&aacute;len&iacute; va&scaron;eho koment&aacute;&#345;e je v&aacute;&scaron; profilov&yacute; obr&aacute;zek viditeln&yacute; ve&#345;ejnosti v kontextu va&scaron;eho koment&aacute;&#345;e.<\/p><h2 class=\"wp-block-heading\">M&eacute;dia<\/h2><p>Pokud na webov&eacute; str&aacute;nky nahr&aacute;v&aacute;te sn&iacute;mky, m&#283;li byste se vyhnout nahr&aacute;v&aacute;n&iacute; sn&iacute;mk&#367; s vlo&#382;en&yacute;mi &uacute;daji o poloze (EXIF GPS). N&aacute;v&scaron;t&#283;vn&iacute;ci webov&yacute;ch str&aacute;nek si mohou z obr&aacute;zk&#367; na webu st&aacute;hnout a vyt&aacute;hnout libovoln&eacute; &uacute;daje o poloze.<\/p><h2 class=\"wp-block-heading\">Soubory cookie<\/h2><p>Pokud na na&scaron;ich str&aacute;nk&aacute;ch zanech&aacute;te koment&aacute;&#345;, m&#367;&#382;ete souhlasit s ulo&#382;en&iacute;m va&scaron;eho jm&eacute;na, e-mailov&eacute; adresy a webov&eacute; str&aacute;nky do soubor&#367; cookie. Tyto &uacute;daje slou&#382;&iacute; k va&scaron;emu pohodl&iacute;, abyste nemuseli znovu vypl&#328;ovat sv&eacute; &uacute;daje, kdy&#382; zanech&aacute;te dal&scaron;&iacute; koment&aacute;&#345;. Tyto su&scaron;enky vydr&#382;&iacute; jeden rok.<\/p><p>Pokud nav&scaron;t&iacute;v&iacute;te na&scaron;i p&#345;ihla&scaron;ovac&iacute; str&aacute;nku, nastav&iacute;me do&#269;asn&yacute; soubor cookie, abychom zjistili, zda v&aacute;&scaron; prohl&iacute;&#382;e&#269; p&#345;ij&iacute;m&aacute; soubory cookie. Tento soubor cookie neobsahuje &#382;&aacute;dn&eacute; osobn&iacute; &uacute;daje a po zav&#345;en&iacute; prohl&iacute;&#382;e&#269;e je odstran&#283;n.<\/p><p>P&#345;i p&#345;ihla&scaron;ov&aacute;n&iacute; tak&eacute; nastav&iacute;me n&#283;kolik soubor&#367; cookie, abychom ulo&#382;ili va&scaron;e p&#345;ihla&scaron;ovac&iacute; &uacute;daje a volby zobrazen&iacute; na obrazovce. Soubory cookie pro p&#345;ihl&aacute;&scaron;en&iacute; vydr&#382;&iacute; dva dny a soubory cookie s mo&#382;nostmi obrazovky vydr&#382;&iacute; rok. Pokud zvol&iacute;te mo&#382;nost &bdquo;Zapamatovat si m&#283;&ldquo;, va&scaron;e p&#345;ihl&aacute;&scaron;en&iacute; z&#367;stane zachov&aacute;no po dobu dvou t&yacute;dn&#367;. Pokud se ze sv&eacute;ho &uacute;&#269;tu odhl&aacute;s&iacute;te, p&#345;ihla&scaron;ovac&iacute; soubory cookie budou odstran&#283;ny.<\/p><p>Pokud uprav&iacute;te nebo zve&#345;ejn&iacute;te &#269;l&aacute;nek, ulo&#382;&iacute; se do va&scaron;eho prohl&iacute;&#382;e&#269;e dal&scaron;&iacute; soubor cookie. Tento soubor cookie neobsahuje &#382;&aacute;dn&eacute; osobn&iacute; &uacute;daje a pouze ozna&#269;uje ID p&#345;&iacute;sp&#283;vku &#269;l&aacute;nku, kter&yacute; jste pr&aacute;v&#283; upravili. Jej&iacute; platnost vypr&scaron;&iacute; po 1 dni.<\/p><h2 class=\"wp-block-heading\">Vlo&#382;en&yacute; obsah z jin&yacute;ch webov&yacute;ch str&aacute;nek<\/h2><p>&#268;l&aacute;nky na t&#283;chto str&aacute;nk&aacute;ch mohou obsahovat vlo&#382;en&yacute; obsah (nap&#345;. videa, obr&aacute;zky, &#269;l&aacute;nky atd.). Vlo&#382;en&yacute; obsah z jin&yacute;ch webov&yacute;ch str&aacute;nek se chov&aacute; &uacute;pln&#283; stejn&#283;, jako kdyby n&aacute;v&scaron;t&#283;vn&iacute;k nav&scaron;t&iacute;vil jin&eacute; webov&eacute; str&aacute;nky.<\/p><p>Tyto webov&eacute; str&aacute;nky mohou shroma&#382;&#271;ovat &uacute;daje o v&aacute;s, pou&#382;&iacute;vat soubory cookie, vkl&aacute;dat dal&scaron;&iacute; sledov&aacute;n&iacute; t&#345;et&iacute;ch stran a sledovat va&scaron;i interakci s vlo&#382;en&yacute;m obsahem, v&#269;etn&#283; sledov&aacute;n&iacute; va&scaron;&iacute; interakce s vlo&#382;en&yacute;m obsahem, pokud m&aacute;te &uacute;&#269;et a jste p&#345;ihl&aacute;&scaron;eni na dan&eacute; webov&eacute; str&aacute;nce.<\/p><h2 class=\"wp-block-heading\">S k&yacute;m sd&iacute;l&iacute;me va&scaron;e &uacute;daje<\/h2><p>Pokud po&#382;&aacute;d&aacute;te o obnoven&iacute; hesla, bude v e-mailu s &#382;&aacute;dost&iacute; o obnoven&iacute; hesla uvedena va&scaron;e IP adresa.<\/p><h2 class=\"wp-block-heading\">Jak dlouho va&scaron;e &uacute;daje uchov&aacute;v&aacute;me<\/h2><p>Pokud zanech&aacute;te koment&aacute;&#345;, koment&aacute;&#345; a jeho metadata se uchov&aacute;vaj&iacute; po neomezenou dobu. To proto, abychom mohli automaticky rozpoznat a schv&aacute;lit v&scaron;echny n&aacute;sledn&eacute; koment&aacute;&#345;e a nemuseli je dr&#382;et v moder&aacute;torsk&eacute; front&#283;.<\/p><p>U u&#382;ivatel&#367;, kte&#345;&iacute; se na na&scaron;ich webov&yacute;ch str&aacute;nk&aacute;ch zaregistruj&iacute; (pokud existuj&iacute;), ukl&aacute;d&aacute;me osobn&iacute; &uacute;daje, kter&eacute; n&aacute;m poskytli, do jejich u&#382;ivatelsk&eacute;ho profilu. V&scaron;ichni u&#382;ivatel&eacute; mohou kdykoli zobrazit, upravit nebo odstranit sv&eacute; osobn&iacute; &uacute;daje (krom&#283; toho, &#382;e nemohou zm&#283;nit sv&eacute; u&#382;ivatelsk&eacute; jm&eacute;no). Tyto informace mohou vid&#283;t a upravovat tak&eacute; spr&aacute;vci webov&yacute;ch str&aacute;nek.<\/p><h2 class=\"wp-block-heading\">Jak&aacute; m&aacute;te pr&aacute;va na sv&eacute; &uacute;daje<\/h2><p>Pokud m&aacute;te na t&#283;chto str&aacute;nk&aacute;ch &uacute;&#269;et nebo jste zanechali koment&aacute;&#345;e, m&#367;&#382;ete po&#382;&aacute;dat o zasl&aacute;n&iacute; exportovan&eacute;ho souboru osobn&iacute;ch &uacute;daj&#367;, kter&eacute; o v&aacute;s uchov&aacute;v&aacute;me, v&#269;etn&#283; v&scaron;ech &uacute;daj&#367;, kter&eacute; jste n&aacute;m poskytli. M&#367;&#382;ete n&aacute;s tak&eacute; po&#382;&aacute;dat o vymaz&aacute;n&iacute; v&scaron;ech osobn&iacute;ch &uacute;daj&#367;, kter&eacute; o v&aacute;s m&aacute;me. To nezahrnuje &uacute;daje, kter&eacute; jsme povinni uchov&aacute;vat pro administrativn&iacute;, pr&aacute;vn&iacute; nebo bezpe&#269;nostn&iacute; &uacute;&#269;ely.<\/p><h2 class=\"wp-block-heading\">Kam jsou va&scaron;e &uacute;daje odes&iacute;l&aacute;ny<\/h2><p>Koment&aacute;&#345;e n&aacute;v&scaron;t&#283;vn&iacute;k&#367; mohou b&yacute;t kontrolov&aacute;ny prost&#345;ednictv&iacute;m automatick&eacute; slu&#382;by pro detekci spamu.<\/p>\n","protected":false},"excerpt":{"rendered":"<p>Kdo jsme Na&scaron;e webov&aacute; adresa je: https:\/\/dex.ag. Koment&aacute;&#345;e Kdy&#382; n&aacute;v&scaron;t&#283;vn&iacute;ci zanech&aacute;vaj&iacute; na webu koment&aacute;&#345;e, shroma&#382;&#271;ujeme &uacute;daje zobrazen&eacute; ve formul&aacute;&#345;i koment&aacute;&#345;e a tak&eacute; IP adresu n&aacute;v&scaron;t&#283;vn&iacute;ka a &#345;et&#283;zec user agent prohl&iacute;&#382;e&#269;e, abychom pomohli odhalit spam. Slu&#382;b&#283; Gravatar m&#367;&#382;e b&yacute;t poskytnut anonymizovan&yacute; &#345;et&#283;zec vytvo&#345;en&yacute; z va&scaron;&iacute; e-mailov&eacute; adresy (naz&yacute;van&yacute; tak&eacute; hash), aby zjistila, zda ji pou&#382;&iacute;v&aacute;te. Z&aacute;sady &#8230; <\/p>\n<p class=\"read-more-container\"><a title=\"Z\u00e1sady ochrany osobn\u00edch \u00fadaj\u016f\" class=\"read-more button\" href=\"https:\/\/dex.ag\/cs\/zasady-ochrany-osobnich-udaju\/#more-12048\" aria-label=\"\u010c\u00edst v\u00edce o Z\u00e1sady ochrany osobn\u00edch \u00fadaj\u016f\">Read more<\/a><\/p>\n","protected":false},"author":2,"featured_media":0,"parent":0,"menu_order":0,"comment_status":"closed","ping_status":"closed","template":"","meta":{"footnotes":""},"class_list":["post-12048","page","type-page","status-publish"],"_links":{"self":[{"href":"https:\/\/dex.ag\/cs\/wp-json\/wp\/v2\/pages\/12048","targetHints":{"allow":["GET"]}}],"collection":[{"href":"https:\/\/dex.ag\/cs\/wp-json\/wp\/v2\/pages"}],"about":[{"href":"https:\/\/dex.ag\/cs\/wp-json\/wp\/v2\/types\/page"}],"author":[{"embeddable":true,"href":"https:\/\/dex.ag\/cs\/wp-json\/wp\/v2\/users\/2"}],"replies":[{"embeddable":true,"href":"https:\/\/dex.ag\/cs\/wp-json\/wp\/v2\/comments?post=12048"}],"version-history":[{"count":0,"href":"https:\/\/dex.ag\/cs\/wp-json\/wp\/v2\/pages\/12048\/revisions"}],"wp:attachment":[{"href":"https:\/\/dex.ag\/cs\/wp-json\/wp\/v2\/media?parent=12048"}],"curies":[{"name":"wp","href":"https:\/\/api.w.org\/{rel}","templated":true}]}}