{"id":118511,"date":"2025-08-07T07:04:47","date_gmt":"2025-08-07T07:04:47","guid":{"rendered":"https:\/\/dex.ag\/kasina-sweetstakes\/"},"modified":"2025-08-21T11:39:46","modified_gmt":"2025-08-21T11:39:46","slug":"sweepstakes-casinos","status":"publish","type":"page","link":"https:\/\/dex.ag\/cs\/sweepstakes-casinos\/","title":{"rendered":"Kasina s losy"},"content":{"rendered":"<?xml encoding=\"UTF-8\"><div class=\"gb-container gb-container-bbc00baa\"><div class=\"gb-inside-container\">\n\n<h1 class=\"gb-headline gb-headline-24130f3f gb-headline-text\">Prozkoumejte kasina s loteri&iacute;: technologie, recenze a syst&eacute;my odm&#283;n<\/h1>\n\n<\/div><\/div><div class=\"gb-container gb-container-88e8e58a\">\n<div class=\"gb-container gb-container-f84b60d2\">\n\n<p>A&#357; u&#382; chcete porovnat nejl&eacute;pe hodnocen&aacute; kasina s loteriemi, prozkoumat, jak funguj&iacute; jejich propaga&#269;n&iacute; odm&#283;nov&eacute; syst&eacute;my, nebo l&eacute;pe porozum&#283;t mechanism&#367;m jejich produkt&#367; &ndash; toto centrum shrnuje v&scaron;e na jednom m&iacute;st&#283;.<\/p>\n\n\n\n<p>Kasinov&eacute; automaty Sweepstakes funguj&iacute; trochu jinak ne&#382; tradi&#269;n&iacute; online kasinov&eacute; automaty, ale z&aacute;&#382;itek z nich m&#367;&#382;e b&yacute;t p&#345;ekvapiv&#283; pov&#283;dom&yacute;. Pou&#382;&iacute;vaj&iacute; kreativn&iacute; hern&iacute; struktury, propaga&#269;n&iacute; odm&#283;ny a chytr&eacute; designov&eacute; volby, aby hra z&#367;stala poutav&aacute;. V z&aacute;kulis&iacute; se skr&yacute;v&aacute; spousta promy&scaron;len&eacute;ho syst&eacute;mov&eacute;ho designu, od toho, jak hr&aacute;&#269;i z&iacute;sk&aacute;vaj&iacute; bonusy, a&#382; po strukturu jednotliv&yacute;ch interakc&iacute;.<\/p>\n\n\n\n<p>Tato sekce je ur&#269;ena pro lidi, kte&#345;&iacute; se zaj&iacute;maj&iacute; o to, jak tyto syst&eacute;my skute&#269;n&#283; funguj&iacute;. Najdete zde recenze oper&aacute;tor&#367;, rozbory hern&iacute;ch smy&#269;ek, pr&aacute;vn&iacute; vysv&#283;tlen&iacute; a technick&eacute; poznatky o tom, co &#345;&iacute;d&iacute; modely sout&#283;&#382;&iacute; &ndash; od chov&aacute;n&iacute; frontendu a&#382; po logiku backendu.<\/p>\n\n\n\n<p>Pokud se zaj&iacute;m&aacute;te o produktov&yacute; design, hern&iacute; syst&eacute;my nebo chcete jen z&iacute;skat jasn&#283;j&scaron;&iacute; pohled na tuto oblast z pohledu tv&#367;rce, zde byste m&#283;li za&#269;&iacute;t.<\/p>\n\n\n\n<div class=\"gb-grid-wrapper gb-grid-wrapper-0d54d437 gb-query-loop-wrapper\"><\/div>\n\n<div class=\"gb-container gb-container-cbaedd74 gb-query-loop-pagination\">\n\n\n\n\n\n<\/div>\n\n<\/div>\n<\/div>\n","protected":false},"excerpt":{"rendered":"<p>Prozkoumejte kasina s loteri&iacute;: technologie, recenze a syst&eacute;my odm&#283;n A&#357; u&#382; chcete porovnat nejl&eacute;pe hodnocen&aacute; kasina s loteriemi, prozkoumat, jak funguj&iacute; jejich propaga&#269;n&iacute; odm&#283;nov&eacute; syst&eacute;my, nebo l&eacute;pe porozum&#283;t mechanism&#367;m jejich produkt&#367; &ndash; toto centrum shrnuje v&scaron;e na jednom m&iacute;st&#283;. Kasinov&eacute; automaty Sweepstakes funguj&iacute; trochu jinak ne&#382; tradi&#269;n&iacute; online kasinov&eacute; automaty, ale z&aacute;&#382;itek z nich m&#367;&#382;e &#8230; <\/p>\n<p class=\"read-more-container\"><a title=\"Kasina s losy\" class=\"read-more button\" href=\"https:\/\/dex.ag\/cs\/sweepstakes-casinos\/#more-118511\" aria-label=\"\u010c\u00edst v\u00edce o Kasina s losy\">Read more<\/a><\/p>\n","protected":false},"author":2,"featured_media":0,"parent":0,"menu_order":0,"comment_status":"closed","ping_status":"closed","template":"","meta":{"footnotes":""},"class_list":["post-118511","page","type-page","status-publish"],"_links":{"self":[{"href":"https:\/\/dex.ag\/cs\/wp-json\/wp\/v2\/pages\/118511","targetHints":{"allow":["GET"]}}],"collection":[{"href":"https:\/\/dex.ag\/cs\/wp-json\/wp\/v2\/pages"}],"about":[{"href":"https:\/\/dex.ag\/cs\/wp-json\/wp\/v2\/types\/page"}],"author":[{"embeddable":true,"href":"https:\/\/dex.ag\/cs\/wp-json\/wp\/v2\/users\/2"}],"replies":[{"embeddable":true,"href":"https:\/\/dex.ag\/cs\/wp-json\/wp\/v2\/comments?post=118511"}],"version-history":[{"count":4,"href":"https:\/\/dex.ag\/cs\/wp-json\/wp\/v2\/pages\/118511\/revisions"}],"predecessor-version":[{"id":119353,"href":"https:\/\/dex.ag\/cs\/wp-json\/wp\/v2\/pages\/118511\/revisions\/119353"}],"wp:attachment":[{"href":"https:\/\/dex.ag\/cs\/wp-json\/wp\/v2\/media?parent=118511"}],"curies":[{"name":"wp","href":"https:\/\/api.w.org\/{rel}","templated":true}]}}